{"id":19118,"date":"2026-02-14T15:28:08","date_gmt":"2026-02-14T14:28:08","guid":{"rendered":"https:\/\/www.iamslip.com\/?post_type=product&#038;p=19118"},"modified":"2026-02-14T18:31:26","modified_gmt":"2026-02-14T17:31:26","slug":"kawhi-leonard-james-harden","status":"publish","type":"product","link":"https:\/\/www.iamslip.com\/?product=kawhi-leonard-james-harden","title":{"rendered":"Kawhi Leonard &#038; James Harden"},"content":{"rendered":"<p>Les Clippers en 2025-26 : exp\u00e9rience, contr\u00f4le, et phases o\u00f9 tout ralentit pour toi.<br \/>\nKawhi &amp; Harden : deux ma\u00eetres du jeu \u00e0 leur fa\u00e7on.<\/p>\n<p>Kawhi : efficacit\u00e9 froide, d\u00e9fense \u00e9lite, et tirs \u201c\u00e7a rentre, point\u201d.<br \/>\nHarden : cr\u00e9ation, lecture, et passes qui ouvrent les autoroutes.<br \/>\nDuo de v\u00e9t\u00e9rans : ils punissent les erreurs, syst\u00e9matiquement.<\/p>\n<p>\ud83d\udd39 S\u00e9rie Iconic Duo 25-26 \u2013 Les duos de l&rsquo;ann\u00e9e 25-26<br \/>\n\ud83d\udd39 Format : 8,9 x 6,4 cm (style carte de collection)<br \/>\n\ud83d\udd39 Effet Shattered Glass<br \/>\n\ud83d\udd39 Exp\u00e9dition prot\u00e9g\u00e9e (sleeve &amp; toploader inclus)<\/p>\n<p>\ud83c\udfc0 Pour les collectionneurs NBA qui aiment les duos, les franchises et les cartes qui claquent.<\/p>\n","protected":false},"excerpt":{"rendered":"<p>Iconic Duo 25-26 \u2013 LA Clippers (Kawhi Leonard &amp; James Harden) \u2022 Effet Holo Shattered Glass<\/p>\n","protected":false},"featured_media":19229,"template":"","meta":{"_crdt_document":"","_uag_custom_page_level_css":"","_swt_meta_header_display":false,"_swt_meta_footer_display":false,"_swt_meta_site_title_display":false,"_swt_meta_sticky_header":false,"_swt_meta_transparent_header":false},"product_brand":[],"product_cat":[6117],"product_tag":[6151,6154,6120,6153,6152,5255,6121],"class_list":{"0":"post-19118","1":"product","2":"type-product","3":"status-publish","4":"has-post-thumbnail","6":"product_cat-iconic-duo-25-26","7":"product_tag-clippers","8":"product_tag-harden","9":"product_tag-iconicduo","10":"product_tag-kawhi","11":"product_tag-lac","12":"product_tag-nba","13":"product_tag-shatteredglass","14":"product_shipping_class-cartes","16":"first","17":"instock","18":"shipping-taxable","19":"purchasable","20":"product-type-simple"},"uagb_featured_image_src":{"full":["https:\/\/www.iamslip.com\/wp-content\/uploads\/2026\/02\/mockup_ID2526_clippers-1.jpg",736,924,false],"thumbnail":["https:\/\/www.iamslip.com\/wp-content\/uploads\/2026\/02\/mockup_ID2526_clippers-1-150x150.jpg",150,150,true],"medium":["https:\/\/www.iamslip.com\/wp-content\/uploads\/2026\/02\/mockup_ID2526_clippers-1-239x300.jpg",239,300,true],"medium_large":["https:\/\/www.iamslip.com\/wp-content\/uploads\/2026\/02\/mockup_ID2526_clippers-1.jpg",736,924,false],"large":["https:\/\/www.iamslip.com\/wp-content\/uploads\/2026\/02\/mockup_ID2526_clippers-1.jpg",736,924,false],"1536x1536":["https:\/\/www.iamslip.com\/wp-content\/uploads\/2026\/02\/mockup_ID2526_clippers-1.jpg",736,924,false],"2048x2048":["https:\/\/www.iamslip.com\/wp-content\/uploads\/2026\/02\/mockup_ID2526_clippers-1.jpg",736,924,false],"woocommerce_thumbnail":["https:\/\/www.iamslip.com\/wp-content\/uploads\/2026\/02\/mockup_ID2526_clippers-1-300x300.jpg",300,300,true],"woocommerce_single":["https:\/\/www.iamslip.com\/wp-content\/uploads\/2026\/02\/mockup_ID2526_clippers-1-600x753.jpg",600,753,true],"woocommerce_gallery_thumbnail":["https:\/\/www.iamslip.com\/wp-content\/uploads\/2026\/02\/mockup_ID2526_clippers-1-100x100.jpg",100,100,true]},"uagb_author_info":{"display_name":"slip","author_link":"https:\/\/www.iamslip.com\/?author=0"},"uagb_comment_info":0,"uagb_excerpt":"Iconic Duo 25-26 \u2013 LA Clippers (Kawhi Leonard &amp; James Harden) \u2022 Effet Holo Shattered Glass","_links":{"self":[{"href":"https:\/\/www.iamslip.com\/index.php?rest_route=\/wp\/v2\/product\/19118","targetHints":{"allow":["GET"]}}],"collection":[{"href":"https:\/\/www.iamslip.com\/index.php?rest_route=\/wp\/v2\/product"}],"about":[{"href":"https:\/\/www.iamslip.com\/index.php?rest_route=\/wp\/v2\/types\/product"}],"wp:featuredmedia":[{"embeddable":true,"href":"https:\/\/www.iamslip.com\/index.php?rest_route=\/wp\/v2\/media\/19229"}],"wp:attachment":[{"href":"https:\/\/www.iamslip.com\/index.php?rest_route=%2Fwp%2Fv2%2Fmedia&parent=19118"}],"wp:term":[{"taxonomy":"product_brand","embeddable":true,"href":"https:\/\/www.iamslip.com\/index.php?rest_route=%2Fwp%2Fv2%2Fproduct_brand&post=19118"},{"taxonomy":"product_cat","embeddable":true,"href":"https:\/\/www.iamslip.com\/index.php?rest_route=%2Fwp%2Fv2%2Fproduct_cat&post=19118"},{"taxonomy":"product_tag","embeddable":true,"href":"https:\/\/www.iamslip.com\/index.php?rest_route=%2Fwp%2Fv2%2Fproduct_tag&post=19118"}],"curies":[{"name":"wp","href":"https:\/\/api.w.org\/{rel}","templated":true}]}}