{"id":18978,"date":"2025-12-12T15:22:42","date_gmt":"2025-12-12T14:22:42","guid":{"rendered":"https:\/\/www.iamslip.com\/?post_type=product&#038;p=18978"},"modified":"2026-03-04T16:02:19","modified_gmt":"2026-03-04T15:02:19","slug":"carmelo-anthony-pixel-draft-class-25-26","status":"publish","type":"product","link":"https:\/\/www.iamslip.com\/?product=carmelo-anthony-pixel-draft-class-25-26","title":{"rendered":"Carmelo Anthony &#8211; Pixel Draft Class 25-26"},"content":{"rendered":"<h2 data-start=\"7601\" data-end=\"7633\">Carmelo Anthony &#8211; Pixel Draft Class 25-26<\/h2>\n<p data-start=\"143\" data-end=\"301\">Scoring instinctif, toucher soyeux, sang-froid permanent.<br data-start=\"200\" data-end=\"203\" \/>Carmelo Anthony a fait du tir en sortie de dribble une signature, du un-contre-un un art ma\u00eetris\u00e9.<\/p>\n<p data-start=\"303\" data-end=\"422\">Pas de pr\u00e9cipitation, pas de gestes inutiles.<br data-start=\"348\" data-end=\"351\" \/>Juste un jumper l\u00e9tal et une confiance tranquille, \u00e9poque apr\u00e8s \u00e9poque.<\/p>\n<p data-start=\"424\" data-end=\"495\">Une carte pour les amateurs de scoring pur, sans fioritures ni excuses.<\/p>\n<p data-start=\"497\" data-end=\"618\">\ud83d\udd39 Format : 8,9 \u00d7 6,4 cm<br data-start=\"521\" data-end=\"524\" \/>\ud83d\udd39 Impression haute qualit\u00e9 \u2013 sleeve &amp; toploader inclus<br data-start=\"579\" data-end=\"582\" \/>\u2728 Effet Holo Glitter<br data-start=\"602\" data-end=\"605\" \/>\ud83d\udcb0 Prix : 10\u20ac<\/p>\n<p>&nbsp;<\/p>\n","protected":false},"excerpt":{"rendered":"<p>Scoring instinctif, toucher soyeux, sang-froid permanent<\/p>\n","protected":false},"featured_media":18979,"template":"","meta":{"_crdt_document":"","_uag_custom_page_level_css":"","_swt_meta_header_display":false,"_swt_meta_footer_display":false,"_swt_meta_site_title_display":false,"_swt_meta_sticky_header":false,"_swt_meta_transparent_header":false},"product_brand":[],"product_cat":[5936],"product_tag":[5940,5238,5938,5265,5939,5255,5973,5974,5937],"class_list":{"0":"post-18978","1":"product","2":"type-product","3":"status-publish","4":"has-post-thumbnail","6":"product_cat-cartes-pixel-draft-class","7":"product_tag-16bits","8":"product_tag-carte","9":"product_tag-class","10":"product_tag-draft","11":"product_tag-jam","12":"product_tag-nba","13":"product_tag-nikola-jokic","14":"product_tag-nuggets","15":"product_tag-pixel","16":"product_shipping_class-cartes","18":"first","19":"instock","20":"shipping-taxable","21":"purchasable","22":"product-type-simple"},"uagb_featured_image_src":{"full":["https:\/\/www.iamslip.com\/wp-content\/uploads\/2025\/12\/mockup_carte_slab_pixel_carmelo.jpg",736,924,false],"thumbnail":["https:\/\/www.iamslip.com\/wp-content\/uploads\/2025\/12\/mockup_carte_slab_pixel_carmelo-150x150.jpg",150,150,true],"medium":["https:\/\/www.iamslip.com\/wp-content\/uploads\/2025\/12\/mockup_carte_slab_pixel_carmelo-239x300.jpg",239,300,true],"medium_large":["https:\/\/www.iamslip.com\/wp-content\/uploads\/2025\/12\/mockup_carte_slab_pixel_carmelo.jpg",736,924,false],"large":["https:\/\/www.iamslip.com\/wp-content\/uploads\/2025\/12\/mockup_carte_slab_pixel_carmelo.jpg",736,924,false],"1536x1536":["https:\/\/www.iamslip.com\/wp-content\/uploads\/2025\/12\/mockup_carte_slab_pixel_carmelo.jpg",736,924,false],"2048x2048":["https:\/\/www.iamslip.com\/wp-content\/uploads\/2025\/12\/mockup_carte_slab_pixel_carmelo.jpg",736,924,false],"woocommerce_thumbnail":["https:\/\/www.iamslip.com\/wp-content\/uploads\/2025\/12\/mockup_carte_slab_pixel_carmelo-300x300.jpg",300,300,true],"woocommerce_single":["https:\/\/www.iamslip.com\/wp-content\/uploads\/2025\/12\/mockup_carte_slab_pixel_carmelo-600x753.jpg",600,753,true],"woocommerce_gallery_thumbnail":["https:\/\/www.iamslip.com\/wp-content\/uploads\/2025\/12\/mockup_carte_slab_pixel_carmelo-100x100.jpg",100,100,true]},"uagb_author_info":{"display_name":"slip","author_link":"https:\/\/www.iamslip.com\/?author=0"},"uagb_comment_info":0,"uagb_excerpt":"Scoring instinctif, toucher soyeux, sang-froid permanent","_links":{"self":[{"href":"https:\/\/www.iamslip.com\/index.php?rest_route=\/wp\/v2\/product\/18978","targetHints":{"allow":["GET"]}}],"collection":[{"href":"https:\/\/www.iamslip.com\/index.php?rest_route=\/wp\/v2\/product"}],"about":[{"href":"https:\/\/www.iamslip.com\/index.php?rest_route=\/wp\/v2\/types\/product"}],"wp:featuredmedia":[{"embeddable":true,"href":"https:\/\/www.iamslip.com\/index.php?rest_route=\/wp\/v2\/media\/18979"}],"wp:attachment":[{"href":"https:\/\/www.iamslip.com\/index.php?rest_route=%2Fwp%2Fv2%2Fmedia&parent=18978"}],"wp:term":[{"taxonomy":"product_brand","embeddable":true,"href":"https:\/\/www.iamslip.com\/index.php?rest_route=%2Fwp%2Fv2%2Fproduct_brand&post=18978"},{"taxonomy":"product_cat","embeddable":true,"href":"https:\/\/www.iamslip.com\/index.php?rest_route=%2Fwp%2Fv2%2Fproduct_cat&post=18978"},{"taxonomy":"product_tag","embeddable":true,"href":"https:\/\/www.iamslip.com\/index.php?rest_route=%2Fwp%2Fv2%2Fproduct_tag&post=18978"}],"curies":[{"name":"wp","href":"https:\/\/api.w.org\/{rel}","templated":true}]}}