{"id":18976,"date":"2025-12-12T15:19:44","date_gmt":"2025-12-12T14:19:44","guid":{"rendered":"https:\/\/www.iamslip.com\/?post_type=product&#038;p=18976"},"modified":"2025-12-19T15:18:07","modified_gmt":"2025-12-19T14:18:07","slug":"maxime-raynaud-pixel-draft-class-25-26","status":"publish","type":"product","link":"https:\/\/www.iamslip.com\/?product=maxime-raynaud-pixel-draft-class-25-26","title":{"rendered":"Maxime Raynaud &#8211; Pixel Draft Class 25-26"},"content":{"rendered":"<h2 data-start=\"9301\" data-end=\"9333\">Maxime Raynaud &#8211; Pixel Draft Class 25-26<\/h2>\n<p data-start=\"174\" data-end=\"336\">Grand gabarit, mobilit\u00e9 moderne, intelligence de jeu.<br data-start=\"227\" data-end=\"230\" \/>Maxime Raynaud incarne la nouvelle g\u00e9n\u00e9ration de pivots : capable d\u2019occuper la raquette sans s\u2019y enfermer.<\/p>\n<p data-start=\"338\" data-end=\"486\">Lecture du jeu propre, d\u00e9placements fluides, efficacit\u00e9 sans bruit.<br data-start=\"405\" data-end=\"408\" \/>Un joueur qui progresse \u00e0 l\u2019abri du vacarme, mais avec une trajectoire solide.<\/p>\n<p data-start=\"488\" data-end=\"560\">Une carte d\u00e9di\u00e9e aux talents qui construisent leur impact dans la dur\u00e9e.<\/p>\n<p data-start=\"562\" data-end=\"683\">\ud83d\udd39 Format : 8,9 \u00d7 6,4 cm<br data-start=\"586\" data-end=\"589\" \/>\ud83d\udd39 Impression haute qualit\u00e9 \u2013 sleeve &amp; toploader inclus<br data-start=\"644\" data-end=\"647\" \/>\u2728 Effet Holo Glitter<br data-start=\"667\" data-end=\"670\" \/>\ud83d\udcb0 Prix : 10\u20ac<\/p>\n<p>&nbsp;<\/p>\n<p>&nbsp;<\/p>\n","protected":false},"excerpt":{"rendered":"<p>Edgcombe version 76ers pixel.<\/p>\n","protected":false},"featured_media":18977,"template":"","meta":{"_crdt_document":"","_uag_custom_page_level_css":"","_swt_meta_header_display":false,"_swt_meta_footer_display":false,"_swt_meta_site_title_display":false,"_swt_meta_sticky_header":false,"_swt_meta_transparent_header":false},"product_brand":[],"product_cat":[5936],"product_tag":[5940,5114,5238,5938,5265,5939,5255,5937,5985],"class_list":{"0":"post-18976","1":"product","2":"type-product","3":"status-publish","4":"has-post-thumbnail","6":"product_cat-cartes-pixel-draft-class","7":"product_tag-16bits","8":"product_tag-76ers","9":"product_tag-carte","10":"product_tag-class","11":"product_tag-draft","12":"product_tag-jam","13":"product_tag-nba","14":"product_tag-pixel","15":"product_tag-vj-edgcombe","16":"product_shipping_class-cartes","18":"first","19":"outofstock","20":"shipping-taxable","21":"purchasable","22":"product-type-simple"},"uagb_featured_image_src":{"full":["https:\/\/www.iamslip.com\/wp-content\/uploads\/2025\/12\/mockup_carte_slab_pixel_maximeraynaud.jpg",736,924,false],"thumbnail":["https:\/\/www.iamslip.com\/wp-content\/uploads\/2025\/12\/mockup_carte_slab_pixel_maximeraynaud-150x150.jpg",150,150,true],"medium":["https:\/\/www.iamslip.com\/wp-content\/uploads\/2025\/12\/mockup_carte_slab_pixel_maximeraynaud-239x300.jpg",239,300,true],"medium_large":["https:\/\/www.iamslip.com\/wp-content\/uploads\/2025\/12\/mockup_carte_slab_pixel_maximeraynaud.jpg",736,924,false],"large":["https:\/\/www.iamslip.com\/wp-content\/uploads\/2025\/12\/mockup_carte_slab_pixel_maximeraynaud.jpg",736,924,false],"1536x1536":["https:\/\/www.iamslip.com\/wp-content\/uploads\/2025\/12\/mockup_carte_slab_pixel_maximeraynaud.jpg",736,924,false],"2048x2048":["https:\/\/www.iamslip.com\/wp-content\/uploads\/2025\/12\/mockup_carte_slab_pixel_maximeraynaud.jpg",736,924,false],"woocommerce_thumbnail":["https:\/\/www.iamslip.com\/wp-content\/uploads\/2025\/12\/mockup_carte_slab_pixel_maximeraynaud-300x300.jpg",300,300,true],"woocommerce_single":["https:\/\/www.iamslip.com\/wp-content\/uploads\/2025\/12\/mockup_carte_slab_pixel_maximeraynaud-600x753.jpg",600,753,true],"woocommerce_gallery_thumbnail":["https:\/\/www.iamslip.com\/wp-content\/uploads\/2025\/12\/mockup_carte_slab_pixel_maximeraynaud-100x100.jpg",100,100,true]},"uagb_author_info":{"display_name":"slip","author_link":"https:\/\/www.iamslip.com\/?author=0"},"uagb_comment_info":0,"uagb_excerpt":"Edgcombe version 76ers pixel.","_links":{"self":[{"href":"https:\/\/www.iamslip.com\/index.php?rest_route=\/wp\/v2\/product\/18976","targetHints":{"allow":["GET"]}}],"collection":[{"href":"https:\/\/www.iamslip.com\/index.php?rest_route=\/wp\/v2\/product"}],"about":[{"href":"https:\/\/www.iamslip.com\/index.php?rest_route=\/wp\/v2\/types\/product"}],"wp:featuredmedia":[{"embeddable":true,"href":"https:\/\/www.iamslip.com\/index.php?rest_route=\/wp\/v2\/media\/18977"}],"wp:attachment":[{"href":"https:\/\/www.iamslip.com\/index.php?rest_route=%2Fwp%2Fv2%2Fmedia&parent=18976"}],"wp:term":[{"taxonomy":"product_brand","embeddable":true,"href":"https:\/\/www.iamslip.com\/index.php?rest_route=%2Fwp%2Fv2%2Fproduct_brand&post=18976"},{"taxonomy":"product_cat","embeddable":true,"href":"https:\/\/www.iamslip.com\/index.php?rest_route=%2Fwp%2Fv2%2Fproduct_cat&post=18976"},{"taxonomy":"product_tag","embeddable":true,"href":"https:\/\/www.iamslip.com\/index.php?rest_route=%2Fwp%2Fv2%2Fproduct_tag&post=18976"}],"curies":[{"name":"wp","href":"https:\/\/api.w.org\/{rel}","templated":true}]}}