{"id":18882,"date":"2025-11-15T09:44:42","date_gmt":"2025-11-15T08:44:42","guid":{"rendered":"https:\/\/www.iamslip.com\/?post_type=product&#038;p=18882"},"modified":"2025-12-30T13:36:53","modified_gmt":"2025-12-30T12:36:53","slug":"victor-wembanyama-pixel-draft-class-25-26","status":"publish","type":"product","link":"https:\/\/www.iamslip.com\/?product=victor-wembanyama-pixel-draft-class-25-26","title":{"rendered":"Victor Wembanyama &#8211; Pixel Draft Class 25-26"},"content":{"rendered":"<h2 data-start=\"9522\" data-end=\"9559\">Victor Wembanyama &#8211; Pixel Draft Class 25-26<\/h2>\n<p data-start=\"9560\" data-end=\"9695\">Une anomalie physique programm\u00e9e pour dominer une g\u00e9n\u00e9ration enti\u00e8re.<br data-start=\"9629\" data-end=\"9632\" \/>Wemby, c\u2019est l\u2019avenir du basket sous forme de glitch positif.<\/p>\n<p data-start=\"9697\" data-end=\"9758\">SLip immortalise le prodige fran\u00e7ais dans une aura futuriste.<\/p>\n<p>\ud83d\udd39 Format : 8,9 x 6,4 cm<br \/>\n\ud83d\udd39 Impression haute qualit\u00e9 \u2013 sleeve &amp; toploader inclus<br \/>\n\u2728 Effet Holo Glitter<br \/>\n\ud83d\udcb0 Prix : 10\u20ac<\/p>\n","protected":false},"excerpt":{"rendered":"<p>Wemby en version h\u00e9ro 16bits.<\/p>\n","protected":false},"featured_media":18899,"template":"","meta":{"_crdt_document":"","_uag_custom_page_level_css":"","_swt_meta_header_display":false,"_swt_meta_footer_display":false,"_swt_meta_site_title_display":false,"_swt_meta_sticky_header":false,"_swt_meta_transparent_header":false},"product_brand":[],"product_cat":[5936],"product_tag":[5940,5238,5938,5265,5939,5255,5937,5127,5986],"class_list":{"0":"post-18882","1":"product","2":"type-product","3":"status-publish","4":"has-post-thumbnail","6":"product_cat-cartes-pixel-draft-class","7":"product_tag-16bits","8":"product_tag-carte","9":"product_tag-class","10":"product_tag-draft","11":"product_tag-jam","12":"product_tag-nba","13":"product_tag-pixel","14":"product_tag-spurs","15":"product_tag-victor-wembanyama","16":"product_shipping_class-cartes","18":"first","19":"instock","20":"shipping-taxable","21":"purchasable","22":"product-type-simple"},"uagb_featured_image_src":{"full":["https:\/\/www.iamslip.com\/wp-content\/uploads\/2025\/11\/mockup_carte_slab_pixel_wemby.jpg",736,924,false],"thumbnail":["https:\/\/www.iamslip.com\/wp-content\/uploads\/2025\/11\/mockup_carte_slab_pixel_wemby-150x150.jpg",150,150,true],"medium":["https:\/\/www.iamslip.com\/wp-content\/uploads\/2025\/11\/mockup_carte_slab_pixel_wemby-239x300.jpg",239,300,true],"medium_large":["https:\/\/www.iamslip.com\/wp-content\/uploads\/2025\/11\/mockup_carte_slab_pixel_wemby.jpg",736,924,false],"large":["https:\/\/www.iamslip.com\/wp-content\/uploads\/2025\/11\/mockup_carte_slab_pixel_wemby.jpg",736,924,false],"1536x1536":["https:\/\/www.iamslip.com\/wp-content\/uploads\/2025\/11\/mockup_carte_slab_pixel_wemby.jpg",736,924,false],"2048x2048":["https:\/\/www.iamslip.com\/wp-content\/uploads\/2025\/11\/mockup_carte_slab_pixel_wemby.jpg",736,924,false],"woocommerce_thumbnail":["https:\/\/www.iamslip.com\/wp-content\/uploads\/2025\/11\/mockup_carte_slab_pixel_wemby-300x300.jpg",300,300,true],"woocommerce_single":["https:\/\/www.iamslip.com\/wp-content\/uploads\/2025\/11\/mockup_carte_slab_pixel_wemby-600x753.jpg",600,753,true],"woocommerce_gallery_thumbnail":["https:\/\/www.iamslip.com\/wp-content\/uploads\/2025\/11\/mockup_carte_slab_pixel_wemby-100x100.jpg",100,100,true]},"uagb_author_info":{"display_name":"slip","author_link":"https:\/\/www.iamslip.com\/?author=0"},"uagb_comment_info":0,"uagb_excerpt":"Wemby en version h\u00e9ro 16bits.","_links":{"self":[{"href":"https:\/\/www.iamslip.com\/index.php?rest_route=\/wp\/v2\/product\/18882","targetHints":{"allow":["GET"]}}],"collection":[{"href":"https:\/\/www.iamslip.com\/index.php?rest_route=\/wp\/v2\/product"}],"about":[{"href":"https:\/\/www.iamslip.com\/index.php?rest_route=\/wp\/v2\/types\/product"}],"wp:featuredmedia":[{"embeddable":true,"href":"https:\/\/www.iamslip.com\/index.php?rest_route=\/wp\/v2\/media\/18899"}],"wp:attachment":[{"href":"https:\/\/www.iamslip.com\/index.php?rest_route=%2Fwp%2Fv2%2Fmedia&parent=18882"}],"wp:term":[{"taxonomy":"product_brand","embeddable":true,"href":"https:\/\/www.iamslip.com\/index.php?rest_route=%2Fwp%2Fv2%2Fproduct_brand&post=18882"},{"taxonomy":"product_cat","embeddable":true,"href":"https:\/\/www.iamslip.com\/index.php?rest_route=%2Fwp%2Fv2%2Fproduct_cat&post=18882"},{"taxonomy":"product_tag","embeddable":true,"href":"https:\/\/www.iamslip.com\/index.php?rest_route=%2Fwp%2Fv2%2Fproduct_tag&post=18882"}],"curies":[{"name":"wp","href":"https:\/\/api.w.org\/{rel}","templated":true}]}}