{"id":18855,"date":"2025-11-15T09:44:32","date_gmt":"2025-11-15T08:44:32","guid":{"rendered":"https:\/\/www.iamslip.com\/?post_type=product&#038;p=18855"},"modified":"2025-12-19T15:18:07","modified_gmt":"2025-12-19T14:18:07","slug":"bilal-coulibaly-pixel-draft-class-25-26","status":"publish","type":"product","link":"https:\/\/www.iamslip.com\/?product=bilal-coulibaly-pixel-draft-class-25-26","title":{"rendered":"Bilal Coulibaly &#8211; Pixel Draft Class 25-26"},"content":{"rendered":"<h2 data-start=\"2792\" data-end=\"2827\">Bilal Coulibaly &#8211; Pixel Draft Class 25-26<\/h2>\n<p data-start=\"2828\" data-end=\"2986\">Bilal, c\u2019est la d\u00e9fense au kilom\u00e8tre, les bras \u00e9lastiques et la promesse d\u2019un futur verrou sur la NBA.<br data-start=\"2930\" data-end=\"2933\" \/>Une mont\u00e9e en puissance silencieuse mais mena\u00e7ante.<\/p>\n<p data-start=\"2988\" data-end=\"3045\">SLip signe une esth\u00e9tique sobre et l\u00e9tale, comme son jeu.<\/p>\n<p>\ud83d\udd39 Format : 8,9 x 6,4 cm<br \/>\n\ud83d\udd39 Impression haute qualit\u00e9 \u2013 sleeve &amp; toploader inclus<br \/>\n\u2728 Effet Holo Glitter<br \/>\n\ud83d\udcb0 Prix : 10\u20ac<\/p>\n","protected":false},"excerpt":{"rendered":"<p>Bilal en version arcade r\u00e9tro.<\/p>\n","protected":false},"featured_media":18888,"template":"","meta":{"_crdt_document":"","_uag_custom_page_level_css":"","_swt_meta_header_display":false,"_swt_meta_footer_display":false,"_swt_meta_site_title_display":false,"_swt_meta_sticky_header":false,"_swt_meta_transparent_header":false},"product_brand":[],"product_cat":[5936],"product_tag":[5940,5950,5238,5938,5265,5939,5255,5937,5951],"class_list":{"0":"post-18855","1":"product","2":"type-product","3":"status-publish","4":"has-post-thumbnail","6":"product_cat-cartes-pixel-draft-class","7":"product_tag-16bits","8":"product_tag-bilal-coulibaly","9":"product_tag-carte","10":"product_tag-class","11":"product_tag-draft","12":"product_tag-jam","13":"product_tag-nba","14":"product_tag-pixel","15":"product_tag-wizards","16":"product_shipping_class-cartes","18":"first","19":"instock","20":"shipping-taxable","21":"purchasable","22":"product-type-simple"},"uagb_featured_image_src":{"full":["https:\/\/www.iamslip.com\/wp-content\/uploads\/2025\/11\/mockup_carte_slab_pixel_bilal.jpg",736,924,false],"thumbnail":["https:\/\/www.iamslip.com\/wp-content\/uploads\/2025\/11\/mockup_carte_slab_pixel_bilal-150x150.jpg",150,150,true],"medium":["https:\/\/www.iamslip.com\/wp-content\/uploads\/2025\/11\/mockup_carte_slab_pixel_bilal-239x300.jpg",239,300,true],"medium_large":["https:\/\/www.iamslip.com\/wp-content\/uploads\/2025\/11\/mockup_carte_slab_pixel_bilal.jpg",736,924,false],"large":["https:\/\/www.iamslip.com\/wp-content\/uploads\/2025\/11\/mockup_carte_slab_pixel_bilal.jpg",736,924,false],"1536x1536":["https:\/\/www.iamslip.com\/wp-content\/uploads\/2025\/11\/mockup_carte_slab_pixel_bilal.jpg",736,924,false],"2048x2048":["https:\/\/www.iamslip.com\/wp-content\/uploads\/2025\/11\/mockup_carte_slab_pixel_bilal.jpg",736,924,false],"woocommerce_thumbnail":["https:\/\/www.iamslip.com\/wp-content\/uploads\/2025\/11\/mockup_carte_slab_pixel_bilal-300x300.jpg",300,300,true],"woocommerce_single":["https:\/\/www.iamslip.com\/wp-content\/uploads\/2025\/11\/mockup_carte_slab_pixel_bilal-600x753.jpg",600,753,true],"woocommerce_gallery_thumbnail":["https:\/\/www.iamslip.com\/wp-content\/uploads\/2025\/11\/mockup_carte_slab_pixel_bilal-100x100.jpg",100,100,true]},"uagb_author_info":{"display_name":"slip","author_link":"https:\/\/www.iamslip.com\/?author=0"},"uagb_comment_info":0,"uagb_excerpt":"Bilal en version arcade r\u00e9tro.","_links":{"self":[{"href":"https:\/\/www.iamslip.com\/index.php?rest_route=\/wp\/v2\/product\/18855","targetHints":{"allow":["GET"]}}],"collection":[{"href":"https:\/\/www.iamslip.com\/index.php?rest_route=\/wp\/v2\/product"}],"about":[{"href":"https:\/\/www.iamslip.com\/index.php?rest_route=\/wp\/v2\/types\/product"}],"wp:featuredmedia":[{"embeddable":true,"href":"https:\/\/www.iamslip.com\/index.php?rest_route=\/wp\/v2\/media\/18888"}],"wp:attachment":[{"href":"https:\/\/www.iamslip.com\/index.php?rest_route=%2Fwp%2Fv2%2Fmedia&parent=18855"}],"wp:term":[{"taxonomy":"product_brand","embeddable":true,"href":"https:\/\/www.iamslip.com\/index.php?rest_route=%2Fwp%2Fv2%2Fproduct_brand&post=18855"},{"taxonomy":"product_cat","embeddable":true,"href":"https:\/\/www.iamslip.com\/index.php?rest_route=%2Fwp%2Fv2%2Fproduct_cat&post=18855"},{"taxonomy":"product_tag","embeddable":true,"href":"https:\/\/www.iamslip.com\/index.php?rest_route=%2Fwp%2Fv2%2Fproduct_tag&post=18855"}],"curies":[{"name":"wp","href":"https:\/\/api.w.org\/{rel}","templated":true}]}}