{"id":18850,"date":"2025-11-15T09:44:31","date_gmt":"2025-11-15T08:44:31","guid":{"rendered":"https:\/\/www.iamslip.com\/?post_type=product&#038;p=18850"},"modified":"2025-12-27T13:55:22","modified_gmt":"2025-12-27T12:55:22","slug":"allen-iverson-pixel-draft-class-25-26","status":"publish","type":"product","link":"https:\/\/www.iamslip.com\/?product=allen-iverson-pixel-draft-class-25-26","title":{"rendered":"Allen Iverson &#8211; Pixel Draft Class 25-26"},"content":{"rendered":"<h2 data-start=\"776\" data-end=\"809\">Allen Iverson &#8211; Pixel Draft Class 25-26<\/h2>\n<p data-start=\"810\" data-end=\"996\">On ne parle pas d\u2019un joueur. On parle d\u2019un s\u00e9isme culturel.<br data-start=\"869\" data-end=\"872\" \/>Iverson, c\u2019est le crossover qui humilie les d\u00e9fenses et le swagger qui r\u00e9veillait toute la ligue. Un po\u00e8me tatou\u00e9 en 1m83.<\/p>\n<p data-start=\"998\" data-end=\"1125\">SLip immortalise l\u2019ic\u00f4ne absolue du \u00ab je fais ce que je veux \u00bb dans une composition coup de poing : brutale, libre, \u00e9lectrique.<\/p>\n<p>\ud83d\udd39 Format : 8,9 x 6,4 cm<br \/>\n\ud83d\udd39 Impression haute qualit\u00e9 \u2013 sleeve &amp; toploader inclus<br \/>\n\u2728 Effet Holo Glitter<br \/>\n\ud83d\udcb0 Prix : 10\u20ac<\/p>\n","protected":false},"excerpt":{"rendered":"<p>Allen Iverson version 16bits \u2013 une l\u00e9gende revisit\u00e9e.<\/p>\n","protected":false},"featured_media":18894,"template":"","meta":{"_crdt_document":"","_uag_custom_page_level_css":"","_swt_meta_header_display":false,"_swt_meta_footer_display":false,"_swt_meta_site_title_display":false,"_swt_meta_sticky_header":false,"_swt_meta_transparent_header":false},"product_brand":[],"product_cat":[5936],"product_tag":[5940,5114,5943,5238,5938,5265,5939,5255,5937],"class_list":{"0":"post-18850","1":"product","2":"type-product","3":"status-publish","4":"has-post-thumbnail","6":"product_cat-cartes-pixel-draft-class","7":"product_tag-16bits","8":"product_tag-76ers","9":"product_tag-allen-iverson","10":"product_tag-carte","11":"product_tag-class","12":"product_tag-draft","13":"product_tag-jam","14":"product_tag-nba","15":"product_tag-pixel","16":"product_shipping_class-cartes","18":"first","19":"instock","20":"shipping-taxable","21":"purchasable","22":"product-type-simple"},"uagb_featured_image_src":{"full":["https:\/\/www.iamslip.com\/wp-content\/uploads\/2025\/11\/mockup_carte_slab_pixel_iverson.jpg",736,924,false],"thumbnail":["https:\/\/www.iamslip.com\/wp-content\/uploads\/2025\/11\/mockup_carte_slab_pixel_iverson-150x150.jpg",150,150,true],"medium":["https:\/\/www.iamslip.com\/wp-content\/uploads\/2025\/11\/mockup_carte_slab_pixel_iverson-239x300.jpg",239,300,true],"medium_large":["https:\/\/www.iamslip.com\/wp-content\/uploads\/2025\/11\/mockup_carte_slab_pixel_iverson.jpg",736,924,false],"large":["https:\/\/www.iamslip.com\/wp-content\/uploads\/2025\/11\/mockup_carte_slab_pixel_iverson.jpg",736,924,false],"1536x1536":["https:\/\/www.iamslip.com\/wp-content\/uploads\/2025\/11\/mockup_carte_slab_pixel_iverson.jpg",736,924,false],"2048x2048":["https:\/\/www.iamslip.com\/wp-content\/uploads\/2025\/11\/mockup_carte_slab_pixel_iverson.jpg",736,924,false],"woocommerce_thumbnail":["https:\/\/www.iamslip.com\/wp-content\/uploads\/2025\/11\/mockup_carte_slab_pixel_iverson-300x300.jpg",300,300,true],"woocommerce_single":["https:\/\/www.iamslip.com\/wp-content\/uploads\/2025\/11\/mockup_carte_slab_pixel_iverson-600x753.jpg",600,753,true],"woocommerce_gallery_thumbnail":["https:\/\/www.iamslip.com\/wp-content\/uploads\/2025\/11\/mockup_carte_slab_pixel_iverson-100x100.jpg",100,100,true]},"uagb_author_info":{"display_name":"slip","author_link":"https:\/\/www.iamslip.com\/?author=0"},"uagb_comment_info":0,"uagb_excerpt":"Allen Iverson version 16bits \u2013 une l\u00e9gende revisit\u00e9e.","_links":{"self":[{"href":"https:\/\/www.iamslip.com\/index.php?rest_route=\/wp\/v2\/product\/18850","targetHints":{"allow":["GET"]}}],"collection":[{"href":"https:\/\/www.iamslip.com\/index.php?rest_route=\/wp\/v2\/product"}],"about":[{"href":"https:\/\/www.iamslip.com\/index.php?rest_route=\/wp\/v2\/types\/product"}],"wp:featuredmedia":[{"embeddable":true,"href":"https:\/\/www.iamslip.com\/index.php?rest_route=\/wp\/v2\/media\/18894"}],"wp:attachment":[{"href":"https:\/\/www.iamslip.com\/index.php?rest_route=%2Fwp%2Fv2%2Fmedia&parent=18850"}],"wp:term":[{"taxonomy":"product_brand","embeddable":true,"href":"https:\/\/www.iamslip.com\/index.php?rest_route=%2Fwp%2Fv2%2Fproduct_brand&post=18850"},{"taxonomy":"product_cat","embeddable":true,"href":"https:\/\/www.iamslip.com\/index.php?rest_route=%2Fwp%2Fv2%2Fproduct_cat&post=18850"},{"taxonomy":"product_tag","embeddable":true,"href":"https:\/\/www.iamslip.com\/index.php?rest_route=%2Fwp%2Fv2%2Fproduct_tag&post=18850"}],"curies":[{"name":"wp","href":"https:\/\/api.w.org\/{rel}","templated":true}]}}