{"id":18849,"date":"2025-11-15T09:44:31","date_gmt":"2025-11-15T08:44:31","guid":{"rendered":"https:\/\/www.iamslip.com\/?post_type=product&#038;p=18849"},"modified":"2025-12-13T21:28:51","modified_gmt":"2025-12-13T20:28:51","slug":"ace-bailey-pixel-draft-class-25-26","status":"publish","type":"product","link":"https:\/\/www.iamslip.com\/?product=ace-bailey-pixel-draft-class-25-26","title":{"rendered":"Ace Bailey &#8211; Pixel Draft Class 25-26"},"content":{"rendered":"<h2 data-start=\"292\" data-end=\"557\">Ace Bailey &#8211; Pixel Draft Class 25-26<\/h2>\n<p data-start=\"292\" data-end=\"557\">Ace Bailey, c\u2019est le prototype du futur ailier NBA : long, fluide, insolent, et convaincu que la gravit\u00e9 n\u2019est qu\u2019une suggestion. Il joue comme s\u2019il entrait en sc\u00e8ne avec une bande-son \u00e9pique \u2014 et bien s\u00fbr, il se croit le h\u00e9ros. Spoiler : il n\u2019a peut-\u00eatre pas tort.<\/p>\n<p data-start=\"675\" data-end=\"769\"><br data-start=\"698\" data-end=\"701\" \/>\ud83d\udd39 Format 8,9 x 6,4 cm \u2014 impression premium<br data-start=\"744\" data-end=\"747\" \/>\ud83d\udd39 Exp\u00e9dition prot\u00e9g\u00e9e<br \/>\n\u2728 Effet Holo Glitter<br \/>\n\ud83d\udcb0 Prix : 10\u20ac<\/p>\n<p>&nbsp;<\/p>\n","protected":false},"excerpt":{"rendered":"<p>Carte Pixel Art 16bits de Ace Bailey en version collector.<\/p>\n","protected":false},"featured_media":18922,"template":"","meta":{"_crdt_document":"","_uag_custom_page_level_css":"","_swt_meta_header_display":false,"_swt_meta_footer_display":false,"_swt_meta_site_title_display":false,"_swt_meta_sticky_header":false,"_swt_meta_transparent_header":false},"product_brand":[],"product_cat":[5936],"product_tag":[5940,5941,5238,5938,5265,5939,5255,5937,5942],"class_list":{"0":"post-18849","1":"product","2":"type-product","3":"status-publish","4":"has-post-thumbnail","6":"product_cat-cartes-pixel-draft-class","7":"product_tag-16bits","8":"product_tag-ace-bailey","9":"product_tag-carte","10":"product_tag-class","11":"product_tag-draft","12":"product_tag-jam","13":"product_tag-nba","14":"product_tag-pixel","15":"product_tag-utah-jazz","16":"product_shipping_class-cartes","18":"first","19":"instock","20":"shipping-taxable","21":"purchasable","22":"product-type-simple"},"uagb_featured_image_src":{"full":["https:\/\/www.iamslip.com\/wp-content\/uploads\/2025\/11\/mockup_carte_slab_pixel_acebailey.jpg",736,924,false],"thumbnail":["https:\/\/www.iamslip.com\/wp-content\/uploads\/2025\/11\/mockup_carte_slab_pixel_acebailey-150x150.jpg",150,150,true],"medium":["https:\/\/www.iamslip.com\/wp-content\/uploads\/2025\/11\/mockup_carte_slab_pixel_acebailey-239x300.jpg",239,300,true],"medium_large":["https:\/\/www.iamslip.com\/wp-content\/uploads\/2025\/11\/mockup_carte_slab_pixel_acebailey.jpg",736,924,false],"large":["https:\/\/www.iamslip.com\/wp-content\/uploads\/2025\/11\/mockup_carte_slab_pixel_acebailey.jpg",736,924,false],"1536x1536":["https:\/\/www.iamslip.com\/wp-content\/uploads\/2025\/11\/mockup_carte_slab_pixel_acebailey.jpg",736,924,false],"2048x2048":["https:\/\/www.iamslip.com\/wp-content\/uploads\/2025\/11\/mockup_carte_slab_pixel_acebailey.jpg",736,924,false],"woocommerce_thumbnail":["https:\/\/www.iamslip.com\/wp-content\/uploads\/2025\/11\/mockup_carte_slab_pixel_acebailey-300x300.jpg",300,300,true],"woocommerce_single":["https:\/\/www.iamslip.com\/wp-content\/uploads\/2025\/11\/mockup_carte_slab_pixel_acebailey-600x753.jpg",600,753,true],"woocommerce_gallery_thumbnail":["https:\/\/www.iamslip.com\/wp-content\/uploads\/2025\/11\/mockup_carte_slab_pixel_acebailey-100x100.jpg",100,100,true]},"uagb_author_info":{"display_name":"slip","author_link":"https:\/\/www.iamslip.com\/?author=0"},"uagb_comment_info":0,"uagb_excerpt":"Carte Pixel Art 16bits de Ace Bailey en version collector.","_links":{"self":[{"href":"https:\/\/www.iamslip.com\/index.php?rest_route=\/wp\/v2\/product\/18849","targetHints":{"allow":["GET"]}}],"collection":[{"href":"https:\/\/www.iamslip.com\/index.php?rest_route=\/wp\/v2\/product"}],"about":[{"href":"https:\/\/www.iamslip.com\/index.php?rest_route=\/wp\/v2\/types\/product"}],"wp:featuredmedia":[{"embeddable":true,"href":"https:\/\/www.iamslip.com\/index.php?rest_route=\/wp\/v2\/media\/18922"}],"wp:attachment":[{"href":"https:\/\/www.iamslip.com\/index.php?rest_route=%2Fwp%2Fv2%2Fmedia&parent=18849"}],"wp:term":[{"taxonomy":"product_brand","embeddable":true,"href":"https:\/\/www.iamslip.com\/index.php?rest_route=%2Fwp%2Fv2%2Fproduct_brand&post=18849"},{"taxonomy":"product_cat","embeddable":true,"href":"https:\/\/www.iamslip.com\/index.php?rest_route=%2Fwp%2Fv2%2Fproduct_cat&post=18849"},{"taxonomy":"product_tag","embeddable":true,"href":"https:\/\/www.iamslip.com\/index.php?rest_route=%2Fwp%2Fv2%2Fproduct_tag&post=18849"}],"curies":[{"name":"wp","href":"https:\/\/api.w.org\/{rel}","templated":true}]}}