{"id":18770,"date":"2025-10-17T11:29:59","date_gmt":"2025-10-17T09:29:59","guid":{"rendered":"https:\/\/www.iamslip.com\/?post_type=product&#038;p=18770"},"modified":"2025-11-15T09:23:15","modified_gmt":"2025-11-15T08:23:15","slug":"fanzine-xerox-dreams-1","status":"publish","type":"product","link":"https:\/\/www.iamslip.com\/?product=fanzine-xerox-dreams-1","title":{"rendered":"Fanzine Xerox Dreams #1"},"content":{"rendered":"<h1 data-start=\"268\" data-end=\"318\"><strong data-start=\"270\" data-end=\"316\">Fanzine Xerox Dreams # 1<\/strong><\/h1>\n<h2 data-start=\"268\" data-end=\"318\"><strong data-start=\"270\" data-end=\"316\">\u00ab\u00a0404 Human Not Found\u00a0\u00bb<\/strong><\/h2>\n<p data-start=\"277\" data-end=\"636\">Plongez dans l\u2019\u00e8re des connexions instables et des humains en version b\u00eata.<br data-start=\"352\" data-end=\"355\" \/>Ce vrai premier num\u00e9ro de <strong data-start=\"376\" data-end=\"392\">Xerox Dreams<\/strong> explore notre dr\u00f4le de rapport \u00e0 la technologie : entre fascination, d\u00e9pendance et surveillance molle. Smartphones greff\u00e9s, algorithmes omnipr\u00e9sents et moments de bug bien r\u00e9els\u2026 Ici, les machines ne prennent pas le pouvoir \u2014 elles l\u2019ont d\u00e9j\u00e0.<\/p>\n<p data-start=\"638\" data-end=\"790\">Un fanzine au format <strong data-start=\"659\" data-end=\"665\">A5<\/strong> de <strong data-start=\"669\" data-end=\"680\">8 pages<\/strong>, \u00e0 feuilleter ou t\u00e9l\u00e9charger, dans la plus pure tradition <strong data-start=\"739\" data-end=\"764\">DIY \/ punk photocopie<\/strong>, remix\u00e9e \u00e0 la sauce SLip.<\/p>\n<p data-start=\"792\" data-end=\"1020\">\ud83d\udcbe <em data-start=\"795\" data-end=\"859\">Th\u00e8me : Technologie, \u00e9crans, data, contr\u00f4le, humanit\u00e9 glitch\u00e9e<\/em><br data-start=\"859\" data-end=\"862\" \/>\ud83c\udfa8 <em data-start=\"865\" data-end=\"932\">Visuels issus des archives 2020\u20132024, retravaill\u00e9s et r\u00e9assembl\u00e9s<\/em><\/p>\n<hr data-start=\"1022\" data-end=\"1025\" \/>\n<h3 data-start=\"1027\" data-end=\"1044\">\ud83e\ude99 <strong data-start=\"1034\" data-end=\"1042\">Prix<\/strong><\/h3>\n<p data-start=\"1045\" data-end=\"1114\">\ud83d\udcb8 <strong data-start=\"1048\" data-end=\"1062\">Prix libre<\/strong> \u2014 0 \u20ac, ou plus si tu veux nourrir la photocopieuse.<\/p>\n<hr data-start=\"1116\" data-end=\"1119\" \/>\n<h3 data-start=\"1121\" data-end=\"1140\">\ud83d\udce5 <strong data-start=\"1128\" data-end=\"1138\">Format<\/strong><\/h3>\n<ul data-start=\"1141\" data-end=\"1265\">\n<li data-start=\"1141\" data-end=\"1161\">\n<p data-start=\"1143\" data-end=\"1161\">PDF A5 \u2013 8 pages<\/p>\n<\/li>\n<li data-start=\"1162\" data-end=\"1203\">\n<p data-start=\"1164\" data-end=\"1203\">T\u00e9l\u00e9chargement imm\u00e9diat apr\u00e8s \u201cachat\u201d<\/p>\n<\/li>\n<li data-start=\"1204\" data-end=\"1265\">\n<p data-start=\"1206\" data-end=\"1265\">Compatible avec tous les appareils (m\u00eame ceux qui plantent)<\/p>\n<\/li>\n<\/ul>\n<p>&nbsp;<\/p>\n","protected":false},"excerpt":{"rendered":"<p>Des machines, des humains, des bugs. Xerox Dreams #1 \u2014 404 Human Not Found explore notre vie sous wifi.<\/p>\n","protected":false},"featured_media":18771,"template":"","meta":{"_crdt_document":"","_uag_custom_page_level_css":"","_swt_meta_header_display":false,"_swt_meta_footer_display":false,"_swt_meta_site_title_display":false,"_swt_meta_sticky_header":false,"_swt_meta_transparent_header":false},"product_brand":[],"product_cat":[5833,5308],"product_tag":[5904,5901,5906,5905,5898,5903,5907,5900,5354,5899,5902],"class_list":{"0":"post-18770","1":"product","2":"type-product","3":"status-publish","4":"has-post-thumbnail","6":"product_cat-fanzine-numerique","7":"product_cat-nouveautes","8":"product_tag-404-human-not-found","9":"product_tag-archive","10":"product_tag-art-numerique","11":"product_tag-collage","12":"product_tag-fanzine","13":"product_tag-fanzine-numerique","14":"product_tag-prix-libre","15":"product_tag-punk","16":"product_tag-slip","17":"product_tag-technologie","18":"product_tag-xerox-dreams","20":"first","21":"instock","22":"downloadable","23":"virtual","24":"sold-individually","25":"purchasable","26":"product-type-simple"},"uagb_featured_image_src":{"full":["https:\/\/www.iamslip.com\/wp-content\/uploads\/2025\/10\/1-couv.jpg",1269,1800,false],"thumbnail":["https:\/\/www.iamslip.com\/wp-content\/uploads\/2025\/10\/1-couv-150x150.jpg",150,150,true],"medium":["https:\/\/www.iamslip.com\/wp-content\/uploads\/2025\/10\/1-couv-212x300.jpg",212,300,true],"medium_large":["https:\/\/www.iamslip.com\/wp-content\/uploads\/2025\/10\/1-couv-768x1089.jpg",768,1089,true],"large":["https:\/\/www.iamslip.com\/wp-content\/uploads\/2025\/10\/1-couv-722x1024.jpg",722,1024,true],"1536x1536":["https:\/\/www.iamslip.com\/wp-content\/uploads\/2025\/10\/1-couv-1083x1536.jpg",1083,1536,true],"2048x2048":["https:\/\/www.iamslip.com\/wp-content\/uploads\/2025\/10\/1-couv.jpg",1269,1800,false],"woocommerce_thumbnail":["https:\/\/www.iamslip.com\/wp-content\/uploads\/2025\/10\/1-couv-300x300.jpg",300,300,true],"woocommerce_single":["https:\/\/www.iamslip.com\/wp-content\/uploads\/2025\/10\/1-couv-600x851.jpg",600,851,true],"woocommerce_gallery_thumbnail":["https:\/\/www.iamslip.com\/wp-content\/uploads\/2025\/10\/1-couv-100x100.jpg",100,100,true]},"uagb_author_info":{"display_name":"slip","author_link":"https:\/\/www.iamslip.com\/?author=0"},"uagb_comment_info":0,"uagb_excerpt":"Des machines, des humains, des bugs. Xerox Dreams #1 \u2014 404 Human Not Found explore notre vie sous wifi.","_links":{"self":[{"href":"https:\/\/www.iamslip.com\/index.php?rest_route=\/wp\/v2\/product\/18770","targetHints":{"allow":["GET"]}}],"collection":[{"href":"https:\/\/www.iamslip.com\/index.php?rest_route=\/wp\/v2\/product"}],"about":[{"href":"https:\/\/www.iamslip.com\/index.php?rest_route=\/wp\/v2\/types\/product"}],"wp:featuredmedia":[{"embeddable":true,"href":"https:\/\/www.iamslip.com\/index.php?rest_route=\/wp\/v2\/media\/18771"}],"wp:attachment":[{"href":"https:\/\/www.iamslip.com\/index.php?rest_route=%2Fwp%2Fv2%2Fmedia&parent=18770"}],"wp:term":[{"taxonomy":"product_brand","embeddable":true,"href":"https:\/\/www.iamslip.com\/index.php?rest_route=%2Fwp%2Fv2%2Fproduct_brand&post=18770"},{"taxonomy":"product_cat","embeddable":true,"href":"https:\/\/www.iamslip.com\/index.php?rest_route=%2Fwp%2Fv2%2Fproduct_cat&post=18770"},{"taxonomy":"product_tag","embeddable":true,"href":"https:\/\/www.iamslip.com\/index.php?rest_route=%2Fwp%2Fv2%2Fproduct_tag&post=18770"}],"curies":[{"name":"wp","href":"https:\/\/api.w.org\/{rel}","templated":true}]}}