{"id":18708,"date":"2025-10-01T07:52:02","date_gmt":"2025-10-01T05:52:02","guid":{"rendered":"https:\/\/www.iamslip.com\/?post_type=product&#038;p=18708"},"modified":"2026-03-24T23:03:50","modified_gmt":"2026-03-24T22:03:50","slug":"les-dents-longues","status":"publish","type":"product","link":"https:\/\/www.iamslip.com\/?product=les-dents-longues","title":{"rendered":"Les Dents Longues"},"content":{"rendered":"<h2><em data-start=\"838\" data-end=\"857\">Les Dents Longues<\/em><\/h2>\n<h2>DD-SLP60<\/h2>\n<p data-start=\"926\" data-end=\"1177\">D\u2019apr\u00e8s <em data-start=\"934\" data-end=\"981\">Alessandro Magno davanti al cadavere di Dario<\/em>, ce collage met en sc\u00e8ne l\u2019instant culte o\u00f9 <strong data-start=\"1026\" data-end=\"1065\">Allen Iverson croise Michael Jordan<\/strong> lors de sa saison rookie.<br data-start=\"1091\" data-end=\"1094\" \/>Un face-\u00e0-face devenu mythique, o\u00f9 l\u2019audace d\u2019Iverson s\u2019impose face \u00e0 la l\u00e9gende.<\/p>\n<p data-start=\"1179\" data-end=\"1379\">\ud83d\udd39 <strong data-start=\"1182\" data-end=\"1212\">Collection : Double Double<\/strong><br data-start=\"1212\" data-end=\"1215\" \/>\ud83d\udd39 <strong data-start=\"1218\" data-end=\"1242\">R\u00e9f\u00e9rence : DD-SLP60<\/strong><br data-start=\"1284\" data-end=\"1287\" \/>\ud83d\udd39 <strong data-start=\"1290\" data-end=\"1302\">Format :<\/strong> 8,9 x 6,4 cm<br data-start=\"1315\" data-end=\"1318\" \/>\ud83d\udd39 <strong data-start=\"1321\" data-end=\"1349\">Impression haute qualit\u00e9<\/strong> \u2013 sleeve &amp; toploader inclus<\/p>\n<p data-start=\"1381\" data-end=\"1400\">\ud83d\udcb0 <strong data-start=\"1384\" data-end=\"1398\">Prix : 8 \u20ac<\/strong><\/p>\n<p data-start=\"1402\" data-end=\"1479\">\ud83d\udd25 Une carte qui symbolise le passage de t\u00e9moin entre deux g\u00e9n\u00e9rations NBA.<\/p>\n<p>&nbsp;<\/p>\n<p>&nbsp;<\/p>\n<p>&nbsp;<\/p>\n<p>&nbsp;<\/p>\n<p>&nbsp;<\/p>\n<p>&nbsp;<\/p>\n<p>&nbsp;<\/p>\n<p>&nbsp;<\/p>\n","protected":false},"excerpt":{"rendered":"<p>Les Dents Longues DD-SLP60 D\u2019apr\u00e8s Alessandro Magno davanti al cadavere di Dario, ce collage met en sc\u00e8ne l\u2019instant culte o\u00f9 Allen Iverson croise Michael Jordan lors de sa saison rookie.Un face-\u00e0-face devenu mythique, o\u00f9 l\u2019audace d\u2019Iverson s\u2019impose face \u00e0 la l\u00e9gende. \ud83d\udd39 Collection : Double Double\ud83d\udd39 R\u00e9f\u00e9rence : DD-SLP60\ud83d\udd39 Format : 8,9 x 6,4 cm\ud83d\udd39 [&hellip;]<\/p>\n","protected":false},"featured_media":18709,"template":"","meta":{"_crdt_document":"","_uag_custom_page_level_css":"","_swt_meta_header_display":false,"_swt_meta_footer_display":false,"_swt_meta_site_title_display":false,"_swt_meta_sticky_header":false,"_swt_meta_transparent_header":false},"product_brand":[],"product_cat":[5099],"product_tag":[5445,5867,5864,5865,5141,5866,5869,5868],"class_list":{"0":"post-18708","1":"product","2":"type-product","3":"status-publish","4":"has-post-thumbnail","6":"product_cat-cartes-double-double","7":"product_tag-allen","8":"product_tag-cross","9":"product_tag-double-double","10":"product_tag-iversion","11":"product_tag-jordan","12":"product_tag-michael","13":"product_tag-passation","14":"product_tag-rencontrer","15":"product_shipping_class-cartes","17":"first","18":"instock","19":"shipping-taxable","20":"purchasable","21":"product-type-simple"},"uagb_featured_image_src":{"full":["https:\/\/www.iamslip.com\/wp-content\/uploads\/2025\/10\/mockup_carte_slab_dentslongues.jpg",924,736,false],"thumbnail":["https:\/\/www.iamslip.com\/wp-content\/uploads\/2025\/10\/mockup_carte_slab_dentslongues-150x150.jpg",150,150,true],"medium":["https:\/\/www.iamslip.com\/wp-content\/uploads\/2025\/10\/mockup_carte_slab_dentslongues-300x239.jpg",300,239,true],"medium_large":["https:\/\/www.iamslip.com\/wp-content\/uploads\/2025\/10\/mockup_carte_slab_dentslongues-768x612.jpg",768,612,true],"large":["https:\/\/www.iamslip.com\/wp-content\/uploads\/2025\/10\/mockup_carte_slab_dentslongues.jpg",924,736,false],"1536x1536":["https:\/\/www.iamslip.com\/wp-content\/uploads\/2025\/10\/mockup_carte_slab_dentslongues.jpg",924,736,false],"2048x2048":["https:\/\/www.iamslip.com\/wp-content\/uploads\/2025\/10\/mockup_carte_slab_dentslongues.jpg",924,736,false],"woocommerce_thumbnail":["https:\/\/www.iamslip.com\/wp-content\/uploads\/2025\/10\/mockup_carte_slab_dentslongues-300x300.jpg",300,300,true],"woocommerce_single":["https:\/\/www.iamslip.com\/wp-content\/uploads\/2025\/10\/mockup_carte_slab_dentslongues-600x478.jpg",600,478,true],"woocommerce_gallery_thumbnail":["https:\/\/www.iamslip.com\/wp-content\/uploads\/2025\/10\/mockup_carte_slab_dentslongues-100x100.jpg",100,100,true]},"uagb_author_info":{"display_name":"slip","author_link":"https:\/\/www.iamslip.com\/?author=0"},"uagb_comment_info":0,"uagb_excerpt":"Les Dents Longues DD-SLP60 D\u2019apr\u00e8s Alessandro Magno davanti al cadavere di Dario, ce collage met en sc\u00e8ne l\u2019instant culte o\u00f9 Allen Iverson croise Michael Jordan lors de sa saison rookie.Un face-\u00e0-face devenu mythique, o\u00f9 l\u2019audace d\u2019Iverson s\u2019impose face \u00e0 la l\u00e9gende. \ud83d\udd39 Collection : Double Double\ud83d\udd39 R\u00e9f\u00e9rence : DD-SLP60\ud83d\udd39 Format : 8,9 x 6,4 cm\ud83d\udd39\u2026","_links":{"self":[{"href":"https:\/\/www.iamslip.com\/index.php?rest_route=\/wp\/v2\/product\/18708","targetHints":{"allow":["GET"]}}],"collection":[{"href":"https:\/\/www.iamslip.com\/index.php?rest_route=\/wp\/v2\/product"}],"about":[{"href":"https:\/\/www.iamslip.com\/index.php?rest_route=\/wp\/v2\/types\/product"}],"wp:featuredmedia":[{"embeddable":true,"href":"https:\/\/www.iamslip.com\/index.php?rest_route=\/wp\/v2\/media\/18709"}],"wp:attachment":[{"href":"https:\/\/www.iamslip.com\/index.php?rest_route=%2Fwp%2Fv2%2Fmedia&parent=18708"}],"wp:term":[{"taxonomy":"product_brand","embeddable":true,"href":"https:\/\/www.iamslip.com\/index.php?rest_route=%2Fwp%2Fv2%2Fproduct_brand&post=18708"},{"taxonomy":"product_cat","embeddable":true,"href":"https:\/\/www.iamslip.com\/index.php?rest_route=%2Fwp%2Fv2%2Fproduct_cat&post=18708"},{"taxonomy":"product_tag","embeddable":true,"href":"https:\/\/www.iamslip.com\/index.php?rest_route=%2Fwp%2Fv2%2Fproduct_tag&post=18708"}],"curies":[{"name":"wp","href":"https:\/\/api.w.org\/{rel}","templated":true}]}}