{"id":18705,"date":"2025-10-01T07:47:56","date_gmt":"2025-10-01T05:47:56","guid":{"rendered":"https:\/\/www.iamslip.com\/?post_type=product&#038;p=18705"},"modified":"2025-11-15T09:23:15","modified_gmt":"2025-11-15T08:23:15","slug":"big-mama","status":"publish","type":"product","link":"https:\/\/www.iamslip.com\/?product=big-mama","title":{"rendered":"Big Mama"},"content":{"rendered":"<h2>Big Mama<\/h2>\n<h3>DD-SLP39<\/h3>\n<p data-start=\"197\" data-end=\"475\">Inspir\u00e9e de l\u2019\u0153uvre <em data-start=\"217\" data-end=\"243\">Portrait of an Old Woman<\/em>, cette carte rend hommage \u00e0 <strong data-start=\"272\" data-end=\"289\">Larry Johnson<\/strong>, alias <em data-start=\"297\" data-end=\"308\">Grandmama<\/em>, figure charismatique des 90s.<br data-start=\"339\" data-end=\"342\" \/>Un collage qui d\u00e9tourne l\u2019imagerie classique pour mettre en lumi\u00e8re l\u2019un des personnages les plus marquants et iconiques de la NBA.<\/p>\n<p data-start=\"477\" data-end=\"705\">\ud83d\udd39 <strong data-start=\"480\" data-end=\"510\">Collection : Double Double<\/strong><br data-start=\"510\" data-end=\"513\" \/>\ud83d\udd39 <strong data-start=\"516\" data-end=\"540\">R\u00e9f\u00e9rence : DD-SLP39<\/strong><br data-start=\"582\" data-end=\"585\" \/>\ud83d\udd39 <strong data-start=\"588\" data-end=\"600\">Format :<\/strong> 8,9 x 6,4 cm (style carte de collection)<br data-start=\"641\" data-end=\"644\" \/>\ud83d\udd39 <strong data-start=\"647\" data-end=\"675\">Impression haute qualit\u00e9<\/strong> \u2013 sleeve &amp; toploader inclus<\/p>\n<p data-start=\"707\" data-end=\"726\">\ud83d\udcb0 <strong data-start=\"710\" data-end=\"724\">Prix : 8 \u20ac<\/strong><\/p>\n<p data-start=\"728\" data-end=\"794\">\u2728 Une carte qui capture toute l\u2019\u00e9nergie de l\u2019\u00e9poque <em data-start=\"780\" data-end=\"791\">Grandmama<\/em>.<\/p>\n<p>&nbsp;<\/p>\n<p>&nbsp;<\/p>\n<p>&nbsp;<\/p>\n<p>&nbsp;<\/p>\n<p>&nbsp;<\/p>\n<p>&nbsp;<\/p>\n<p>&nbsp;<\/p>\n","protected":false},"excerpt":{"rendered":"<p>Big Mama DD-SLP39 Inspir\u00e9e de l\u2019\u0153uvre Portrait of an Old Woman, cette carte rend hommage \u00e0 Larry Johnson, alias Grandmama, figure charismatique des 90s.Un collage qui d\u00e9tourne l\u2019imagerie classique pour mettre en lumi\u00e8re l\u2019un des personnages les plus marquants et iconiques de la NBA. \ud83d\udd39 Collection : Double Double\ud83d\udd39 R\u00e9f\u00e9rence : DD-SLP39\ud83d\udd39 Format : 8,9 [&hellip;]<\/p>\n","protected":false},"featured_media":18706,"template":"","meta":{"_crdt_document":"","_uag_custom_page_level_css":"","_swt_meta_header_display":false,"_swt_meta_footer_display":false,"_swt_meta_site_title_display":false,"_swt_meta_sticky_header":false,"_swt_meta_transparent_header":false},"product_brand":[],"product_cat":[5099],"product_tag":[5863,5860,5111,5861,5862,5328],"class_list":{"0":"post-18705","1":"product","2":"type-product","3":"status-publish","4":"has-post-thumbnail","6":"product_cat-cartes-double-double","7":"product_tag-big-mama","8":"product_tag-charlotte","9":"product_tag-double","10":"product_tag-hornets","11":"product_tag-johnson","12":"product_tag-larry","13":"product_shipping_class-cartes","15":"first","16":"instock","17":"shipping-taxable","18":"purchasable","19":"product-type-simple"},"uagb_featured_image_src":{"full":["https:\/\/www.iamslip.com\/wp-content\/uploads\/2025\/10\/mockup_carte_slab_big_mama.jpg",736,924,false],"thumbnail":["https:\/\/www.iamslip.com\/wp-content\/uploads\/2025\/10\/mockup_carte_slab_big_mama-150x150.jpg",150,150,true],"medium":["https:\/\/www.iamslip.com\/wp-content\/uploads\/2025\/10\/mockup_carte_slab_big_mama-239x300.jpg",239,300,true],"medium_large":["https:\/\/www.iamslip.com\/wp-content\/uploads\/2025\/10\/mockup_carte_slab_big_mama.jpg",736,924,false],"large":["https:\/\/www.iamslip.com\/wp-content\/uploads\/2025\/10\/mockup_carte_slab_big_mama.jpg",736,924,false],"1536x1536":["https:\/\/www.iamslip.com\/wp-content\/uploads\/2025\/10\/mockup_carte_slab_big_mama.jpg",736,924,false],"2048x2048":["https:\/\/www.iamslip.com\/wp-content\/uploads\/2025\/10\/mockup_carte_slab_big_mama.jpg",736,924,false],"woocommerce_thumbnail":["https:\/\/www.iamslip.com\/wp-content\/uploads\/2025\/10\/mockup_carte_slab_big_mama-300x300.jpg",300,300,true],"woocommerce_single":["https:\/\/www.iamslip.com\/wp-content\/uploads\/2025\/10\/mockup_carte_slab_big_mama-600x753.jpg",600,753,true],"woocommerce_gallery_thumbnail":["https:\/\/www.iamslip.com\/wp-content\/uploads\/2025\/10\/mockup_carte_slab_big_mama-100x100.jpg",100,100,true]},"uagb_author_info":{"display_name":"slip","author_link":"https:\/\/www.iamslip.com\/?author=0"},"uagb_comment_info":0,"uagb_excerpt":"Big Mama DD-SLP39 Inspir\u00e9e de l\u2019\u0153uvre Portrait of an Old Woman, cette carte rend hommage \u00e0 Larry Johnson, alias Grandmama, figure charismatique des 90s.Un collage qui d\u00e9tourne l\u2019imagerie classique pour mettre en lumi\u00e8re l\u2019un des personnages les plus marquants et iconiques de la NBA. \ud83d\udd39 Collection : Double Double\ud83d\udd39 R\u00e9f\u00e9rence : DD-SLP39\ud83d\udd39 Format : 8,9\u2026","_links":{"self":[{"href":"https:\/\/www.iamslip.com\/index.php?rest_route=\/wp\/v2\/product\/18705","targetHints":{"allow":["GET"]}}],"collection":[{"href":"https:\/\/www.iamslip.com\/index.php?rest_route=\/wp\/v2\/product"}],"about":[{"href":"https:\/\/www.iamslip.com\/index.php?rest_route=\/wp\/v2\/types\/product"}],"wp:featuredmedia":[{"embeddable":true,"href":"https:\/\/www.iamslip.com\/index.php?rest_route=\/wp\/v2\/media\/18706"}],"wp:attachment":[{"href":"https:\/\/www.iamslip.com\/index.php?rest_route=%2Fwp%2Fv2%2Fmedia&parent=18705"}],"wp:term":[{"taxonomy":"product_brand","embeddable":true,"href":"https:\/\/www.iamslip.com\/index.php?rest_route=%2Fwp%2Fv2%2Fproduct_brand&post=18705"},{"taxonomy":"product_cat","embeddable":true,"href":"https:\/\/www.iamslip.com\/index.php?rest_route=%2Fwp%2Fv2%2Fproduct_cat&post=18705"},{"taxonomy":"product_tag","embeddable":true,"href":"https:\/\/www.iamslip.com\/index.php?rest_route=%2Fwp%2Fv2%2Fproduct_tag&post=18705"}],"curies":[{"name":"wp","href":"https:\/\/api.w.org\/{rel}","templated":true}]}}