{"id":18673,"date":"2025-09-30T18:21:19","date_gmt":"2025-09-30T16:21:19","guid":{"rendered":"https:\/\/www.iamslip.com\/?post_type=product&#038;p=18673"},"modified":"2025-11-15T09:23:15","modified_gmt":"2025-11-15T08:23:15","slug":"adidas-zx8000-torsion","status":"publish","type":"product","link":"https:\/\/www.iamslip.com\/?product=adidas-zx8000-torsion","title":{"rendered":"Adidas ZX8000 Torsion"},"content":{"rendered":"<h2 data-start=\"119\" data-end=\"174\">Adidas ZX8000 Torsion (1989)<\/h2>\n<h2 data-start=\"119\" data-end=\"174\">Carte SNKR-SLP16<\/h2>\n<p data-start=\"207\" data-end=\"531\">Sortie en 1989, la <strong data-start=\"226\" data-end=\"251\">Adidas ZX8000 Torsion<\/strong> est une r\u00e9volution dans le monde de la sneaker. Avec son syst\u00e8me Torsion, elle offrait aux coureurs une stabilit\u00e9 in\u00e9dite et un design devenu culte.<br data-start=\"400\" data-end=\"403\" \/>Cette carte illustre toute l\u2019\u00e9nergie de la fin des 80s : innovation, couleurs pop et culture running qui s\u2019impose dans la rue.<\/p>\n<p data-start=\"533\" data-end=\"725\">\ud83d\udd39 <strong data-start=\"587\" data-end=\"599\">Format :<\/strong> 8,9 x 6,4 cm (style carte de collection)<br data-start=\"640\" data-end=\"643\" \/>\ud83d\udd39 <strong data-start=\"646\" data-end=\"674\">Impression haute qualit\u00e9<\/strong> \u2013 sleeve &amp; toploader inclus<br data-start=\"702\" data-end=\"705\" \/>\ud83d\udcb0 <strong data-start=\"708\" data-end=\"723\">Prix : 8\u20ac<\/strong><\/p>\n<p data-start=\"727\" data-end=\"804\">Un must-have pour tous les fans de running r\u00e9tro et de la culture sneakers.<\/p>\n<p>&nbsp;<\/p>\n<p>&nbsp;<\/p>\n<p>&nbsp;<\/p>\n<p>&nbsp;<\/p>\n","protected":false},"excerpt":{"rendered":"<p>Adidas ZX8000 Torsion (1989) Carte SNKR-SLP16 Sortie en 1989, la Adidas ZX8000 Torsion est une r\u00e9volution dans le monde de la sneaker. Avec son syst\u00e8me Torsion, elle offrait aux coureurs une stabilit\u00e9 in\u00e9dite et un design devenu culte.Cette carte illustre toute l\u2019\u00e9nergie de la fin des 80s : innovation, couleurs pop et culture running qui [&hellip;]<\/p>\n","protected":false},"featured_media":18657,"template":"","meta":{"_crdt_document":"","_uag_custom_page_level_css":"","_swt_meta_header_display":false,"_swt_meta_footer_display":false,"_swt_meta_site_title_display":false,"_swt_meta_sticky_header":false,"_swt_meta_transparent_header":false},"product_brand":[],"product_cat":[5100,5308],"product_tag":[5141,5169,5167],"class_list":{"0":"post-18673","1":"product","2":"type-product","3":"status-publish","4":"has-post-thumbnail","6":"product_cat-cartes-sneakers","7":"product_cat-nouveautes","8":"product_tag-jordan","9":"product_tag-nike","10":"product_tag-sneakers","11":"product_shipping_class-cartes","13":"first","14":"instock","15":"shipping-taxable","16":"purchasable","17":"product-type-simple"},"uagb_featured_image_src":{"full":["https:\/\/www.iamslip.com\/wp-content\/uploads\/2025\/09\/mockup_carte_slab_SNK_Torsion.jpg",736,924,false],"thumbnail":["https:\/\/www.iamslip.com\/wp-content\/uploads\/2025\/09\/mockup_carte_slab_SNK_Torsion-150x150.jpg",150,150,true],"medium":["https:\/\/www.iamslip.com\/wp-content\/uploads\/2025\/09\/mockup_carte_slab_SNK_Torsion-239x300.jpg",239,300,true],"medium_large":["https:\/\/www.iamslip.com\/wp-content\/uploads\/2025\/09\/mockup_carte_slab_SNK_Torsion.jpg",736,924,false],"large":["https:\/\/www.iamslip.com\/wp-content\/uploads\/2025\/09\/mockup_carte_slab_SNK_Torsion.jpg",736,924,false],"1536x1536":["https:\/\/www.iamslip.com\/wp-content\/uploads\/2025\/09\/mockup_carte_slab_SNK_Torsion.jpg",736,924,false],"2048x2048":["https:\/\/www.iamslip.com\/wp-content\/uploads\/2025\/09\/mockup_carte_slab_SNK_Torsion.jpg",736,924,false],"woocommerce_thumbnail":["https:\/\/www.iamslip.com\/wp-content\/uploads\/2025\/09\/mockup_carte_slab_SNK_Torsion-300x300.jpg",300,300,true],"woocommerce_single":["https:\/\/www.iamslip.com\/wp-content\/uploads\/2025\/09\/mockup_carte_slab_SNK_Torsion-600x753.jpg",600,753,true],"woocommerce_gallery_thumbnail":["https:\/\/www.iamslip.com\/wp-content\/uploads\/2025\/09\/mockup_carte_slab_SNK_Torsion-100x100.jpg",100,100,true]},"uagb_author_info":{"display_name":"Damien","author_link":"https:\/\/www.iamslip.com\/?author=0"},"uagb_comment_info":0,"uagb_excerpt":"Adidas ZX8000 Torsion (1989) Carte SNKR-SLP16 Sortie en 1989, la Adidas ZX8000 Torsion est une r\u00e9volution dans le monde de la sneaker. Avec son syst\u00e8me Torsion, elle offrait aux coureurs une stabilit\u00e9 in\u00e9dite et un design devenu culte.Cette carte illustre toute l\u2019\u00e9nergie de la fin des 80s : innovation, couleurs pop et culture running qui\u2026","_links":{"self":[{"href":"https:\/\/www.iamslip.com\/index.php?rest_route=\/wp\/v2\/product\/18673","targetHints":{"allow":["GET"]}}],"collection":[{"href":"https:\/\/www.iamslip.com\/index.php?rest_route=\/wp\/v2\/product"}],"about":[{"href":"https:\/\/www.iamslip.com\/index.php?rest_route=\/wp\/v2\/types\/product"}],"wp:featuredmedia":[{"embeddable":true,"href":"https:\/\/www.iamslip.com\/index.php?rest_route=\/wp\/v2\/media\/18657"}],"wp:attachment":[{"href":"https:\/\/www.iamslip.com\/index.php?rest_route=%2Fwp%2Fv2%2Fmedia&parent=18673"}],"wp:term":[{"taxonomy":"product_brand","embeddable":true,"href":"https:\/\/www.iamslip.com\/index.php?rest_route=%2Fwp%2Fv2%2Fproduct_brand&post=18673"},{"taxonomy":"product_cat","embeddable":true,"href":"https:\/\/www.iamslip.com\/index.php?rest_route=%2Fwp%2Fv2%2Fproduct_cat&post=18673"},{"taxonomy":"product_tag","embeddable":true,"href":"https:\/\/www.iamslip.com\/index.php?rest_route=%2Fwp%2Fv2%2Fproduct_tag&post=18673"}],"curies":[{"name":"wp","href":"https:\/\/api.w.org\/{rel}","templated":true}]}}