{"id":18672,"date":"2025-09-30T18:21:19","date_gmt":"2025-09-30T16:21:19","guid":{"rendered":"https:\/\/www.iamslip.com\/?post_type=product&#038;p=18672"},"modified":"2026-03-30T17:29:07","modified_gmt":"2026-03-30T15:29:07","slug":"adidas-copa-mundial","status":"publish","type":"product","link":"https:\/\/www.iamslip.com\/?product=adidas-copa-mundial","title":{"rendered":"Adidas Copa Mundial"},"content":{"rendered":"<h2 data-start=\"2058\" data-end=\"2111\">Adidas Copa Mundial (1979)<\/h2>\n<h2 data-start=\"2058\" data-end=\"2111\">SNKR-SLP18<\/h2>\n<p data-start=\"2144\" data-end=\"2441\">Cr\u00e9\u00e9e en 1979, la <strong data-start=\"2162\" data-end=\"2185\">Adidas Copa Mundial<\/strong> est LA chaussure de football la plus vendue au monde. Port\u00e9e par les plus grands, de Platini \u00e0 Beckenbauer, elle incarne l\u2019\u00e9l\u00e9gance et l\u2019efficacit\u00e9 sur le terrain.<br data-start=\"2349\" data-end=\"2352\" \/>Cette carte capture son h\u00e9ritage intemporel, toujours pr\u00e9sente des d\u00e9cennies plus tard.<\/p>\n<p data-start=\"2443\" data-end=\"2607\">\ud83d\udd39 <strong data-start=\"2497\" data-end=\"2509\">Format :<\/strong> 8,9 x 6,4 cm<br data-start=\"2522\" data-end=\"2525\" \/>\ud83d\udd39 <strong data-start=\"2528\" data-end=\"2556\">Impression haute qualit\u00e9<\/strong> \u2013 sleeve &amp; toploader inclus<br data-start=\"2584\" data-end=\"2587\" \/>\ud83d\udcb0 <strong data-start=\"2590\" data-end=\"2605\">Prix : 8\u20ac<\/strong><\/p>\n<p data-start=\"2609\" data-end=\"2687\">Un classique ind\u00e9tr\u00f4nable pour tous les fans de foot et de culture sneakers.<\/p>\n<p>&nbsp;<\/p>\n<p>&nbsp;<\/p>\n<p>&nbsp;<\/p>\n","protected":false},"excerpt":{"rendered":"<p>Adidas Copa Mundial (1979) SNKR-SLP18 Cr\u00e9\u00e9e en 1979, la Adidas Copa Mundial est LA chaussure de football la plus vendue au monde. Port\u00e9e par les plus grands, de Platini \u00e0 Beckenbauer, elle incarne l\u2019\u00e9l\u00e9gance et l\u2019efficacit\u00e9 sur le terrain.Cette carte capture son h\u00e9ritage intemporel, toujours pr\u00e9sente des d\u00e9cennies plus tard. \ud83d\udd39 Format : 8,9 x [&hellip;]<\/p>\n","protected":false},"featured_media":18660,"template":"","meta":{"_crdt_document":"","_uag_custom_page_level_css":"","_swt_meta_header_display":false,"_swt_meta_footer_display":false,"_swt_meta_site_title_display":false,"_swt_meta_sticky_header":false,"_swt_meta_transparent_header":false},"product_brand":[],"product_cat":[5100,5308],"product_tag":[5141,5169,5167],"class_list":{"0":"post-18672","1":"product","2":"type-product","3":"status-publish","4":"has-post-thumbnail","6":"product_cat-cartes-sneakers","7":"product_cat-nouveautes","8":"product_tag-jordan","9":"product_tag-nike","10":"product_tag-sneakers","11":"product_shipping_class-cartes","13":"first","14":"instock","15":"shipping-taxable","16":"purchasable","17":"product-type-simple"},"uagb_featured_image_src":{"full":["https:\/\/www.iamslip.com\/wp-content\/uploads\/2025\/09\/mockup_carte_slab_SNK_mundial.jpg",736,924,false],"thumbnail":["https:\/\/www.iamslip.com\/wp-content\/uploads\/2025\/09\/mockup_carte_slab_SNK_mundial-150x150.jpg",150,150,true],"medium":["https:\/\/www.iamslip.com\/wp-content\/uploads\/2025\/09\/mockup_carte_slab_SNK_mundial-239x300.jpg",239,300,true],"medium_large":["https:\/\/www.iamslip.com\/wp-content\/uploads\/2025\/09\/mockup_carte_slab_SNK_mundial.jpg",736,924,false],"large":["https:\/\/www.iamslip.com\/wp-content\/uploads\/2025\/09\/mockup_carte_slab_SNK_mundial.jpg",736,924,false],"1536x1536":["https:\/\/www.iamslip.com\/wp-content\/uploads\/2025\/09\/mockup_carte_slab_SNK_mundial.jpg",736,924,false],"2048x2048":["https:\/\/www.iamslip.com\/wp-content\/uploads\/2025\/09\/mockup_carte_slab_SNK_mundial.jpg",736,924,false],"woocommerce_thumbnail":["https:\/\/www.iamslip.com\/wp-content\/uploads\/2025\/09\/mockup_carte_slab_SNK_mundial-300x300.jpg",300,300,true],"woocommerce_single":["https:\/\/www.iamslip.com\/wp-content\/uploads\/2025\/09\/mockup_carte_slab_SNK_mundial-600x753.jpg",600,753,true],"woocommerce_gallery_thumbnail":["https:\/\/www.iamslip.com\/wp-content\/uploads\/2025\/09\/mockup_carte_slab_SNK_mundial-100x100.jpg",100,100,true]},"uagb_author_info":{"display_name":"Damien","author_link":"https:\/\/www.iamslip.com\/?author=0"},"uagb_comment_info":0,"uagb_excerpt":"Adidas Copa Mundial (1979) SNKR-SLP18 Cr\u00e9\u00e9e en 1979, la Adidas Copa Mundial est LA chaussure de football la plus vendue au monde. Port\u00e9e par les plus grands, de Platini \u00e0 Beckenbauer, elle incarne l\u2019\u00e9l\u00e9gance et l\u2019efficacit\u00e9 sur le terrain.Cette carte capture son h\u00e9ritage intemporel, toujours pr\u00e9sente des d\u00e9cennies plus tard. \ud83d\udd39 Format : 8,9 x\u2026","_links":{"self":[{"href":"https:\/\/www.iamslip.com\/index.php?rest_route=\/wp\/v2\/product\/18672","targetHints":{"allow":["GET"]}}],"collection":[{"href":"https:\/\/www.iamslip.com\/index.php?rest_route=\/wp\/v2\/product"}],"about":[{"href":"https:\/\/www.iamslip.com\/index.php?rest_route=\/wp\/v2\/types\/product"}],"wp:featuredmedia":[{"embeddable":true,"href":"https:\/\/www.iamslip.com\/index.php?rest_route=\/wp\/v2\/media\/18660"}],"wp:attachment":[{"href":"https:\/\/www.iamslip.com\/index.php?rest_route=%2Fwp%2Fv2%2Fmedia&parent=18672"}],"wp:term":[{"taxonomy":"product_brand","embeddable":true,"href":"https:\/\/www.iamslip.com\/index.php?rest_route=%2Fwp%2Fv2%2Fproduct_brand&post=18672"},{"taxonomy":"product_cat","embeddable":true,"href":"https:\/\/www.iamslip.com\/index.php?rest_route=%2Fwp%2Fv2%2Fproduct_cat&post=18672"},{"taxonomy":"product_tag","embeddable":true,"href":"https:\/\/www.iamslip.com\/index.php?rest_route=%2Fwp%2Fv2%2Fproduct_tag&post=18672"}],"curies":[{"name":"wp","href":"https:\/\/api.w.org\/{rel}","templated":true}]}}