{"id":18670,"date":"2025-09-30T18:21:18","date_gmt":"2025-09-30T16:21:18","guid":{"rendered":"https:\/\/www.iamslip.com\/?post_type=product&#038;p=18670"},"modified":"2025-09-30T18:21:19","modified_gmt":"2025-09-30T16:21:19","slug":"puma-king-maradona","status":"publish","type":"product","link":"https:\/\/www.iamslip.com\/?product=puma-king-maradona","title":{"rendered":"Puma King Maradona"},"content":{"rendered":"<h2>\ud83d\udc5f\u00a0 Puma King Maradona (1979)<\/h2>\n<h2>SNKR-SLP16<\/h2>\n<p data-start=\"1518\" data-end=\"1837\">La <strong data-start=\"1521\" data-end=\"1534\">Puma King<\/strong> n\u2019est pas une chaussure, c\u2019est une l\u00e9gende. Port\u00e9e par <strong data-start=\"1590\" data-end=\"1608\">Diego Maradona<\/strong> en 1979, elle a foul\u00e9 les pelouses les plus mythiques et marqu\u00e9 des g\u00e9n\u00e9rations de joueurs.<br data-start=\"1700\" data-end=\"1703\" \/>Cette carte replonge dans l\u2019univers du football vintage, quand le cuir noir et les trois \u0153illets dor\u00e9s incarnaient la classe ultime.<\/p>\n<p data-start=\"1839\" data-end=\"2003\">\ud83d\udd39 <strong data-start=\"1893\" data-end=\"1905\">Format :<\/strong> 8,9 x 6,4 cm<br data-start=\"1918\" data-end=\"1921\" \/>\ud83d\udd39 <strong data-start=\"1924\" data-end=\"1952\">Impression haute qualit\u00e9<\/strong> \u2013 sleeve &amp; toploader inclus<br data-start=\"1980\" data-end=\"1983\" \/>\ud83d\udcb0 <strong data-start=\"1986\" data-end=\"2001\">Prix : 8 \u20ac<\/strong><\/p>\n<p data-start=\"2005\" data-end=\"2051\">Un hommage \u00e0 l\u2019ic\u00f4ne absolue du ballon rond.<\/p>\n<p>&nbsp;<\/p>\n","protected":false},"excerpt":{"rendered":"<p>\ud83d\udc5f\u00a0 Puma King Maradona (1979) SNKR-SLP16 La Puma King n\u2019est pas une chaussure, c\u2019est une l\u00e9gende. Port\u00e9e par Diego Maradona en 1979, elle a foul\u00e9 les pelouses les plus mythiques et marqu\u00e9 des g\u00e9n\u00e9rations de joueurs.Cette carte replonge dans l\u2019univers du football vintage, quand le cuir noir et les trois \u0153illets dor\u00e9s incarnaient la classe [&hellip;]<\/p>\n","protected":false},"featured_media":18659,"template":"","meta":{"_crdt_document":"","_uag_custom_page_level_css":"","_swt_meta_header_display":false,"_swt_meta_footer_display":false,"_swt_meta_site_title_display":false,"_swt_meta_sticky_header":false,"_swt_meta_transparent_header":false},"product_brand":[],"product_cat":[5100,5308],"product_tag":[5141,5169,5167],"class_list":{"0":"post-18670","1":"product","2":"type-product","3":"status-publish","4":"has-post-thumbnail","6":"product_cat-cartes-sneakers","7":"product_cat-nouveautes","8":"product_tag-jordan","9":"product_tag-nike","10":"product_tag-sneakers","11":"product_shipping_class-cartes","13":"first","14":"instock","15":"shipping-taxable","16":"purchasable","17":"product-type-simple"},"uagb_featured_image_src":{"full":["https:\/\/www.iamslip.com\/wp-content\/uploads\/2025\/09\/mockup_carte_slab_SNK_PumaKing.jpg",736,924,false],"thumbnail":["https:\/\/www.iamslip.com\/wp-content\/uploads\/2025\/09\/mockup_carte_slab_SNK_PumaKing-150x150.jpg",150,150,true],"medium":["https:\/\/www.iamslip.com\/wp-content\/uploads\/2025\/09\/mockup_carte_slab_SNK_PumaKing-239x300.jpg",239,300,true],"medium_large":["https:\/\/www.iamslip.com\/wp-content\/uploads\/2025\/09\/mockup_carte_slab_SNK_PumaKing.jpg",736,924,false],"large":["https:\/\/www.iamslip.com\/wp-content\/uploads\/2025\/09\/mockup_carte_slab_SNK_PumaKing.jpg",736,924,false],"1536x1536":["https:\/\/www.iamslip.com\/wp-content\/uploads\/2025\/09\/mockup_carte_slab_SNK_PumaKing.jpg",736,924,false],"2048x2048":["https:\/\/www.iamslip.com\/wp-content\/uploads\/2025\/09\/mockup_carte_slab_SNK_PumaKing.jpg",736,924,false],"woocommerce_thumbnail":["https:\/\/www.iamslip.com\/wp-content\/uploads\/2025\/09\/mockup_carte_slab_SNK_PumaKing-300x300.jpg",300,300,true],"woocommerce_single":["https:\/\/www.iamslip.com\/wp-content\/uploads\/2025\/09\/mockup_carte_slab_SNK_PumaKing-600x753.jpg",600,753,true],"woocommerce_gallery_thumbnail":["https:\/\/www.iamslip.com\/wp-content\/uploads\/2025\/09\/mockup_carte_slab_SNK_PumaKing-100x100.jpg",100,100,true]},"uagb_author_info":{"display_name":"Damien","author_link":"https:\/\/www.iamslip.com\/?author=0"},"uagb_comment_info":0,"uagb_excerpt":"\ud83d\udc5f\u00a0 Puma King Maradona (1979) SNKR-SLP16 La Puma King n\u2019est pas une chaussure, c\u2019est une l\u00e9gende. Port\u00e9e par Diego Maradona en 1979, elle a foul\u00e9 les pelouses les plus mythiques et marqu\u00e9 des g\u00e9n\u00e9rations de joueurs.Cette carte replonge dans l\u2019univers du football vintage, quand le cuir noir et les trois \u0153illets dor\u00e9s incarnaient la classe\u2026","_links":{"self":[{"href":"https:\/\/www.iamslip.com\/index.php?rest_route=\/wp\/v2\/product\/18670","targetHints":{"allow":["GET"]}}],"collection":[{"href":"https:\/\/www.iamslip.com\/index.php?rest_route=\/wp\/v2\/product"}],"about":[{"href":"https:\/\/www.iamslip.com\/index.php?rest_route=\/wp\/v2\/types\/product"}],"wp:featuredmedia":[{"embeddable":true,"href":"https:\/\/www.iamslip.com\/index.php?rest_route=\/wp\/v2\/media\/18659"}],"wp:attachment":[{"href":"https:\/\/www.iamslip.com\/index.php?rest_route=%2Fwp%2Fv2%2Fmedia&parent=18670"}],"wp:term":[{"taxonomy":"product_brand","embeddable":true,"href":"https:\/\/www.iamslip.com\/index.php?rest_route=%2Fwp%2Fv2%2Fproduct_brand&post=18670"},{"taxonomy":"product_cat","embeddable":true,"href":"https:\/\/www.iamslip.com\/index.php?rest_route=%2Fwp%2Fv2%2Fproduct_cat&post=18670"},{"taxonomy":"product_tag","embeddable":true,"href":"https:\/\/www.iamslip.com\/index.php?rest_route=%2Fwp%2Fv2%2Fproduct_tag&post=18670"}],"curies":[{"name":"wp","href":"https:\/\/api.w.org\/{rel}","templated":true}]}}