{"id":18664,"date":"2025-09-30T18:21:17","date_gmt":"2025-09-30T16:21:17","guid":{"rendered":"https:\/\/www.iamslip.com\/?post_type=product&#038;p=18664"},"modified":"2025-10-20T18:08:31","modified_gmt":"2025-10-20T16:08:31","slug":"flight-chronicles-84-98-09","status":"publish","type":"product","link":"https:\/\/www.iamslip.com\/?product=flight-chronicles-84-98-09","title":{"rendered":"Flight Chronicles 84\u201398 #09"},"content":{"rendered":"<h2><strong data-start=\"1008\" data-end=\"1035\">Flight Chronicles 84\u201398 #09<\/strong><\/h2>\n<h2>Air Jordan 8<\/h2>\n<p data-start=\"296\" data-end=\"489\">De la <strong data-start=\"302\" data-end=\"326\">Air Jordan 1 de 1984<\/strong> jusqu\u2019\u00e0 la <strong data-start=\"338\" data-end=\"364\">Air Jordan XIV de 1998<\/strong>, chaque carte de cette s\u00e9rie rend hommage aux paires mythiques port\u00e9es par <strong data-start=\"440\" data-end=\"458\">Michael Jordan<\/strong> tout au long de sa carri\u00e8re.<\/p>\n<p data-start=\"491\" data-end=\"661\">Une collection unique de <strong data-start=\"516\" data-end=\"530\">13 visuels<\/strong>, retra\u00e7ant l\u2019\u00e9volution du style, du design et de la l\u00e9gende.<br data-start=\"591\" data-end=\"594\" \/>\u26a0\ufe0f Saison 1993-94 manquante : Jordan \u00e9tait en \u201cfirst retirement\u201d.<\/p>\n<p data-start=\"663\" data-end=\"870\">\ud83d\udd39 <strong data-start=\"666\" data-end=\"685\">\u00c9dition limit\u00e9e<\/strong> : 4 exemplaires num\u00e9rot\u00e9s par carte<br data-start=\"721\" data-end=\"724\" \/>\ud83d\udd39 <strong data-start=\"727\" data-end=\"751\">Prix unitaire : 10 \u20ac<\/strong><br data-start=\"751\" data-end=\"754\" \/>\ud83d\udd39 <strong data-start=\"757\" data-end=\"769\">Format :<\/strong> 8,9 x 6,4 cm (style carte de collection)<br data-start=\"810\" data-end=\"813\" \/>\ud83d\udd39 Impression haute qualit\u00e9 \u2013 sleeve &amp; toploader inclus<\/p>\n<p data-start=\"872\" data-end=\"930\">\ud83c\udfc0 Choisissez votre ann\u00e9e\u2026 ou collectionnez-les toutes !<\/p>\n<p>&nbsp;<\/p>\n<p>&nbsp;<\/p>\n","protected":false},"excerpt":{"rendered":"<p>Flight Chronicles 84\u201398 #09 Air Jordan 8 De la Air Jordan 1 de 1984 jusqu\u2019\u00e0 la Air Jordan XIV de 1998, chaque carte de cette s\u00e9rie rend hommage aux paires mythiques port\u00e9es par Michael Jordan tout au long de sa carri\u00e8re. Une collection unique de 13 visuels, retra\u00e7ant l\u2019\u00e9volution du style, du design et de [&hellip;]<\/p>\n","protected":false},"featured_media":18653,"template":"","meta":{"_crdt_document":"","_uag_custom_page_level_css":"","_swt_meta_header_display":false,"_swt_meta_footer_display":false,"_swt_meta_site_title_display":false,"_swt_meta_sticky_header":false,"_swt_meta_transparent_header":false},"product_brand":[],"product_cat":[5100,5308],"product_tag":[5832,5421,5831,5830,5141,5169],"class_list":{"0":"post-18664","1":"product","2":"type-product","3":"status-publish","4":"has-post-thumbnail","6":"product_cat-cartes-sneakers","7":"product_cat-nouveautes","8":"product_tag-5832","9":"product_tag-air","10":"product_tag-chronicles","11":"product_tag-flight","12":"product_tag-jordan","13":"product_tag-nike","14":"product_shipping_class-cartes","16":"first","17":"outofstock","18":"shipping-taxable","19":"purchasable","20":"product-type-simple"},"uagb_featured_image_src":{"full":["https:\/\/www.iamslip.com\/wp-content\/uploads\/2025\/09\/mockup_carte_slab_jordan9.jpg",736,924,false],"thumbnail":["https:\/\/www.iamslip.com\/wp-content\/uploads\/2025\/09\/mockup_carte_slab_jordan9-150x150.jpg",150,150,true],"medium":["https:\/\/www.iamslip.com\/wp-content\/uploads\/2025\/09\/mockup_carte_slab_jordan9-239x300.jpg",239,300,true],"medium_large":["https:\/\/www.iamslip.com\/wp-content\/uploads\/2025\/09\/mockup_carte_slab_jordan9.jpg",736,924,false],"large":["https:\/\/www.iamslip.com\/wp-content\/uploads\/2025\/09\/mockup_carte_slab_jordan9.jpg",736,924,false],"1536x1536":["https:\/\/www.iamslip.com\/wp-content\/uploads\/2025\/09\/mockup_carte_slab_jordan9.jpg",736,924,false],"2048x2048":["https:\/\/www.iamslip.com\/wp-content\/uploads\/2025\/09\/mockup_carte_slab_jordan9.jpg",736,924,false],"woocommerce_thumbnail":["https:\/\/www.iamslip.com\/wp-content\/uploads\/2025\/09\/mockup_carte_slab_jordan9-300x300.jpg",300,300,true],"woocommerce_single":["https:\/\/www.iamslip.com\/wp-content\/uploads\/2025\/09\/mockup_carte_slab_jordan9-600x753.jpg",600,753,true],"woocommerce_gallery_thumbnail":["https:\/\/www.iamslip.com\/wp-content\/uploads\/2025\/09\/mockup_carte_slab_jordan9-100x100.jpg",100,100,true]},"uagb_author_info":{"display_name":"slip","author_link":"https:\/\/www.iamslip.com\/?author=0"},"uagb_comment_info":0,"uagb_excerpt":"Flight Chronicles 84\u201398 #09 Air Jordan 8 De la Air Jordan 1 de 1984 jusqu\u2019\u00e0 la Air Jordan XIV de 1998, chaque carte de cette s\u00e9rie rend hommage aux paires mythiques port\u00e9es par Michael Jordan tout au long de sa carri\u00e8re. Une collection unique de 13 visuels, retra\u00e7ant l\u2019\u00e9volution du style, du design et de\u2026","_links":{"self":[{"href":"https:\/\/www.iamslip.com\/index.php?rest_route=\/wp\/v2\/product\/18664","targetHints":{"allow":["GET"]}}],"collection":[{"href":"https:\/\/www.iamslip.com\/index.php?rest_route=\/wp\/v2\/product"}],"about":[{"href":"https:\/\/www.iamslip.com\/index.php?rest_route=\/wp\/v2\/types\/product"}],"wp:featuredmedia":[{"embeddable":true,"href":"https:\/\/www.iamslip.com\/index.php?rest_route=\/wp\/v2\/media\/18653"}],"wp:attachment":[{"href":"https:\/\/www.iamslip.com\/index.php?rest_route=%2Fwp%2Fv2%2Fmedia&parent=18664"}],"wp:term":[{"taxonomy":"product_brand","embeddable":true,"href":"https:\/\/www.iamslip.com\/index.php?rest_route=%2Fwp%2Fv2%2Fproduct_brand&post=18664"},{"taxonomy":"product_cat","embeddable":true,"href":"https:\/\/www.iamslip.com\/index.php?rest_route=%2Fwp%2Fv2%2Fproduct_cat&post=18664"},{"taxonomy":"product_tag","embeddable":true,"href":"https:\/\/www.iamslip.com\/index.php?rest_route=%2Fwp%2Fv2%2Fproduct_tag&post=18664"}],"curies":[{"name":"wp","href":"https:\/\/api.w.org\/{rel}","templated":true}]}}