{"id":18305,"date":"2025-05-11T18:13:07","date_gmt":"2025-05-11T16:13:07","guid":{"rendered":"https:\/\/www.iamslip.com\/?post_type=product&#038;p=18305"},"modified":"2025-12-17T16:05:33","modified_gmt":"2025-12-17T15:05:33","slug":"lebron-james-luka-doncic","status":"publish","type":"product","link":"https:\/\/www.iamslip.com\/?product=lebron-james-luka-doncic","title":{"rendered":"LeBron James &#038; Luka Don\u010di\u0107"},"content":{"rendered":"<p data-start=\"220\" data-end=\"543\">Deux g\u00e9n\u00e9rations, un m\u00eame <strong data-start=\"246\" data-end=\"276\">instinct de jeu surnaturel<\/strong>.<br data-start=\"277\" data-end=\"280\" \/><strong data-start=\"280\" data-end=\"296\">LeBron James<\/strong>, l\u2019architecte du jeu total, et <strong data-start=\"328\" data-end=\"343\">Luka Don\u010di\u0107<\/strong>, son digne h\u00e9ritier venu d\u2019Europe, partagent cette capacit\u00e9 rare \u00e0 <strong data-start=\"411\" data-end=\"456\">voir les choses avant qu\u2019elles n\u2019arrivent<\/strong>. Vision, cr\u00e9ativit\u00e9, contr\u00f4le du tempo : le ballon leur ob\u00e9it, le jeu leur appartient.<\/p>\n<p data-start=\"545\" data-end=\"694\">\ud83d\udd39 <strong data-start=\"548\" data-end=\"558\">LeBron<\/strong>, machine \u00e0 tout faire, toujours ma\u00eetre du tempo \u00e0 39 ans.<br data-start=\"616\" data-end=\"619\" \/>\ud83d\udd39 <strong data-start=\"622\" data-end=\"630\">Luka<\/strong>, le prodige \u00e0 l\u2019allure nonchalante, mais \u00e0 la pr\u00e9cision l\u00e9tale.<\/p>\n<p data-start=\"696\" data-end=\"883\">\n<p data-start=\"885\" data-end=\"1111\">\ud83d\udd39 <strong data-start=\"888\" data-end=\"956\">S\u00e9rie Iconic Duo \u2013 Quand les plus grands parlent le m\u00eame langage<\/strong><br data-start=\"956\" data-end=\"959\" \/>\ud83d\udd39 <strong data-start=\"962\" data-end=\"974\">Format :<\/strong> 8,9 x 6,4 cm (style carte de collection)<br data-start=\"1015\" data-end=\"1018\" \/>\ud83d\udd39 <strong data-start=\"1021\" data-end=\"1052\">Impression de haute qualit\u00e9<\/strong><br data-start=\"1052\" data-end=\"1055\" \/>\ud83d\udd39 <strong data-start=\"1058\" data-end=\"1109\">Exp\u00e9dition prot\u00e9g\u00e9e (sleeve &amp; toploader inclus)<\/strong><\/p>\n<p data-start=\"1113\" data-end=\"1197\" data-is-last-node=\"\" data-is-only-node=\"\">\ud83c\udfc0 <strong data-start=\"1116\" data-end=\"1190\">Une carte pour ceux qui aiment le basket pens\u00e9, millim\u00e9tr\u00e9, orchestr\u00e9.<\/strong> \ud83e\udde0\ud83c\udfaf\ud83d\udd25<\/p>\n","protected":false},"excerpt":{"rendered":"<p>Deux g\u00e9n\u00e9rations, un m\u00eame instinct de jeu surnaturel.LeBron James, l\u2019architecte du jeu total, et Luka Don\u010di\u0107, son digne h\u00e9ritier venu d\u2019Europe, partagent cette capacit\u00e9 rare \u00e0 voir les choses avant qu\u2019elles n\u2019arrivent. Vision, cr\u00e9ativit\u00e9, contr\u00f4le du tempo : le ballon leur ob\u00e9it, le jeu leur appartient. \ud83d\udd39 LeBron, machine \u00e0 tout faire, toujours ma\u00eetre du [&hellip;]<\/p>\n","protected":false},"featured_media":18306,"template":"","meta":{"_crdt_document":"","_uag_custom_page_level_css":"","_swt_meta_header_display":false,"_swt_meta_footer_display":false,"_swt_meta_site_title_display":false,"_swt_meta_sticky_header":false,"_swt_meta_transparent_header":false},"product_brand":[],"product_cat":[5119],"product_tag":[5124,5123,5121,5122,5120],"class_list":{"0":"post-18305","1":"product","2":"type-product","3":"status-publish","4":"has-post-thumbnail","6":"product_cat-cartes-nba-duo","7":"product_tag-duo","8":"product_tag-iconic","9":"product_tag-kobe","10":"product_tag-lakers","11":"product_tag-shaq","12":"product_shipping_class-cartes","14":"first","15":"instock","16":"shipping-taxable","17":"purchasable","18":"product-type-simple"},"uagb_featured_image_src":{"full":["https:\/\/www.iamslip.com\/wp-content\/uploads\/2025\/05\/mockup_carte_slabDuo27.jpg",736,924,false],"thumbnail":["https:\/\/www.iamslip.com\/wp-content\/uploads\/2025\/05\/mockup_carte_slabDuo27-150x150.jpg",150,150,true],"medium":["https:\/\/www.iamslip.com\/wp-content\/uploads\/2025\/05\/mockup_carte_slabDuo27-239x300.jpg",239,300,true],"medium_large":["https:\/\/www.iamslip.com\/wp-content\/uploads\/2025\/05\/mockup_carte_slabDuo27.jpg",736,924,false],"large":["https:\/\/www.iamslip.com\/wp-content\/uploads\/2025\/05\/mockup_carte_slabDuo27.jpg",736,924,false],"1536x1536":["https:\/\/www.iamslip.com\/wp-content\/uploads\/2025\/05\/mockup_carte_slabDuo27.jpg",736,924,false],"2048x2048":["https:\/\/www.iamslip.com\/wp-content\/uploads\/2025\/05\/mockup_carte_slabDuo27.jpg",736,924,false],"woocommerce_thumbnail":["https:\/\/www.iamslip.com\/wp-content\/uploads\/2025\/05\/mockup_carte_slabDuo27-300x300.jpg",300,300,true],"woocommerce_single":["https:\/\/www.iamslip.com\/wp-content\/uploads\/2025\/05\/mockup_carte_slabDuo27-600x753.jpg",600,753,true],"woocommerce_gallery_thumbnail":["https:\/\/www.iamslip.com\/wp-content\/uploads\/2025\/05\/mockup_carte_slabDuo27-100x100.jpg",100,100,true]},"uagb_author_info":{"display_name":"slip","author_link":"https:\/\/www.iamslip.com\/?author=0"},"uagb_comment_info":0,"uagb_excerpt":"Deux g\u00e9n\u00e9rations, un m\u00eame instinct de jeu surnaturel.LeBron James, l\u2019architecte du jeu total, et Luka Don\u010di\u0107, son digne h\u00e9ritier venu d\u2019Europe, partagent cette capacit\u00e9 rare \u00e0 voir les choses avant qu\u2019elles n\u2019arrivent. Vision, cr\u00e9ativit\u00e9, contr\u00f4le du tempo : le ballon leur ob\u00e9it, le jeu leur appartient. \ud83d\udd39 LeBron, machine \u00e0 tout faire, toujours ma\u00eetre du\u2026","_links":{"self":[{"href":"https:\/\/www.iamslip.com\/index.php?rest_route=\/wp\/v2\/product\/18305","targetHints":{"allow":["GET"]}}],"collection":[{"href":"https:\/\/www.iamslip.com\/index.php?rest_route=\/wp\/v2\/product"}],"about":[{"href":"https:\/\/www.iamslip.com\/index.php?rest_route=\/wp\/v2\/types\/product"}],"wp:featuredmedia":[{"embeddable":true,"href":"https:\/\/www.iamslip.com\/index.php?rest_route=\/wp\/v2\/media\/18306"}],"wp:attachment":[{"href":"https:\/\/www.iamslip.com\/index.php?rest_route=%2Fwp%2Fv2%2Fmedia&parent=18305"}],"wp:term":[{"taxonomy":"product_brand","embeddable":true,"href":"https:\/\/www.iamslip.com\/index.php?rest_route=%2Fwp%2Fv2%2Fproduct_brand&post=18305"},{"taxonomy":"product_cat","embeddable":true,"href":"https:\/\/www.iamslip.com\/index.php?rest_route=%2Fwp%2Fv2%2Fproduct_cat&post=18305"},{"taxonomy":"product_tag","embeddable":true,"href":"https:\/\/www.iamslip.com\/index.php?rest_route=%2Fwp%2Fv2%2Fproduct_tag&post=18305"}],"curies":[{"name":"wp","href":"https:\/\/api.w.org\/{rel}","templated":true}]}}