{"id":18292,"date":"2025-05-14T09:08:38","date_gmt":"2025-05-14T07:08:38","guid":{"rendered":"https:\/\/www.iamslip.com\/?post_type=product&#038;p=18292"},"modified":"2026-03-24T23:03:50","modified_gmt":"2026-03-24T22:03:50","slug":"confrerie-des-shooters","status":"publish","type":"product","link":"https:\/\/www.iamslip.com\/?product=confrerie-des-shooters","title":{"rendered":"Confr\u00e9rie des Shooters"},"content":{"rendered":"<h2>Confr\u00e9rie des Shooters<\/h2>\n<h3>DD-SLP63<\/h3>\n<p data-start=\"246\" data-end=\"502\">Deux \u00e9poques, <strong data-start=\"260\" data-end=\"280\">un m\u00eame h\u00e9ritage<\/strong> : celui de l\u2019adresse chirurgicale et des filets br\u00fbl\u00e9s. Avec <strong data-start=\"342\" data-end=\"370\">\u00ab\u00a0Confr\u00e9rie des Shooters\u00a0\u00bb<\/strong>, SLip r\u00e9unit <strong data-start=\"384\" data-end=\"397\">Ray Allen<\/strong>, l\u2019\u00e9l\u00e9gance en mouvement, et <strong data-start=\"427\" data-end=\"444\">Stephen Curry<\/strong>, le chaos contr\u00f4l\u00e9 venu de n\u2019importe o\u00f9 sur le terrain.<\/p>\n<p data-start=\"504\" data-end=\"712\">Ils ne tirent pas, ils sculptent l\u2019espace. Ils ne visent pas, ils imposent leur rythme. Ensemble, ils forment une <strong data-start=\"618\" data-end=\"635\">lign\u00e9e sacr\u00e9e<\/strong> de tireurs d\u2019\u00e9lite, une sorte d\u2019ordre mystique d\u00e9di\u00e9 au <strong data-start=\"692\" data-end=\"709\">swish parfait<\/strong>.<\/p>\n<p data-start=\"714\" data-end=\"853\">Dans une composition inspir\u00e9e de l\u2019art religieux, cette carte c\u00e9l\u00e8bre <strong data-start=\"784\" data-end=\"809\">la foi en la distance<\/strong>, et ceux qui en ont fait une arme divine.<\/p>\n<p data-start=\"855\" data-end=\"1090\">\ud83d\udd39 <strong data-start=\"858\" data-end=\"935\">S\u00e9rie Double Double \u2013 L\u2019histoire du basket revisit\u00e9e fa\u00e7on grands ma\u00eetres<\/strong><br data-start=\"935\" data-end=\"938\" \/>\ud83d\udd39 <strong data-start=\"941\" data-end=\"953\">Format :<\/strong> 8,9 x 6,4 cm (style carte de collection)<br data-start=\"994\" data-end=\"997\" \/>\ud83d\udd39 <strong data-start=\"1000\" data-end=\"1031\">Impression de haute qualit\u00e9<\/strong><br data-start=\"1031\" data-end=\"1034\" \/>\ud83d\udd39 <strong data-start=\"1037\" data-end=\"1088\">Exp\u00e9dition prot\u00e9g\u00e9e (sleeve &amp; toploader inclus)<\/strong><\/p>\n<p data-start=\"1092\" data-end=\"1188\" data-is-last-node=\"\" data-is-only-node=\"\">\ud83c\udfc0 <strong data-start=\"1095\" data-end=\"1183\">Une carte pour les disciples du shoot pur, o\u00f9 chaque tir est une pri\u00e8re\u2026 qui rentre.<\/strong> \ud83c\udfaf\ud83d\udd25<\/p>\n<p>&nbsp;<\/p>\n<p>&nbsp;<\/p>\n<p>&nbsp;<\/p>\n<p>&nbsp;<\/p>\n<p>&nbsp;<\/p>\n<p>&nbsp;<\/p>\n<p>&nbsp;<\/p>\n<p>&nbsp;<\/p>\n<p>&nbsp;<\/p>\n<p>&nbsp;<\/p>\n","protected":false},"excerpt":{"rendered":"<p>Confr\u00e9rie des Shooters DD-SLP63 Deux \u00e9poques, un m\u00eame h\u00e9ritage : celui de l\u2019adresse chirurgicale et des filets br\u00fbl\u00e9s. Avec \u00ab\u00a0Confr\u00e9rie des Shooters\u00a0\u00bb, SLip r\u00e9unit Ray Allen, l\u2019\u00e9l\u00e9gance en mouvement, et Stephen Curry, le chaos contr\u00f4l\u00e9 venu de n\u2019importe o\u00f9 sur le terrain. Ils ne tirent pas, ils sculptent l\u2019espace. Ils ne visent pas, ils imposent [&hellip;]<\/p>\n","protected":false},"featured_media":18296,"template":"","meta":{"_crdt_document":"","_uag_custom_page_level_css":"","_swt_meta_header_display":false,"_swt_meta_footer_display":false,"_swt_meta_site_title_display":false,"_swt_meta_sticky_header":false,"_swt_meta_transparent_header":false},"product_brand":[],"product_cat":[5099],"product_tag":[5445,5267,5105,5452,5453,5451,5454],"class_list":{"0":"post-18292","1":"product","2":"type-product","3":"status-publish","4":"has-post-thumbnail","6":"product_cat-cartes-double-double","7":"product_tag-allen","8":"product_tag-curry","9":"product_tag-doubledouble","10":"product_tag-machine","11":"product_tag-ray","12":"product_tag-shooting","13":"product_tag-steph","14":"product_shipping_class-cartes","16":"first","17":"instock","18":"shipping-taxable","19":"purchasable","20":"product-type-simple"},"uagb_featured_image_src":{"full":["https:\/\/www.iamslip.com\/wp-content\/uploads\/2025\/05\/mockup_carte_slabDD63.jpg",736,924,false],"thumbnail":["https:\/\/www.iamslip.com\/wp-content\/uploads\/2025\/05\/mockup_carte_slabDD63-150x150.jpg",150,150,true],"medium":["https:\/\/www.iamslip.com\/wp-content\/uploads\/2025\/05\/mockup_carte_slabDD63-239x300.jpg",239,300,true],"medium_large":["https:\/\/www.iamslip.com\/wp-content\/uploads\/2025\/05\/mockup_carte_slabDD63.jpg",736,924,false],"large":["https:\/\/www.iamslip.com\/wp-content\/uploads\/2025\/05\/mockup_carte_slabDD63.jpg",736,924,false],"1536x1536":["https:\/\/www.iamslip.com\/wp-content\/uploads\/2025\/05\/mockup_carte_slabDD63.jpg",736,924,false],"2048x2048":["https:\/\/www.iamslip.com\/wp-content\/uploads\/2025\/05\/mockup_carte_slabDD63.jpg",736,924,false],"woocommerce_thumbnail":["https:\/\/www.iamslip.com\/wp-content\/uploads\/2025\/05\/mockup_carte_slabDD63-300x300.jpg",300,300,true],"woocommerce_single":["https:\/\/www.iamslip.com\/wp-content\/uploads\/2025\/05\/mockup_carte_slabDD63-600x753.jpg",600,753,true],"woocommerce_gallery_thumbnail":["https:\/\/www.iamslip.com\/wp-content\/uploads\/2025\/05\/mockup_carte_slabDD63-100x100.jpg",100,100,true]},"uagb_author_info":{"display_name":"slip","author_link":"https:\/\/www.iamslip.com\/?author=0"},"uagb_comment_info":0,"uagb_excerpt":"Confr\u00e9rie des Shooters DD-SLP63 Deux \u00e9poques, un m\u00eame h\u00e9ritage : celui de l\u2019adresse chirurgicale et des filets br\u00fbl\u00e9s. Avec \u00ab\u00a0Confr\u00e9rie des Shooters\u00a0\u00bb, SLip r\u00e9unit Ray Allen, l\u2019\u00e9l\u00e9gance en mouvement, et Stephen Curry, le chaos contr\u00f4l\u00e9 venu de n\u2019importe o\u00f9 sur le terrain. Ils ne tirent pas, ils sculptent l\u2019espace. Ils ne visent pas, ils imposent\u2026","_links":{"self":[{"href":"https:\/\/www.iamslip.com\/index.php?rest_route=\/wp\/v2\/product\/18292","targetHints":{"allow":["GET"]}}],"collection":[{"href":"https:\/\/www.iamslip.com\/index.php?rest_route=\/wp\/v2\/product"}],"about":[{"href":"https:\/\/www.iamslip.com\/index.php?rest_route=\/wp\/v2\/types\/product"}],"wp:featuredmedia":[{"embeddable":true,"href":"https:\/\/www.iamslip.com\/index.php?rest_route=\/wp\/v2\/media\/18296"}],"wp:attachment":[{"href":"https:\/\/www.iamslip.com\/index.php?rest_route=%2Fwp%2Fv2%2Fmedia&parent=18292"}],"wp:term":[{"taxonomy":"product_brand","embeddable":true,"href":"https:\/\/www.iamslip.com\/index.php?rest_route=%2Fwp%2Fv2%2Fproduct_brand&post=18292"},{"taxonomy":"product_cat","embeddable":true,"href":"https:\/\/www.iamslip.com\/index.php?rest_route=%2Fwp%2Fv2%2Fproduct_cat&post=18292"},{"taxonomy":"product_tag","embeddable":true,"href":"https:\/\/www.iamslip.com\/index.php?rest_route=%2Fwp%2Fv2%2Fproduct_tag&post=18292"}],"curies":[{"name":"wp","href":"https:\/\/api.w.org\/{rel}","templated":true}]}}