{"id":18288,"date":"2025-05-14T09:08:38","date_gmt":"2025-05-14T07:08:38","guid":{"rendered":"https:\/\/www.iamslip.com\/?post_type=product&#038;p=18288"},"modified":"2025-12-25T20:35:26","modified_gmt":"2025-12-25T19:35:26","slug":"pere-et-fils","status":"publish","type":"product","link":"https:\/\/www.iamslip.com\/?product=pere-et-fils","title":{"rendered":"P\u00e8re et Fils"},"content":{"rendered":"<h2>P\u00e8re et Fils<\/h2>\n<h3>DD-SLP62<\/h3>\n<p data-start=\"224\" data-end=\"493\">Depuis ses d\u00e9buts, <strong data-start=\"243\" data-end=\"259\">LeBron James<\/strong> poursuit un objectif unique : <strong data-start=\"290\" data-end=\"347\">partager un jour le parquet NBA avec son fils, Bronny<\/strong>. Une sc\u00e8ne digne d\u2019un film, une premi\u00e8re dans l\u2019histoire de la ligue, et un symbole fort de <strong data-start=\"440\" data-end=\"490\">transmission, de long\u00e9vit\u00e9 et de r\u00eave accompli<\/strong>.<\/p>\n<p data-start=\"495\" data-end=\"704\">Avec <strong data-start=\"500\" data-end=\"518\">\u00ab\u00a0P\u00e8re et Fils\u00a0\u00bb<\/strong>, SLip capture cette vision entre \u00e9motion et mythe, dans une mise en sc\u00e8ne inspir\u00e9e de la peinture classique : <strong data-start=\"629\" data-end=\"655\">le roi et son h\u00e9ritier<\/strong>, entre h\u00e9ritage imposant et avenir prometteur.<\/p>\n<p data-start=\"706\" data-end=\"937\">\ud83d\udd39 <strong data-start=\"709\" data-end=\"782\">S\u00e9rie Double Double \u2013 Le basket racont\u00e9 \u00e0 travers l\u2019art et la culture<\/strong><br data-start=\"782\" data-end=\"785\" \/>\ud83d\udd39 <strong data-start=\"788\" data-end=\"800\">Format :<\/strong> 8,9 x 6,4 cm (style carte de collection)<br data-start=\"841\" data-end=\"844\" \/>\ud83d\udd39 <strong data-start=\"847\" data-end=\"878\">Impression de haute qualit\u00e9<\/strong><br data-start=\"878\" data-end=\"881\" \/>\ud83d\udd39 <strong data-start=\"884\" data-end=\"935\" data-is-only-node=\"\">Exp\u00e9dition prot\u00e9g\u00e9e (sleeve &amp; toploader inclus)<\/strong><\/p>\n<p data-start=\"939\" data-end=\"1051\" data-is-last-node=\"\" data-is-only-node=\"\">\ud83c\udfc0 <strong data-start=\"942\" data-end=\"1044\">Une carte charg\u00e9e de symbole, pour saluer le lien unique entre deux g\u00e9n\u00e9rations\u2026 unies par le jeu.<\/strong> \ud83d\udc51\ud83d\udc76\ud83d\udd25<\/p>\n<p>&nbsp;<\/p>\n<p>&nbsp;<\/p>\n<p>&nbsp;<\/p>\n<p>&nbsp;<\/p>\n<p>&nbsp;<\/p>\n<p>&nbsp;<\/p>\n<p>&nbsp;<\/p>\n<p>&nbsp;<\/p>\n<p>&nbsp;<\/p>\n","protected":false},"excerpt":{"rendered":"<p>P\u00e8re et Fils DD-SLP62 Depuis ses d\u00e9buts, LeBron James poursuit un objectif unique : partager un jour le parquet NBA avec son fils, Bronny. Une sc\u00e8ne digne d\u2019un film, une premi\u00e8re dans l\u2019histoire de la ligue, et un symbole fort de transmission, de long\u00e9vit\u00e9 et de r\u00eave accompli. Avec \u00ab\u00a0P\u00e8re et Fils\u00a0\u00bb, SLip capture cette [&hellip;]<\/p>\n","protected":false},"featured_media":18291,"template":"","meta":{"_crdt_document":"","_uag_custom_page_level_css":"","_swt_meta_header_display":false,"_swt_meta_footer_display":false,"_swt_meta_site_title_display":false,"_swt_meta_sticky_header":false,"_swt_meta_transparent_header":false},"product_brand":[],"product_cat":[5099],"product_tag":[5105,5450,5340,5122,5339,5449],"class_list":{"0":"post-18288","1":"product","2":"type-product","3":"status-publish","4":"has-post-thumbnail","6":"product_cat-cartes-double-double","7":"product_tag-doubledouble","8":"product_tag-fils","9":"product_tag-james","10":"product_tag-lakers","11":"product_tag-lebron","12":"product_tag-pere","13":"product_shipping_class-cartes","15":"first","16":"instock","17":"shipping-taxable","18":"purchasable","19":"product-type-simple"},"uagb_featured_image_src":{"full":["https:\/\/www.iamslip.com\/wp-content\/uploads\/2025\/05\/mockup_carte_slabDD62.jpg",736,924,false],"thumbnail":["https:\/\/www.iamslip.com\/wp-content\/uploads\/2025\/05\/mockup_carte_slabDD62-150x150.jpg",150,150,true],"medium":["https:\/\/www.iamslip.com\/wp-content\/uploads\/2025\/05\/mockup_carte_slabDD62-239x300.jpg",239,300,true],"medium_large":["https:\/\/www.iamslip.com\/wp-content\/uploads\/2025\/05\/mockup_carte_slabDD62.jpg",736,924,false],"large":["https:\/\/www.iamslip.com\/wp-content\/uploads\/2025\/05\/mockup_carte_slabDD62.jpg",736,924,false],"1536x1536":["https:\/\/www.iamslip.com\/wp-content\/uploads\/2025\/05\/mockup_carte_slabDD62.jpg",736,924,false],"2048x2048":["https:\/\/www.iamslip.com\/wp-content\/uploads\/2025\/05\/mockup_carte_slabDD62.jpg",736,924,false],"woocommerce_thumbnail":["https:\/\/www.iamslip.com\/wp-content\/uploads\/2025\/05\/mockup_carte_slabDD62-300x300.jpg",300,300,true],"woocommerce_single":["https:\/\/www.iamslip.com\/wp-content\/uploads\/2025\/05\/mockup_carte_slabDD62-600x753.jpg",600,753,true],"woocommerce_gallery_thumbnail":["https:\/\/www.iamslip.com\/wp-content\/uploads\/2025\/05\/mockup_carte_slabDD62-100x100.jpg",100,100,true]},"uagb_author_info":{"display_name":"slip","author_link":"https:\/\/www.iamslip.com\/?author=0"},"uagb_comment_info":0,"uagb_excerpt":"P\u00e8re et Fils DD-SLP62 Depuis ses d\u00e9buts, LeBron James poursuit un objectif unique : partager un jour le parquet NBA avec son fils, Bronny. Une sc\u00e8ne digne d\u2019un film, une premi\u00e8re dans l\u2019histoire de la ligue, et un symbole fort de transmission, de long\u00e9vit\u00e9 et de r\u00eave accompli. Avec \u00ab\u00a0P\u00e8re et Fils\u00a0\u00bb, SLip capture cette\u2026","_links":{"self":[{"href":"https:\/\/www.iamslip.com\/index.php?rest_route=\/wp\/v2\/product\/18288","targetHints":{"allow":["GET"]}}],"collection":[{"href":"https:\/\/www.iamslip.com\/index.php?rest_route=\/wp\/v2\/product"}],"about":[{"href":"https:\/\/www.iamslip.com\/index.php?rest_route=\/wp\/v2\/types\/product"}],"wp:featuredmedia":[{"embeddable":true,"href":"https:\/\/www.iamslip.com\/index.php?rest_route=\/wp\/v2\/media\/18291"}],"wp:attachment":[{"href":"https:\/\/www.iamslip.com\/index.php?rest_route=%2Fwp%2Fv2%2Fmedia&parent=18288"}],"wp:term":[{"taxonomy":"product_brand","embeddable":true,"href":"https:\/\/www.iamslip.com\/index.php?rest_route=%2Fwp%2Fv2%2Fproduct_brand&post=18288"},{"taxonomy":"product_cat","embeddable":true,"href":"https:\/\/www.iamslip.com\/index.php?rest_route=%2Fwp%2Fv2%2Fproduct_cat&post=18288"},{"taxonomy":"product_tag","embeddable":true,"href":"https:\/\/www.iamslip.com\/index.php?rest_route=%2Fwp%2Fv2%2Fproduct_tag&post=18288"}],"curies":[{"name":"wp","href":"https:\/\/api.w.org\/{rel}","templated":true}]}}