{"id":18284,"date":"2025-05-14T09:08:38","date_gmt":"2025-05-14T07:08:38","guid":{"rendered":"https:\/\/www.iamslip.com\/?post_type=product&#038;p=18284"},"modified":"2025-12-05T12:07:33","modified_gmt":"2025-12-05T11:07:33","slug":"cover-boy-2","status":"publish","type":"product","link":"https:\/\/www.iamslip.com\/?product=cover-boy-2","title":{"rendered":"Cover Boy"},"content":{"rendered":"<h2>Cover Boy<\/h2>\n<h3>DD-SLP61<\/h3>\n<p data-start=\"216\" data-end=\"486\">En 1999, <strong data-start=\"225\" data-end=\"242\">Allen Iverson<\/strong> fait la une de <strong data-start=\"258\" data-end=\"280\">Sports Illustrated<\/strong> dans une pose aussi styl\u00e9e que provocante : cha\u00eenes en or, regard d\u00e9fiant, attitude 100% Philly. Cette image cristallise tout ce qu\u2019A.I. repr\u00e9sente : <strong data-start=\"431\" data-end=\"483\">le style, la rue, la r\u00e9bellion et le talent brut<\/strong>.<\/p>\n<p data-start=\"488\" data-end=\"744\">Avec <strong data-start=\"493\" data-end=\"508\">\u00ab\u00a0Cover Boy\u00a0\u00bb<\/strong>, SLip revisite cette <strong data-start=\"530\" data-end=\"553\">couverture mythique<\/strong> dans l\u2019univers de l\u2019art classique. Une fa\u00e7on de c\u00e9l\u00e9brer <strong data-start=\"611\" data-end=\"645\">celui qui a red\u00e9fini les codes<\/strong>, sur le terrain comme en dehors, en imposant son identit\u00e9 dans un monde qui voulait le formater.<\/p>\n<p data-start=\"746\" data-end=\"994\">\ud83d\udd39 <strong data-start=\"749\" data-end=\"839\">S\u00e9rie Double Double \u2013 Quand les ic\u00f4nes modernes se fondent dans l\u2019esth\u00e9tique classique<\/strong><br data-start=\"839\" data-end=\"842\" \/>\ud83d\udd39 <strong data-start=\"845\" data-end=\"857\">Format :<\/strong> 8,9 x 6,4 cm (style carte de collection)<br data-start=\"898\" data-end=\"901\" \/>\ud83d\udd39 <strong data-start=\"904\" data-end=\"935\">Impression de haute qualit\u00e9<\/strong><br data-start=\"935\" data-end=\"938\" \/>\ud83d\udd39 <strong data-start=\"941\" data-end=\"992\" data-is-only-node=\"\">Exp\u00e9dition prot\u00e9g\u00e9e (sleeve &amp; toploader inclus)<\/strong><\/p>\n<p data-start=\"996\" data-end=\"1115\" data-is-last-node=\"\" data-is-only-node=\"\">\ud83c\udfc0 <strong data-start=\"999\" data-end=\"1110\">Une carte pour ceux qui savent que le style, c\u2019est une d\u00e9claration. Et qu\u2019Iverson en a fait une r\u00e9volution.<\/strong> \ud83d\udda4\ud83d\udcf8<\/p>\n<p>&nbsp;<\/p>\n<p>&nbsp;<\/p>\n<p>&nbsp;<\/p>\n<p>&nbsp;<\/p>\n<p>&nbsp;<\/p>\n<p>&nbsp;<\/p>\n<p>&nbsp;<\/p>\n<p>&nbsp;<\/p>\n","protected":false},"excerpt":{"rendered":"<p>Cover Boy DD-SLP61 En 1999, Allen Iverson fait la une de Sports Illustrated dans une pose aussi styl\u00e9e que provocante : cha\u00eenes en or, regard d\u00e9fiant, attitude 100% Philly. Cette image cristallise tout ce qu\u2019A.I. repr\u00e9sente : le style, la rue, la r\u00e9bellion et le talent brut. Avec \u00ab\u00a0Cover Boy\u00a0\u00bb, SLip revisite cette couverture mythique [&hellip;]<\/p>\n","protected":false},"featured_media":18287,"template":"","meta":{"_crdt_document":"","_uag_custom_page_level_css":"","_swt_meta_header_display":false,"_swt_meta_footer_display":false,"_swt_meta_site_title_display":false,"_swt_meta_sticky_header":false,"_swt_meta_transparent_header":false},"product_brand":[],"product_cat":[5099],"product_tag":[5445,5446,5105,5448,5112,5447],"class_list":{"0":"post-18284","1":"product","2":"type-product","3":"status-publish","4":"has-post-thumbnail","6":"product_cat-cartes-double-double","7":"product_tag-allen","8":"product_tag-couverture","9":"product_tag-doubledouble","10":"product_tag-illustrated","11":"product_tag-iverson","12":"product_tag-sport","13":"product_shipping_class-cartes","15":"first","16":"outofstock","17":"shipping-taxable","18":"purchasable","19":"product-type-simple"},"uagb_featured_image_src":{"full":["https:\/\/www.iamslip.com\/wp-content\/uploads\/2025\/05\/mockup_carte_slabDD61.jpg",736,924,false],"thumbnail":["https:\/\/www.iamslip.com\/wp-content\/uploads\/2025\/05\/mockup_carte_slabDD61-150x150.jpg",150,150,true],"medium":["https:\/\/www.iamslip.com\/wp-content\/uploads\/2025\/05\/mockup_carte_slabDD61-239x300.jpg",239,300,true],"medium_large":["https:\/\/www.iamslip.com\/wp-content\/uploads\/2025\/05\/mockup_carte_slabDD61.jpg",736,924,false],"large":["https:\/\/www.iamslip.com\/wp-content\/uploads\/2025\/05\/mockup_carte_slabDD61.jpg",736,924,false],"1536x1536":["https:\/\/www.iamslip.com\/wp-content\/uploads\/2025\/05\/mockup_carte_slabDD61.jpg",736,924,false],"2048x2048":["https:\/\/www.iamslip.com\/wp-content\/uploads\/2025\/05\/mockup_carte_slabDD61.jpg",736,924,false],"woocommerce_thumbnail":["https:\/\/www.iamslip.com\/wp-content\/uploads\/2025\/05\/mockup_carte_slabDD61-300x300.jpg",300,300,true],"woocommerce_single":["https:\/\/www.iamslip.com\/wp-content\/uploads\/2025\/05\/mockup_carte_slabDD61-600x753.jpg",600,753,true],"woocommerce_gallery_thumbnail":["https:\/\/www.iamslip.com\/wp-content\/uploads\/2025\/05\/mockup_carte_slabDD61-100x100.jpg",100,100,true]},"uagb_author_info":{"display_name":"slip","author_link":"https:\/\/www.iamslip.com\/?author=0"},"uagb_comment_info":0,"uagb_excerpt":"Cover Boy DD-SLP61 En 1999, Allen Iverson fait la une de Sports Illustrated dans une pose aussi styl\u00e9e que provocante : cha\u00eenes en or, regard d\u00e9fiant, attitude 100% Philly. Cette image cristallise tout ce qu\u2019A.I. repr\u00e9sente : le style, la rue, la r\u00e9bellion et le talent brut. Avec \u00ab\u00a0Cover Boy\u00a0\u00bb, SLip revisite cette couverture mythique\u2026","_links":{"self":[{"href":"https:\/\/www.iamslip.com\/index.php?rest_route=\/wp\/v2\/product\/18284","targetHints":{"allow":["GET"]}}],"collection":[{"href":"https:\/\/www.iamslip.com\/index.php?rest_route=\/wp\/v2\/product"}],"about":[{"href":"https:\/\/www.iamslip.com\/index.php?rest_route=\/wp\/v2\/types\/product"}],"wp:featuredmedia":[{"embeddable":true,"href":"https:\/\/www.iamslip.com\/index.php?rest_route=\/wp\/v2\/media\/18287"}],"wp:attachment":[{"href":"https:\/\/www.iamslip.com\/index.php?rest_route=%2Fwp%2Fv2%2Fmedia&parent=18284"}],"wp:term":[{"taxonomy":"product_brand","embeddable":true,"href":"https:\/\/www.iamslip.com\/index.php?rest_route=%2Fwp%2Fv2%2Fproduct_brand&post=18284"},{"taxonomy":"product_cat","embeddable":true,"href":"https:\/\/www.iamslip.com\/index.php?rest_route=%2Fwp%2Fv2%2Fproduct_cat&post=18284"},{"taxonomy":"product_tag","embeddable":true,"href":"https:\/\/www.iamslip.com\/index.php?rest_route=%2Fwp%2Fv2%2Fproduct_tag&post=18284"}],"curies":[{"name":"wp","href":"https:\/\/api.w.org\/{rel}","templated":true}]}}