{"id":18280,"date":"2025-05-14T09:08:39","date_gmt":"2025-05-14T07:08:39","guid":{"rendered":"https:\/\/www.iamslip.com\/?post_type=product&#038;p=18280"},"modified":"2025-12-20T17:20:42","modified_gmt":"2025-12-20T16:20:42","slug":"100","status":"publish","type":"product","link":"https:\/\/www.iamslip.com\/?product=100","title":{"rendered":"100"},"content":{"rendered":"<h2>100<\/h2>\n<h3>DD-SLP56<\/h3>\n<p data-start=\"208\" data-end=\"400\">Le <strong data-start=\"211\" data-end=\"226\">2 mars 1962<\/strong>, <strong data-start=\"228\" data-end=\"248\">Wilt Chamberlain<\/strong> inscrit <strong data-start=\"257\" data-end=\"271\">100 points<\/strong> en un seul match NBA. Aucun replay, pas d\u2019image vid\u00e9o\u2026 mais une l\u00e9gende grav\u00e9e \u00e0 l\u2019encre \u00e9ternelle sur une feuille griffonn\u00e9e.<\/p>\n<p data-start=\"402\" data-end=\"694\">Avec la carte <strong data-start=\"416\" data-end=\"425\">\u00ab\u00a0100\u00a0\u00bb<\/strong>, SLip rend hommage \u00e0 ce moment mythique, entre mythe et r\u00e9alit\u00e9, o\u00f9 <strong data-start=\"494\" data-end=\"513\">le \u00ab\u00a0Big Dipper\u00a0\u00bb<\/strong> red\u00e9finit les limites humaines sur un parquet d\u00e9sert\u00e9 par les cam\u00e9ras. Une <strong data-start=\"589\" data-end=\"613\">performance irr\u00e9elle<\/strong>, transform\u00e9e en ic\u00f4ne visuelle, m\u00ealant puissance brute et post\u00e9rit\u00e9 fantasm\u00e9e.<\/p>\n<p data-start=\"696\" data-end=\"920\">\ud83d\udd39 <strong data-start=\"699\" data-end=\"765\">S\u00e9rie Double Double \u2013 Quand les instants cultes deviennent art<\/strong><br data-start=\"765\" data-end=\"768\" \/>\ud83d\udd39 <strong data-start=\"771\" data-end=\"783\">Format :<\/strong> 8,9 x 6,4 cm (style carte de collection)<br data-start=\"824\" data-end=\"827\" \/>\ud83d\udd39 <strong data-start=\"830\" data-end=\"861\">Impression de haute qualit\u00e9<\/strong><br data-start=\"861\" data-end=\"864\" \/>\ud83d\udd39 <strong data-start=\"867\" data-end=\"918\" data-is-only-node=\"\">Exp\u00e9dition prot\u00e9g\u00e9e (sleeve &amp; toploader inclus)<\/strong><\/p>\n<p data-start=\"922\" data-end=\"1046\" data-is-last-node=\"\" data-is-only-node=\"\">\ud83c\udfc0 <strong data-start=\"925\" data-end=\"1041\">Une carte pour c\u00e9l\u00e9brer le plus grand scoring game de tous les temps. Sans filtre. Sans vid\u00e9o. Juste la l\u00e9gende.<\/strong> \ud83d\udcaf\ud83d\udd25<\/p>\n<p>&nbsp;<\/p>\n<p>&nbsp;<\/p>\n<p>&nbsp;<\/p>\n<p>&nbsp;<\/p>\n<p>&nbsp;<\/p>\n<p>&nbsp;<\/p>\n<p>&nbsp;<\/p>\n","protected":false},"excerpt":{"rendered":"<p>100 DD-SLP56 Le 2 mars 1962, Wilt Chamberlain inscrit 100 points en un seul match NBA. Aucun replay, pas d\u2019image vid\u00e9o\u2026 mais une l\u00e9gende grav\u00e9e \u00e0 l\u2019encre \u00e9ternelle sur une feuille griffonn\u00e9e. Avec la carte \u00ab\u00a0100\u00a0\u00bb, SLip rend hommage \u00e0 ce moment mythique, entre mythe et r\u00e9alit\u00e9, o\u00f9 le \u00ab\u00a0Big Dipper\u00a0\u00bb red\u00e9finit les limites humaines [&hellip;]<\/p>\n","protected":false},"featured_media":18283,"template":"","meta":{"_crdt_document":"","_uag_custom_page_level_css":"","_swt_meta_header_display":false,"_swt_meta_footer_display":false,"_swt_meta_site_title_display":false,"_swt_meta_sticky_header":false,"_swt_meta_transparent_header":false},"product_brand":[],"product_cat":[5099],"product_tag":[5443,5126,5105,5444,5235],"class_list":{"0":"post-18280","1":"product","2":"type-product","3":"status-publish","4":"has-post-thumbnail","6":"product_cat-cartes-double-double","7":"product_tag-5443","8":"product_tag-chamberlain","9":"product_tag-doubledouble","10":"product_tag-points","11":"product_tag-wilt","12":"product_shipping_class-cartes","14":"first","15":"instock","16":"shipping-taxable","17":"purchasable","18":"product-type-simple"},"uagb_featured_image_src":{"full":["https:\/\/www.iamslip.com\/wp-content\/uploads\/2025\/05\/mockup_carte_slabDD57.jpg",736,924,false],"thumbnail":["https:\/\/www.iamslip.com\/wp-content\/uploads\/2025\/05\/mockup_carte_slabDD57-150x150.jpg",150,150,true],"medium":["https:\/\/www.iamslip.com\/wp-content\/uploads\/2025\/05\/mockup_carte_slabDD57-239x300.jpg",239,300,true],"medium_large":["https:\/\/www.iamslip.com\/wp-content\/uploads\/2025\/05\/mockup_carte_slabDD57.jpg",736,924,false],"large":["https:\/\/www.iamslip.com\/wp-content\/uploads\/2025\/05\/mockup_carte_slabDD57.jpg",736,924,false],"1536x1536":["https:\/\/www.iamslip.com\/wp-content\/uploads\/2025\/05\/mockup_carte_slabDD57.jpg",736,924,false],"2048x2048":["https:\/\/www.iamslip.com\/wp-content\/uploads\/2025\/05\/mockup_carte_slabDD57.jpg",736,924,false],"woocommerce_thumbnail":["https:\/\/www.iamslip.com\/wp-content\/uploads\/2025\/05\/mockup_carte_slabDD57-300x300.jpg",300,300,true],"woocommerce_single":["https:\/\/www.iamslip.com\/wp-content\/uploads\/2025\/05\/mockup_carte_slabDD57-600x753.jpg",600,753,true],"woocommerce_gallery_thumbnail":["https:\/\/www.iamslip.com\/wp-content\/uploads\/2025\/05\/mockup_carte_slabDD57-100x100.jpg",100,100,true]},"uagb_author_info":{"display_name":"slip","author_link":"https:\/\/www.iamslip.com\/?author=0"},"uagb_comment_info":0,"uagb_excerpt":"100 DD-SLP56 Le 2 mars 1962, Wilt Chamberlain inscrit 100 points en un seul match NBA. Aucun replay, pas d\u2019image vid\u00e9o\u2026 mais une l\u00e9gende grav\u00e9e \u00e0 l\u2019encre \u00e9ternelle sur une feuille griffonn\u00e9e. Avec la carte \u00ab\u00a0100\u00a0\u00bb, SLip rend hommage \u00e0 ce moment mythique, entre mythe et r\u00e9alit\u00e9, o\u00f9 le \u00ab\u00a0Big Dipper\u00a0\u00bb red\u00e9finit les limites humaines\u2026","_links":{"self":[{"href":"https:\/\/www.iamslip.com\/index.php?rest_route=\/wp\/v2\/product\/18280","targetHints":{"allow":["GET"]}}],"collection":[{"href":"https:\/\/www.iamslip.com\/index.php?rest_route=\/wp\/v2\/product"}],"about":[{"href":"https:\/\/www.iamslip.com\/index.php?rest_route=\/wp\/v2\/types\/product"}],"wp:featuredmedia":[{"embeddable":true,"href":"https:\/\/www.iamslip.com\/index.php?rest_route=\/wp\/v2\/media\/18283"}],"wp:attachment":[{"href":"https:\/\/www.iamslip.com\/index.php?rest_route=%2Fwp%2Fv2%2Fmedia&parent=18280"}],"wp:term":[{"taxonomy":"product_brand","embeddable":true,"href":"https:\/\/www.iamslip.com\/index.php?rest_route=%2Fwp%2Fv2%2Fproduct_brand&post=18280"},{"taxonomy":"product_cat","embeddable":true,"href":"https:\/\/www.iamslip.com\/index.php?rest_route=%2Fwp%2Fv2%2Fproduct_cat&post=18280"},{"taxonomy":"product_tag","embeddable":true,"href":"https:\/\/www.iamslip.com\/index.php?rest_route=%2Fwp%2Fv2%2Fproduct_tag&post=18280"}],"curies":[{"name":"wp","href":"https:\/\/api.w.org\/{rel}","templated":true}]}}