{"id":18266,"date":"2025-05-10T18:31:31","date_gmt":"2025-05-10T16:31:31","guid":{"rendered":"https:\/\/www.iamslip.com\/?post_type=product&#038;p=18266"},"modified":"2025-12-25T20:35:26","modified_gmt":"2025-12-25T19:35:26","slug":"pistol-le-mage","status":"publish","type":"product","link":"https:\/\/www.iamslip.com\/?product=pistol-le-mage","title":{"rendered":"Pistol le Mage"},"content":{"rendered":"<h2>Pistol le Mage<\/h2>\n<h3>DD-SLP52<\/h3>\n<p data-start=\"213\" data-end=\"415\">Avant les crossovers, les passes dans le dos et les highlights en boucle, il y avait <strong data-start=\"298\" data-end=\"324\">Pete \u00ab\u00a0Pistol\u00a0\u00bb Maravich<\/strong>. Un artiste du parquet, un showman visionnaire, un magicien \u00e0 la gestuelle surnaturelle.<\/p>\n<p data-start=\"417\" data-end=\"590\">Avec <strong data-start=\"422\" data-end=\"442\">\u00ab\u00a0Pistol le Mage\u00a0\u00bb<\/strong>, SLip transpose ce sorcier du basket dans un d\u00e9cor de <strong data-start=\"497\" data-end=\"520\">fantaisie m\u00e9di\u00e9vale<\/strong>, comme un <strong data-start=\"531\" data-end=\"556\">alchimiste du dribble<\/strong> ou un enchanteur du playmaking.<\/p>\n<p data-start=\"592\" data-end=\"729\">Une carte hommage \u00e0 un joueur <strong data-start=\"622\" data-end=\"654\">trop en avance sur son temps<\/strong>, dont le style flamboyant continue d\u2019inspirer les g\u00e9n\u00e9rations actuelles.<\/p>\n<p data-start=\"731\" data-end=\"986\">\ud83d\udd39 <strong data-start=\"734\" data-end=\"831\">S\u00e9rie Double Double \u2013 Quand les l\u00e9gendes du basket prennent vie dans l\u2019art classique d\u00e9tourn\u00e9<\/strong><br data-start=\"831\" data-end=\"834\" \/>\ud83d\udd39 <strong data-start=\"837\" data-end=\"849\">Format :<\/strong> 8,9 x 6,4 cm (style carte de collection)<br data-start=\"890\" data-end=\"893\" \/>\ud83d\udd39 <strong data-start=\"896\" data-end=\"927\">Impression de haute qualit\u00e9<\/strong><br data-start=\"927\" data-end=\"930\" \/>\ud83d\udd39 <strong data-start=\"933\" data-end=\"984\">Exp\u00e9dition prot\u00e9g\u00e9e (sleeve &amp; toploader inclus)<\/strong><\/p>\n<p data-start=\"988\" data-end=\"1076\" data-is-last-node=\"\" data-is-only-node=\"\">\ud83c\udfa9 <strong data-start=\"991\" data-end=\"1072\">Une carte pour les esth\u00e8tes du jeu, les r\u00eaveurs\u2026 et les fans de magie orange.<\/strong> \u2728\ud83c\udfc0<\/p>\n<p>&nbsp;<\/p>\n<p>&nbsp;<\/p>\n<p>&nbsp;<\/p>\n<p>&nbsp;<\/p>\n<p>&nbsp;<\/p>\n<p>&nbsp;<\/p>\n","protected":false},"excerpt":{"rendered":"<p>Pistol le Mage DD-SLP52 Avant les crossovers, les passes dans le dos et les highlights en boucle, il y avait Pete \u00ab\u00a0Pistol\u00a0\u00bb Maravich. Un artiste du parquet, un showman visionnaire, un magicien \u00e0 la gestuelle surnaturelle. Avec \u00ab\u00a0Pistol le Mage\u00a0\u00bb, SLip transpose ce sorcier du basket dans un d\u00e9cor de fantaisie m\u00e9di\u00e9vale, comme un alchimiste [&hellip;]<\/p>\n","protected":false},"featured_media":18268,"template":"","meta":{"_crdt_document":"","_uag_custom_page_level_css":"","_swt_meta_header_display":false,"_swt_meta_footer_display":false,"_swt_meta_site_title_display":false,"_swt_meta_sticky_header":false,"_swt_meta_transparent_header":false},"product_brand":[],"product_cat":[5099],"product_tag":[5105,5234,5228,5439,5438,5440],"class_list":{"0":"post-18266","1":"product","2":"type-product","3":"status-publish","4":"has-post-thumbnail","6":"product_cat-cartes-double-double","7":"product_tag-doubledouble","8":"product_tag-histoire","9":"product_tag-jazz","10":"product_tag-maravich","11":"product_tag-pete","12":"product_tag-salt-lake","13":"product_shipping_class-cartes","15":"first","16":"instock","17":"shipping-taxable","18":"purchasable","19":"product-type-simple"},"uagb_featured_image_src":{"full":["https:\/\/www.iamslip.com\/wp-content\/uploads\/2025\/05\/mockup_carte_slabDD53.jpg",736,924,false],"thumbnail":["https:\/\/www.iamslip.com\/wp-content\/uploads\/2025\/05\/mockup_carte_slabDD53-150x150.jpg",150,150,true],"medium":["https:\/\/www.iamslip.com\/wp-content\/uploads\/2025\/05\/mockup_carte_slabDD53-239x300.jpg",239,300,true],"medium_large":["https:\/\/www.iamslip.com\/wp-content\/uploads\/2025\/05\/mockup_carte_slabDD53.jpg",736,924,false],"large":["https:\/\/www.iamslip.com\/wp-content\/uploads\/2025\/05\/mockup_carte_slabDD53.jpg",736,924,false],"1536x1536":["https:\/\/www.iamslip.com\/wp-content\/uploads\/2025\/05\/mockup_carte_slabDD53.jpg",736,924,false],"2048x2048":["https:\/\/www.iamslip.com\/wp-content\/uploads\/2025\/05\/mockup_carte_slabDD53.jpg",736,924,false],"woocommerce_thumbnail":["https:\/\/www.iamslip.com\/wp-content\/uploads\/2025\/05\/mockup_carte_slabDD53-300x300.jpg",300,300,true],"woocommerce_single":["https:\/\/www.iamslip.com\/wp-content\/uploads\/2025\/05\/mockup_carte_slabDD53-600x753.jpg",600,753,true],"woocommerce_gallery_thumbnail":["https:\/\/www.iamslip.com\/wp-content\/uploads\/2025\/05\/mockup_carte_slabDD53-100x100.jpg",100,100,true]},"uagb_author_info":{"display_name":"slip","author_link":"https:\/\/www.iamslip.com\/?author=0"},"uagb_comment_info":0,"uagb_excerpt":"Pistol le Mage DD-SLP52 Avant les crossovers, les passes dans le dos et les highlights en boucle, il y avait Pete \u00ab\u00a0Pistol\u00a0\u00bb Maravich. Un artiste du parquet, un showman visionnaire, un magicien \u00e0 la gestuelle surnaturelle. Avec \u00ab\u00a0Pistol le Mage\u00a0\u00bb, SLip transpose ce sorcier du basket dans un d\u00e9cor de fantaisie m\u00e9di\u00e9vale, comme un alchimiste\u2026","_links":{"self":[{"href":"https:\/\/www.iamslip.com\/index.php?rest_route=\/wp\/v2\/product\/18266","targetHints":{"allow":["GET"]}}],"collection":[{"href":"https:\/\/www.iamslip.com\/index.php?rest_route=\/wp\/v2\/product"}],"about":[{"href":"https:\/\/www.iamslip.com\/index.php?rest_route=\/wp\/v2\/types\/product"}],"wp:featuredmedia":[{"embeddable":true,"href":"https:\/\/www.iamslip.com\/index.php?rest_route=\/wp\/v2\/media\/18268"}],"wp:attachment":[{"href":"https:\/\/www.iamslip.com\/index.php?rest_route=%2Fwp%2Fv2%2Fmedia&parent=18266"}],"wp:term":[{"taxonomy":"product_brand","embeddable":true,"href":"https:\/\/www.iamslip.com\/index.php?rest_route=%2Fwp%2Fv2%2Fproduct_brand&post=18266"},{"taxonomy":"product_cat","embeddable":true,"href":"https:\/\/www.iamslip.com\/index.php?rest_route=%2Fwp%2Fv2%2Fproduct_cat&post=18266"},{"taxonomy":"product_tag","embeddable":true,"href":"https:\/\/www.iamslip.com\/index.php?rest_route=%2Fwp%2Fv2%2Fproduct_tag&post=18266"}],"curies":[{"name":"wp","href":"https:\/\/api.w.org\/{rel}","templated":true}]}}