{"id":18261,"date":"2025-05-10T18:31:32","date_gmt":"2025-05-10T16:31:32","guid":{"rendered":"https:\/\/www.iamslip.com\/?post_type=product&#038;p=18261"},"modified":"2025-06-29T07:46:58","modified_gmt":"2025-06-29T05:46:58","slug":"renaissance","status":"publish","type":"product","link":"https:\/\/www.iamslip.com\/?product=renaissance","title":{"rendered":"Renaissance"},"content":{"rendered":"<h2>Renaissance<\/h2>\n<h3>DD-SLP65<\/h3>\n<p data-start=\"217\" data-end=\"448\">Apr\u00e8s des ann\u00e9es d\u2019errance, <strong data-start=\"245\" data-end=\"268\">les Detroit Pistons<\/strong> retrouvent enfin la lumi\u00e8re des <strong data-start=\"301\" data-end=\"313\">playoffs<\/strong>. Une franchise mythique, forg\u00e9e dans le combat et le grind, qui revient avec une nouvelle g\u00e9n\u00e9ration pr\u00eate \u00e0 \u00e9crire sa propre l\u00e9gende.<\/p>\n<p data-start=\"450\" data-end=\"708\">La carte <strong data-start=\"459\" data-end=\"476\">\u00ab\u00a0Renaissance\u00a0\u00bb<\/strong> c\u00e9l\u00e8bre ce moment de partage entre le pass\u00e9 et le pr\u00e9sent. Dans un d\u00e9cor d\u2019art classique d\u00e9tourn\u00e9, la carte capture l\u2019id\u00e9e de <strong data-start=\"650\" data-end=\"665\">renaissance<\/strong>, de reconstruction et de fiert\u00e9 retrouv\u00e9e.<\/p>\n<p data-start=\"710\" data-end=\"951\">\ud83d\udd39 <strong data-start=\"713\" data-end=\"796\">S\u00e9rie Double Double \u2013 L\u2019histoire du basket r\u00e9imagin\u00e9e \u00e0 travers l\u2019art classique<\/strong><br data-start=\"796\" data-end=\"799\" \/>\ud83d\udd39 <strong data-start=\"802\" data-end=\"814\">Format :<\/strong> 8,9 x 6,4 cm (style carte de collection)<br data-start=\"855\" data-end=\"858\" \/>\ud83d\udd39 <strong data-start=\"861\" data-end=\"892\">Impression de haute qualit\u00e9<\/strong><br data-start=\"892\" data-end=\"895\" \/>\ud83d\udd39 <strong data-start=\"898\" data-end=\"949\" data-is-only-node=\"\">Exp\u00e9dition prot\u00e9g\u00e9e (sleeve &amp; toploader inclus)<\/strong><\/p>\n<p data-start=\"953\" data-end=\"1032\" data-is-last-node=\"\" data-is-only-node=\"\">\ud83c\udfc0 <strong data-start=\"956\" data-end=\"1027\">Un hommage \u00e0 la Motor City et \u00e0 l\u2019esprit de r\u00e9silience qui l\u2019anime.<\/strong> \ud83d\udd27\ud83d\udd25<\/p>\n<p>&nbsp;<\/p>\n<p>&nbsp;<\/p>\n<p>&nbsp;<\/p>\n<p>&nbsp;<\/p>\n<p>&nbsp;<\/p>\n","protected":false},"excerpt":{"rendered":"<p>Renaissance DD-SLP65 Apr\u00e8s des ann\u00e9es d\u2019errance, les Detroit Pistons retrouvent enfin la lumi\u00e8re des playoffs. Une franchise mythique, forg\u00e9e dans le combat et le grind, qui revient avec une nouvelle g\u00e9n\u00e9ration pr\u00eate \u00e0 \u00e9crire sa propre l\u00e9gende. La carte \u00ab\u00a0Renaissance\u00a0\u00bb c\u00e9l\u00e8bre ce moment de partage entre le pass\u00e9 et le pr\u00e9sent. Dans un d\u00e9cor d\u2019art [&hellip;]<\/p>\n","protected":false},"featured_media":18263,"template":"","meta":{"_crdt_document":"","_uag_custom_page_level_css":"","_swt_meta_header_display":false,"_swt_meta_footer_display":false,"_swt_meta_site_title_display":false,"_swt_meta_sticky_header":false,"_swt_meta_transparent_header":false},"product_brand":[],"product_cat":[5099],"product_tag":[5437,5162,5105,5435,5161,5436],"class_list":{"0":"post-18261","1":"product","2":"type-product","3":"status-publish","4":"has-post-thumbnail","6":"product_cat-cartes-double-double","7":"product_tag-cunningham","8":"product_tag-detroit","9":"product_tag-doubledouble","10":"product_tag-legacy","11":"product_tag-pistons","12":"product_tag-wallace","13":"product_shipping_class-cartes","15":"first","16":"instock","17":"shipping-taxable","18":"purchasable","19":"product-type-simple"},"uagb_featured_image_src":{"full":["https:\/\/www.iamslip.com\/wp-content\/uploads\/2025\/05\/mockup_carte_slabDD65.jpg",736,924,false],"thumbnail":["https:\/\/www.iamslip.com\/wp-content\/uploads\/2025\/05\/mockup_carte_slabDD65-150x150.jpg",150,150,true],"medium":["https:\/\/www.iamslip.com\/wp-content\/uploads\/2025\/05\/mockup_carte_slabDD65-239x300.jpg",239,300,true],"medium_large":["https:\/\/www.iamslip.com\/wp-content\/uploads\/2025\/05\/mockup_carte_slabDD65.jpg",736,924,false],"large":["https:\/\/www.iamslip.com\/wp-content\/uploads\/2025\/05\/mockup_carte_slabDD65.jpg",736,924,false],"1536x1536":["https:\/\/www.iamslip.com\/wp-content\/uploads\/2025\/05\/mockup_carte_slabDD65.jpg",736,924,false],"2048x2048":["https:\/\/www.iamslip.com\/wp-content\/uploads\/2025\/05\/mockup_carte_slabDD65.jpg",736,924,false],"woocommerce_thumbnail":["https:\/\/www.iamslip.com\/wp-content\/uploads\/2025\/05\/mockup_carte_slabDD65-300x300.jpg",300,300,true],"woocommerce_single":["https:\/\/www.iamslip.com\/wp-content\/uploads\/2025\/05\/mockup_carte_slabDD65-600x753.jpg",600,753,true],"woocommerce_gallery_thumbnail":["https:\/\/www.iamslip.com\/wp-content\/uploads\/2025\/05\/mockup_carte_slabDD65-100x100.jpg",100,100,true]},"uagb_author_info":{"display_name":"slip","author_link":"https:\/\/www.iamslip.com\/?author=0"},"uagb_comment_info":0,"uagb_excerpt":"Renaissance DD-SLP65 Apr\u00e8s des ann\u00e9es d\u2019errance, les Detroit Pistons retrouvent enfin la lumi\u00e8re des playoffs. Une franchise mythique, forg\u00e9e dans le combat et le grind, qui revient avec une nouvelle g\u00e9n\u00e9ration pr\u00eate \u00e0 \u00e9crire sa propre l\u00e9gende. La carte \u00ab\u00a0Renaissance\u00a0\u00bb c\u00e9l\u00e8bre ce moment de partage entre le pass\u00e9 et le pr\u00e9sent. Dans un d\u00e9cor d\u2019art\u2026","_links":{"self":[{"href":"https:\/\/www.iamslip.com\/index.php?rest_route=\/wp\/v2\/product\/18261","targetHints":{"allow":["GET"]}}],"collection":[{"href":"https:\/\/www.iamslip.com\/index.php?rest_route=\/wp\/v2\/product"}],"about":[{"href":"https:\/\/www.iamslip.com\/index.php?rest_route=\/wp\/v2\/types\/product"}],"wp:featuredmedia":[{"embeddable":true,"href":"https:\/\/www.iamslip.com\/index.php?rest_route=\/wp\/v2\/media\/18263"}],"wp:attachment":[{"href":"https:\/\/www.iamslip.com\/index.php?rest_route=%2Fwp%2Fv2%2Fmedia&parent=18261"}],"wp:term":[{"taxonomy":"product_brand","embeddable":true,"href":"https:\/\/www.iamslip.com\/index.php?rest_route=%2Fwp%2Fv2%2Fproduct_brand&post=18261"},{"taxonomy":"product_cat","embeddable":true,"href":"https:\/\/www.iamslip.com\/index.php?rest_route=%2Fwp%2Fv2%2Fproduct_cat&post=18261"},{"taxonomy":"product_tag","embeddable":true,"href":"https:\/\/www.iamslip.com\/index.php?rest_route=%2Fwp%2Fv2%2Fproduct_tag&post=18261"}],"curies":[{"name":"wp","href":"https:\/\/api.w.org\/{rel}","templated":true}]}}