{"id":18256,"date":"2025-05-10T18:31:32","date_gmt":"2025-05-10T16:31:32","guid":{"rendered":"https:\/\/www.iamslip.com\/?post_type=product&#038;p=18256"},"modified":"2025-12-25T20:35:26","modified_gmt":"2025-12-25T19:35:26","slug":"finger-roll-2","status":"publish","type":"product","link":"https:\/\/www.iamslip.com\/?product=finger-roll-2","title":{"rendered":"Finger Roll"},"content":{"rendered":"<h2>Finger Roll<\/h2>\n<h3>DD-SLP19<\/h3>\n<p data-start=\"207\" data-end=\"490\">Quand l\u2019\u00e9l\u00e9gance offensive rencontre la muraille d\u00e9fensive, le duel devient art. Avec <strong data-start=\"293\" data-end=\"310\">\u00ab\u00a0Finger Roll\u00a0\u00bb<\/strong>, SLip d\u00e9tourne un tableau classique pour figer un moment improbable : <strong data-start=\"381\" data-end=\"397\">Chris Mullin<\/strong>, en plein geste soyeux, d\u00e9pose un <strong data-start=\"432\" data-end=\"489\">finger roll millim\u00e9tr\u00e9\u2026 sur la t\u00eate d\u2019Hakeem Olajuwon<\/strong>.<\/p>\n<p data-start=\"492\" data-end=\"685\">Un clin d\u2019\u0153il \u00e0 la <strong data-start=\"511\" data-end=\"529\">technique pure<\/strong>, \u00e0 l\u2019art de contourner la puissance par le toucher. Une sc\u00e8ne absurde mais cr\u00e9dible, dans l\u2019univers o\u00f9 les r\u00e8gles du basket croisent celles de la peinture.<\/p>\n<p data-start=\"687\" data-end=\"919\">\ud83d\udd39 <strong data-start=\"690\" data-end=\"764\">S\u00e9rie Double Double \u2013 Le basket r\u00e9interpr\u00e9t\u00e9 \u00e0 travers l\u2019art classique<\/strong><br data-start=\"764\" data-end=\"767\" \/>\ud83d\udd39 <strong data-start=\"770\" data-end=\"782\">Format :<\/strong> 8,9 x 6,4 cm (style carte de collection)<br data-start=\"823\" data-end=\"826\" \/>\ud83d\udd39 <strong data-start=\"829\" data-end=\"860\">Impression de haute qualit\u00e9<\/strong><br data-start=\"860\" data-end=\"863\" \/>\ud83d\udd39 <strong data-start=\"866\" data-end=\"917\" data-is-only-node=\"\">Exp\u00e9dition prot\u00e9g\u00e9e (sleeve &amp; toploader inclus)<\/strong><\/p>\n<p data-start=\"921\" data-end=\"1012\" data-is-last-node=\"\" data-is-only-node=\"\">\ud83c\udfa8 <strong data-start=\"924\" data-end=\"1006\">Une carte pour les amateurs de finesse, de d\u00e9rision et de mismatchs po\u00e9tiques.<\/strong> \ud83d\uddbc\ufe0f\ud83c\udfc0<\/p>\n<p>&nbsp;<\/p>\n<p>&nbsp;<\/p>\n<p>&nbsp;<\/p>\n<p>&nbsp;<\/p>\n","protected":false},"excerpt":{"rendered":"<p>Finger Roll DD-SLP19 Quand l\u2019\u00e9l\u00e9gance offensive rencontre la muraille d\u00e9fensive, le duel devient art. Avec \u00ab\u00a0Finger Roll\u00a0\u00bb, SLip d\u00e9tourne un tableau classique pour figer un moment improbable : Chris Mullin, en plein geste soyeux, d\u00e9pose un finger roll millim\u00e9tr\u00e9\u2026 sur la t\u00eate d\u2019Hakeem Olajuwon. Un clin d\u2019\u0153il \u00e0 la technique pure, \u00e0 l\u2019art de contourner [&hellip;]<\/p>\n","protected":false},"featured_media":18257,"template":"","meta":{"_crdt_document":"","_uag_custom_page_level_css":"","_swt_meta_header_display":false,"_swt_meta_footer_display":false,"_swt_meta_site_title_display":false,"_swt_meta_sticky_header":false,"_swt_meta_transparent_header":false},"product_brand":[],"product_cat":[5099],"product_tag":[5430,5105,5433,5432,5431,5335,5434],"class_list":{"0":"post-18256","1":"product","2":"type-product","3":"status-publish","4":"has-post-thumbnail","6":"product_cat-cartes-double-double","7":"product_tag-chris","8":"product_tag-doubledouble","9":"product_tag-finger","10":"product_tag-hakeem","11":"product_tag-mullin","12":"product_tag-olajuwon","13":"product_tag-roll","14":"product_shipping_class-cartes","16":"first","17":"instock","18":"shipping-taxable","19":"purchasable","20":"product-type-simple"},"uagb_featured_image_src":{"full":["https:\/\/www.iamslip.com\/wp-content\/uploads\/2025\/05\/mockup_carte_slabDD20.jpg",736,924,false],"thumbnail":["https:\/\/www.iamslip.com\/wp-content\/uploads\/2025\/05\/mockup_carte_slabDD20-150x150.jpg",150,150,true],"medium":["https:\/\/www.iamslip.com\/wp-content\/uploads\/2025\/05\/mockup_carte_slabDD20-239x300.jpg",239,300,true],"medium_large":["https:\/\/www.iamslip.com\/wp-content\/uploads\/2025\/05\/mockup_carte_slabDD20.jpg",736,924,false],"large":["https:\/\/www.iamslip.com\/wp-content\/uploads\/2025\/05\/mockup_carte_slabDD20.jpg",736,924,false],"1536x1536":["https:\/\/www.iamslip.com\/wp-content\/uploads\/2025\/05\/mockup_carte_slabDD20.jpg",736,924,false],"2048x2048":["https:\/\/www.iamslip.com\/wp-content\/uploads\/2025\/05\/mockup_carte_slabDD20.jpg",736,924,false],"woocommerce_thumbnail":["https:\/\/www.iamslip.com\/wp-content\/uploads\/2025\/05\/mockup_carte_slabDD20-300x300.jpg",300,300,true],"woocommerce_single":["https:\/\/www.iamslip.com\/wp-content\/uploads\/2025\/05\/mockup_carte_slabDD20-600x753.jpg",600,753,true],"woocommerce_gallery_thumbnail":["https:\/\/www.iamslip.com\/wp-content\/uploads\/2025\/05\/mockup_carte_slabDD20-100x100.jpg",100,100,true]},"uagb_author_info":{"display_name":"slip","author_link":"https:\/\/www.iamslip.com\/?author=0"},"uagb_comment_info":0,"uagb_excerpt":"Finger Roll DD-SLP19 Quand l\u2019\u00e9l\u00e9gance offensive rencontre la muraille d\u00e9fensive, le duel devient art. Avec \u00ab\u00a0Finger Roll\u00a0\u00bb, SLip d\u00e9tourne un tableau classique pour figer un moment improbable : Chris Mullin, en plein geste soyeux, d\u00e9pose un finger roll millim\u00e9tr\u00e9\u2026 sur la t\u00eate d\u2019Hakeem Olajuwon. Un clin d\u2019\u0153il \u00e0 la technique pure, \u00e0 l\u2019art de contourner\u2026","_links":{"self":[{"href":"https:\/\/www.iamslip.com\/index.php?rest_route=\/wp\/v2\/product\/18256","targetHints":{"allow":["GET"]}}],"collection":[{"href":"https:\/\/www.iamslip.com\/index.php?rest_route=\/wp\/v2\/product"}],"about":[{"href":"https:\/\/www.iamslip.com\/index.php?rest_route=\/wp\/v2\/types\/product"}],"wp:featuredmedia":[{"embeddable":true,"href":"https:\/\/www.iamslip.com\/index.php?rest_route=\/wp\/v2\/media\/18257"}],"wp:attachment":[{"href":"https:\/\/www.iamslip.com\/index.php?rest_route=%2Fwp%2Fv2%2Fmedia&parent=18256"}],"wp:term":[{"taxonomy":"product_brand","embeddable":true,"href":"https:\/\/www.iamslip.com\/index.php?rest_route=%2Fwp%2Fv2%2Fproduct_brand&post=18256"},{"taxonomy":"product_cat","embeddable":true,"href":"https:\/\/www.iamslip.com\/index.php?rest_route=%2Fwp%2Fv2%2Fproduct_cat&post=18256"},{"taxonomy":"product_tag","embeddable":true,"href":"https:\/\/www.iamslip.com\/index.php?rest_route=%2Fwp%2Fv2%2Fproduct_tag&post=18256"}],"curies":[{"name":"wp","href":"https:\/\/api.w.org\/{rel}","templated":true}]}}