{"id":18252,"date":"2025-05-10T18:31:32","date_gmt":"2025-05-10T16:31:32","guid":{"rendered":"https:\/\/www.iamslip.com\/?post_type=product&#038;p=18252"},"modified":"2025-12-25T20:35:26","modified_gmt":"2025-12-25T19:35:26","slug":"toujours-rebondir","status":"publish","type":"product","link":"https:\/\/www.iamslip.com\/?product=toujours-rebondir","title":{"rendered":"Toujours Rebondir"},"content":{"rendered":"<h2>Toujours Rebondir<\/h2>\n<h3>DD-SLP04<\/h3>\n<p data-start=\"221\" data-end=\"516\"><strong data-start=\"221\" data-end=\"238\">Dennis Rodman<\/strong>, c\u2019est bien plus qu\u2019un sp\u00e9cialiste du rebond : c\u2019est un <strong data-start=\"295\" data-end=\"360\">symbole de r\u00e9silience, de chaos ma\u00eetris\u00e9 et de g\u00e9nie d\u00e9fensif<\/strong>. Avec la carte <strong data-start=\"376\" data-end=\"399\">\u00ab\u00a0Toujours Rebondir\u00a0\u00bb<\/strong>, SLip rend hommage \u00e0 un joueur qui a su <strong data-start=\"440\" data-end=\"480\">rebondir dans tous les sens du terme<\/strong> \u2014 sur le terrain comme dans la vie.<\/p>\n<p data-start=\"518\" data-end=\"753\">Entre provocations, excentricit\u00e9 et intensit\u00e9, Rodman n\u2019a jamais fait comme les autres, mais a toujours r\u00e9pondu pr\u00e9sent quand il le fallait. Une carte \u00e0 l\u2019image de son parcours : <strong data-start=\"697\" data-end=\"752\">impr\u00e9visible, rugueuse, mais profond\u00e9ment marquante<\/strong>.<\/p>\n<p data-start=\"755\" data-end=\"988\">\ud83d\udd39 <strong data-start=\"758\" data-end=\"833\">S\u00e9rie Double Double \u2013 Quand l\u2019art classique croise l\u2019histoire du basket<\/strong><br data-start=\"833\" data-end=\"836\" \/>\ud83d\udd39 <strong data-start=\"839\" data-end=\"851\">Format :<\/strong> 8,9 x 6,4 cm (style carte de collection)<br data-start=\"892\" data-end=\"895\" \/>\ud83d\udd39 <strong data-start=\"898\" data-end=\"929\">Impression de haute qualit\u00e9<\/strong><br data-start=\"929\" data-end=\"932\" \/>\ud83d\udd39 <strong data-start=\"935\" data-end=\"986\" data-is-only-node=\"\">Exp\u00e9dition prot\u00e9g\u00e9e (sleeve &amp; toploader inclus)<\/strong><\/p>\n<p data-start=\"990\" data-end=\"1100\" data-is-last-node=\"\" data-is-only-node=\"\">\ud83c\udfc0 <strong data-start=\"993\" data-end=\"1095\">Un hommage \u00e0 l\u2019un des plus grands outsiders de la NBA. Toujours \u00e0 contre-courant, toujours debout.<\/strong> \ud83d\udd04\ud83d\udd25<\/p>\n<p>&nbsp;<\/p>\n<p>&nbsp;<\/p>\n<p>&nbsp;<\/p>\n","protected":false},"excerpt":{"rendered":"<p>Toujours Rebondir DD-SLP04 Dennis Rodman, c\u2019est bien plus qu\u2019un sp\u00e9cialiste du rebond : c\u2019est un symbole de r\u00e9silience, de chaos ma\u00eetris\u00e9 et de g\u00e9nie d\u00e9fensif. Avec la carte \u00ab\u00a0Toujours Rebondir\u00a0\u00bb, SLip rend hommage \u00e0 un joueur qui a su rebondir dans tous les sens du terme \u2014 sur le terrain comme dans la vie. Entre [&hellip;]<\/p>\n","protected":false},"featured_media":18253,"template":"","meta":{"_crdt_document":"","_uag_custom_page_level_css":"","_swt_meta_header_display":false,"_swt_meta_footer_display":false,"_swt_meta_site_title_display":false,"_swt_meta_sticky_header":false,"_swt_meta_transparent_header":false},"product_brand":[],"product_cat":[5099],"product_tag":[5143,5144,5427,5105,5429,5428],"class_list":{"0":"post-18252","1":"product","2":"type-product","3":"status-publish","4":"has-post-thumbnail","6":"product_cat-cartes-double-double","7":"product_tag-bulls","8":"product_tag-chicago","9":"product_tag-dennis","10":"product_tag-doubledouble","11":"product_tag-rebond","12":"product_tag-rodman","13":"product_shipping_class-cartes","15":"first","16":"instock","17":"shipping-taxable","18":"purchasable","19":"product-type-simple"},"uagb_featured_image_src":{"full":["https:\/\/www.iamslip.com\/wp-content\/uploads\/2025\/05\/mockup_carte_slabDD03.jpg",736,924,false],"thumbnail":["https:\/\/www.iamslip.com\/wp-content\/uploads\/2025\/05\/mockup_carte_slabDD03-150x150.jpg",150,150,true],"medium":["https:\/\/www.iamslip.com\/wp-content\/uploads\/2025\/05\/mockup_carte_slabDD03-239x300.jpg",239,300,true],"medium_large":["https:\/\/www.iamslip.com\/wp-content\/uploads\/2025\/05\/mockup_carte_slabDD03.jpg",736,924,false],"large":["https:\/\/www.iamslip.com\/wp-content\/uploads\/2025\/05\/mockup_carte_slabDD03.jpg",736,924,false],"1536x1536":["https:\/\/www.iamslip.com\/wp-content\/uploads\/2025\/05\/mockup_carte_slabDD03.jpg",736,924,false],"2048x2048":["https:\/\/www.iamslip.com\/wp-content\/uploads\/2025\/05\/mockup_carte_slabDD03.jpg",736,924,false],"woocommerce_thumbnail":["https:\/\/www.iamslip.com\/wp-content\/uploads\/2025\/05\/mockup_carte_slabDD03-300x300.jpg",300,300,true],"woocommerce_single":["https:\/\/www.iamslip.com\/wp-content\/uploads\/2025\/05\/mockup_carte_slabDD03-600x753.jpg",600,753,true],"woocommerce_gallery_thumbnail":["https:\/\/www.iamslip.com\/wp-content\/uploads\/2025\/05\/mockup_carte_slabDD03-100x100.jpg",100,100,true]},"uagb_author_info":{"display_name":"slip","author_link":"https:\/\/www.iamslip.com\/?author=0"},"uagb_comment_info":0,"uagb_excerpt":"Toujours Rebondir DD-SLP04 Dennis Rodman, c\u2019est bien plus qu\u2019un sp\u00e9cialiste du rebond : c\u2019est un symbole de r\u00e9silience, de chaos ma\u00eetris\u00e9 et de g\u00e9nie d\u00e9fensif. Avec la carte \u00ab\u00a0Toujours Rebondir\u00a0\u00bb, SLip rend hommage \u00e0 un joueur qui a su rebondir dans tous les sens du terme \u2014 sur le terrain comme dans la vie. Entre\u2026","_links":{"self":[{"href":"https:\/\/www.iamslip.com\/index.php?rest_route=\/wp\/v2\/product\/18252","targetHints":{"allow":["GET"]}}],"collection":[{"href":"https:\/\/www.iamslip.com\/index.php?rest_route=\/wp\/v2\/product"}],"about":[{"href":"https:\/\/www.iamslip.com\/index.php?rest_route=\/wp\/v2\/types\/product"}],"wp:featuredmedia":[{"embeddable":true,"href":"https:\/\/www.iamslip.com\/index.php?rest_route=\/wp\/v2\/media\/18253"}],"wp:attachment":[{"href":"https:\/\/www.iamslip.com\/index.php?rest_route=%2Fwp%2Fv2%2Fmedia&parent=18252"}],"wp:term":[{"taxonomy":"product_brand","embeddable":true,"href":"https:\/\/www.iamslip.com\/index.php?rest_route=%2Fwp%2Fv2%2Fproduct_brand&post=18252"},{"taxonomy":"product_cat","embeddable":true,"href":"https:\/\/www.iamslip.com\/index.php?rest_route=%2Fwp%2Fv2%2Fproduct_cat&post=18252"},{"taxonomy":"product_tag","embeddable":true,"href":"https:\/\/www.iamslip.com\/index.php?rest_route=%2Fwp%2Fv2%2Fproduct_tag&post=18252"}],"curies":[{"name":"wp","href":"https:\/\/api.w.org\/{rel}","templated":true}]}}