{"id":18248,"date":"2025-05-10T18:31:32","date_gmt":"2025-05-10T16:31:32","guid":{"rendered":"https:\/\/www.iamslip.com\/?post_type=product&#038;p=18248"},"modified":"2025-12-17T16:05:33","modified_gmt":"2025-12-17T15:05:33","slug":"adidas-predator-accelerator","status":"publish","type":"product","link":"https:\/\/www.iamslip.com\/?product=adidas-predator-accelerator","title":{"rendered":"Adidas Predator Accelerator"},"content":{"rendered":"<h2>SNKR-SLP15<\/h2>\n<h2>Adidas Predator Accelerator<\/h2>\n<p data-start=\"208\" data-end=\"515\">Lanc\u00e9e en <strong data-start=\"218\" data-end=\"226\">1998<\/strong>, la <strong data-start=\"231\" data-end=\"255\">Predator Accelerator<\/strong> d\u2019<strong data-start=\"258\" data-end=\"268\">Adidas<\/strong> est bien plus qu\u2019une chaussure de foot : c\u2019est une l\u00e9gende aux pieds d\u2019un g\u00e9nie. Port\u00e9e par <strong data-start=\"361\" data-end=\"380\">Zin\u00e9dine Zidane<\/strong> lors de la Coupe du Monde remport\u00e9e par les Bleus, cette paire est devenue <strong data-start=\"456\" data-end=\"512\">synonyme de pr\u00e9cision, de classe et d\u2019impact mondial<\/strong>.<\/p>\n<p data-start=\"517\" data-end=\"693\">Avec ses bandes incurv\u00e9es et sa languette iconique, la Predator a marqu\u00e9 l\u2019histoire des crampons et laiss\u00e9 une empreinte ind\u00e9l\u00e9bile sur la pelouse\u2026 comme Zizou sur les c\u0153urs.<\/p>\n<p data-start=\"695\" data-end=\"833\">La carte <strong data-start=\"704\" data-end=\"718\">SNKR-SLP15<\/strong> rend hommage \u00e0 cette sneaker mythique, fusion parfaite entre <strong data-start=\"780\" data-end=\"830\">technologie, style et h\u00e9ritage footballistique<\/strong>.<\/p>\n<p data-start=\"835\" data-end=\"1056\">\ud83d\udd39 <strong data-start=\"838\" data-end=\"901\">S\u00e9rie SNKR \u2013 Les paires iconiques du sport et de la culture<\/strong><br data-start=\"901\" data-end=\"904\" \/>\ud83d\udd39 <strong data-start=\"907\" data-end=\"919\">Format :<\/strong> 8,9 x 6,4 cm (style carte de collection)<br data-start=\"960\" data-end=\"963\" \/>\ud83d\udd39 <strong data-start=\"966\" data-end=\"997\">Impression de haute qualit\u00e9<\/strong><br data-start=\"997\" data-end=\"1000\" \/>\ud83d\udd39 <strong data-start=\"1003\" data-end=\"1054\">Exp\u00e9dition prot\u00e9g\u00e9e (sleeve &amp; toploader inclus)<\/strong><\/p>\n<p data-start=\"1058\" data-end=\"1137\" data-is-last-node=\"\" data-is-only-node=\"\">\u26bd <strong data-start=\"1060\" data-end=\"1131\">Une carte pour les nostalgiques du foot pur et du num\u00e9ro 10 ultime.<\/strong> \ud83c\uddeb\ud83c\uddf7\u2728<\/p>\n<p>&nbsp;<\/p>\n<p>&nbsp;<\/p>\n<p>&nbsp;<\/p>\n","protected":false},"excerpt":{"rendered":"<p>SNKR-SLP15 Adidas Predator Accelerator Lanc\u00e9e en 1998, la Predator Accelerator d\u2019Adidas est bien plus qu\u2019une chaussure de foot : c\u2019est une l\u00e9gende aux pieds d\u2019un g\u00e9nie. Port\u00e9e par Zin\u00e9dine Zidane lors de la Coupe du Monde remport\u00e9e par les Bleus, cette paire est devenue synonyme de pr\u00e9cision, de classe et d\u2019impact mondial. Avec ses bandes [&hellip;]<\/p>\n","protected":false},"featured_media":18273,"template":"","meta":{"_crdt_document":"","_uag_custom_page_level_css":"","_swt_meta_header_display":false,"_swt_meta_footer_display":false,"_swt_meta_site_title_display":false,"_swt_meta_sticky_header":false,"_swt_meta_transparent_header":false},"product_brand":[],"product_cat":[5100],"product_tag":[5423,5425,5421,5424,5169,5167,5426,5422],"class_list":{"0":"post-18248","1":"product","2":"type-product","3":"status-publish","4":"has-post-thumbnail","6":"product_cat-cartes-sneakers","7":"product_tag-5423","8":"product_tag-agassi","9":"product_tag-air","10":"product_tag-mcenroe","11":"product_tag-nike","12":"product_tag-sneakers","13":"product_tag-tennis","14":"product_tag-trainer","15":"product_shipping_class-cartes","17":"first","18":"outofstock","19":"shipping-taxable","20":"purchasable","21":"product-type-simple"},"uagb_featured_image_src":{"full":["https:\/\/www.iamslip.com\/wp-content\/uploads\/2025\/05\/mockup_carte_slabSNKR15.jpg",736,924,false],"thumbnail":["https:\/\/www.iamslip.com\/wp-content\/uploads\/2025\/05\/mockup_carte_slabSNKR15-150x150.jpg",150,150,true],"medium":["https:\/\/www.iamslip.com\/wp-content\/uploads\/2025\/05\/mockup_carte_slabSNKR15-239x300.jpg",239,300,true],"medium_large":["https:\/\/www.iamslip.com\/wp-content\/uploads\/2025\/05\/mockup_carte_slabSNKR15.jpg",736,924,false],"large":["https:\/\/www.iamslip.com\/wp-content\/uploads\/2025\/05\/mockup_carte_slabSNKR15.jpg",736,924,false],"1536x1536":["https:\/\/www.iamslip.com\/wp-content\/uploads\/2025\/05\/mockup_carte_slabSNKR15.jpg",736,924,false],"2048x2048":["https:\/\/www.iamslip.com\/wp-content\/uploads\/2025\/05\/mockup_carte_slabSNKR15.jpg",736,924,false],"woocommerce_thumbnail":["https:\/\/www.iamslip.com\/wp-content\/uploads\/2025\/05\/mockup_carte_slabSNKR15-300x300.jpg",300,300,true],"woocommerce_single":["https:\/\/www.iamslip.com\/wp-content\/uploads\/2025\/05\/mockup_carte_slabSNKR15-600x753.jpg",600,753,true],"woocommerce_gallery_thumbnail":["https:\/\/www.iamslip.com\/wp-content\/uploads\/2025\/05\/mockup_carte_slabSNKR15-100x100.jpg",100,100,true]},"uagb_author_info":{"display_name":"slip","author_link":"https:\/\/www.iamslip.com\/?author=0"},"uagb_comment_info":0,"uagb_excerpt":"SNKR-SLP15 Adidas Predator Accelerator Lanc\u00e9e en 1998, la Predator Accelerator d\u2019Adidas est bien plus qu\u2019une chaussure de foot : c\u2019est une l\u00e9gende aux pieds d\u2019un g\u00e9nie. Port\u00e9e par Zin\u00e9dine Zidane lors de la Coupe du Monde remport\u00e9e par les Bleus, cette paire est devenue synonyme de pr\u00e9cision, de classe et d\u2019impact mondial. Avec ses bandes\u2026","_links":{"self":[{"href":"https:\/\/www.iamslip.com\/index.php?rest_route=\/wp\/v2\/product\/18248","targetHints":{"allow":["GET"]}}],"collection":[{"href":"https:\/\/www.iamslip.com\/index.php?rest_route=\/wp\/v2\/product"}],"about":[{"href":"https:\/\/www.iamslip.com\/index.php?rest_route=\/wp\/v2\/types\/product"}],"wp:featuredmedia":[{"embeddable":true,"href":"https:\/\/www.iamslip.com\/index.php?rest_route=\/wp\/v2\/media\/18273"}],"wp:attachment":[{"href":"https:\/\/www.iamslip.com\/index.php?rest_route=%2Fwp%2Fv2%2Fmedia&parent=18248"}],"wp:term":[{"taxonomy":"product_brand","embeddable":true,"href":"https:\/\/www.iamslip.com\/index.php?rest_route=%2Fwp%2Fv2%2Fproduct_brand&post=18248"},{"taxonomy":"product_cat","embeddable":true,"href":"https:\/\/www.iamslip.com\/index.php?rest_route=%2Fwp%2Fv2%2Fproduct_cat&post=18248"},{"taxonomy":"product_tag","embeddable":true,"href":"https:\/\/www.iamslip.com\/index.php?rest_route=%2Fwp%2Fv2%2Fproduct_tag&post=18248"}],"curies":[{"name":"wp","href":"https:\/\/api.w.org\/{rel}","templated":true}]}}