{"id":18165,"date":"2025-03-29T09:33:50","date_gmt":"2025-03-29T08:33:50","guid":{"rendered":"https:\/\/www.iamslip.com\/?post_type=product&#038;p=18165"},"modified":"2025-05-10T18:51:02","modified_gmt":"2025-05-10T16:51:02","slug":"cover-boy","status":"publish","type":"product","link":"https:\/\/www.iamslip.com\/?product=cover-boy","title":{"rendered":"Cover Boy"},"content":{"rendered":"<p class=\"product-description\">Collage Num\u00e9rique<\/p>\n<p class=\"product-description\">Affiche A3 sur papier 270g, sign\u00e9e par SLip<\/p>\n<p>&nbsp;<\/p>\n<p class=\"product-description\">extrait de l&rsquo;exposition <strong>Double Double<\/strong><\/p>\n<p><span data-sheets-root=\"1\">d&rsquo;apr\u00e8s \u00ab\u00a0Herbert Beerbohm Tree, as King John\u00a0\u00bb de Karl August B\u00fcchel <\/span><\/p>\n","protected":false},"excerpt":{"rendered":"<p>Collage Num\u00e9rique Affiche A3 sur papier 270g, sign\u00e9e par SLip &nbsp; extrait de l&rsquo;exposition Double Double d&rsquo;apr\u00e8s \u00ab\u00a0Herbert Beerbohm Tree, as King John\u00a0\u00bb de Karl August B\u00fcchel<\/p>\n","protected":false},"featured_media":18160,"template":"","meta":{"_crdt_document":"","_uag_custom_page_level_css":"","_swt_meta_header_display":false,"_swt_meta_footer_display":false,"_swt_meta_site_title_display":false,"_swt_meta_sticky_header":false,"_swt_meta_transparent_header":false},"product_brand":[],"product_cat":[5103],"product_tag":[5346,5112],"class_list":{"0":"post-18165","1":"product","2":"type-product","3":"status-publish","4":"has-post-thumbnail","6":"product_cat-prints-double-double","7":"product_tag-cover","8":"product_tag-iverson","9":"product_shipping_class-prints","11":"first","12":"instock","13":"shipping-taxable","14":"purchasable","15":"product-type-simple"},"uagb_featured_image_src":{"full":["https:\/\/www.iamslip.com\/wp-content\/uploads\/2025\/03\/a3-iverson.jpg",566,800,false],"thumbnail":["https:\/\/www.iamslip.com\/wp-content\/uploads\/2025\/03\/a3-iverson-150x150.jpg",150,150,true],"medium":["https:\/\/www.iamslip.com\/wp-content\/uploads\/2025\/03\/a3-iverson-212x300.jpg",212,300,true],"medium_large":["https:\/\/www.iamslip.com\/wp-content\/uploads\/2025\/03\/a3-iverson.jpg",566,800,false],"large":["https:\/\/www.iamslip.com\/wp-content\/uploads\/2025\/03\/a3-iverson.jpg",566,800,false],"1536x1536":["https:\/\/www.iamslip.com\/wp-content\/uploads\/2025\/03\/a3-iverson.jpg",566,800,false],"2048x2048":["https:\/\/www.iamslip.com\/wp-content\/uploads\/2025\/03\/a3-iverson.jpg",566,800,false],"woocommerce_thumbnail":["https:\/\/www.iamslip.com\/wp-content\/uploads\/2025\/03\/a3-iverson-300x300.jpg",300,300,true],"woocommerce_single":["https:\/\/www.iamslip.com\/wp-content\/uploads\/2025\/03\/a3-iverson.jpg",566,800,false],"woocommerce_gallery_thumbnail":["https:\/\/www.iamslip.com\/wp-content\/uploads\/2025\/03\/a3-iverson-100x100.jpg",100,100,true]},"uagb_author_info":{"display_name":"slip","author_link":"https:\/\/www.iamslip.com\/?author=0"},"uagb_comment_info":0,"uagb_excerpt":"Collage Num\u00e9rique Affiche A3 sur papier 270g, sign\u00e9e par SLip &nbsp; extrait de l&rsquo;exposition Double Double d&rsquo;apr\u00e8s \u00ab\u00a0Herbert Beerbohm Tree, as King John\u00a0\u00bb de Karl August B\u00fcchel","_links":{"self":[{"href":"https:\/\/www.iamslip.com\/index.php?rest_route=\/wp\/v2\/product\/18165","targetHints":{"allow":["GET"]}}],"collection":[{"href":"https:\/\/www.iamslip.com\/index.php?rest_route=\/wp\/v2\/product"}],"about":[{"href":"https:\/\/www.iamslip.com\/index.php?rest_route=\/wp\/v2\/types\/product"}],"wp:featuredmedia":[{"embeddable":true,"href":"https:\/\/www.iamslip.com\/index.php?rest_route=\/wp\/v2\/media\/18160"}],"wp:attachment":[{"href":"https:\/\/www.iamslip.com\/index.php?rest_route=%2Fwp%2Fv2%2Fmedia&parent=18165"}],"wp:term":[{"taxonomy":"product_brand","embeddable":true,"href":"https:\/\/www.iamslip.com\/index.php?rest_route=%2Fwp%2Fv2%2Fproduct_brand&post=18165"},{"taxonomy":"product_cat","embeddable":true,"href":"https:\/\/www.iamslip.com\/index.php?rest_route=%2Fwp%2Fv2%2Fproduct_cat&post=18165"},{"taxonomy":"product_tag","embeddable":true,"href":"https:\/\/www.iamslip.com\/index.php?rest_route=%2Fwp%2Fv2%2Fproduct_tag&post=18165"}],"curies":[{"name":"wp","href":"https:\/\/api.w.org\/{rel}","templated":true}]}}