{"id":18139,"date":"2025-03-28T18:01:54","date_gmt":"2025-03-28T17:01:54","guid":{"rendered":"https:\/\/www.iamslip.com\/?post_type=product&#038;p=18139"},"modified":"2025-10-27T14:45:19","modified_gmt":"2025-10-27T13:45:19","slug":"iconic-duo-bird-mchale","status":"publish","type":"product","link":"https:\/\/www.iamslip.com\/?product=iconic-duo-bird-mchale","title":{"rendered":"Bird &#038; McHale"},"content":{"rendered":"<p class=\"\" data-start=\"213\" data-end=\"422\">Au c\u0153ur des <strong data-start=\"225\" data-end=\"238\">ann\u00e9es 80<\/strong>, les <strong data-start=\"244\" data-end=\"262\">Boston Celtics<\/strong> r\u00e9gnaient sur la NBA, port\u00e9s par un duo int\u00e9rieur l\u00e9gendaire : <strong data-start=\"326\" data-end=\"355\">Larry Bird &amp; Kevin McHale<\/strong>. Deux styles oppos\u00e9s, mais une alchimie parfaite sur le parquet.<\/p>\n<p class=\"\" data-start=\"424\" data-end=\"647\">\ud83d\udd39 <strong data-start=\"427\" data-end=\"441\">Larry Bird<\/strong>, l\u2019ailier ultra-complet, aussi adroit que clutch, un leader charismatique \u00e0 la mentalit\u00e9 de tueur.<br data-start=\"540\" data-end=\"543\" \/>\ud83d\udd39 <strong data-start=\"546\" data-end=\"562\">Kevin McHale<\/strong>, ma\u00eetre des moves au poste, une d\u00e9fense infranchissable et un footwork redoutable.<\/p>\n<p class=\"\" data-start=\"649\" data-end=\"826\">\u00c0 eux deux, ils ont <strong data-start=\"669\" data-end=\"701\">d\u00e9cim\u00e9 les d\u00e9fenses adverses<\/strong> et \u00e9crit certaines des plus belles pages de l\u2019histoire des Celtics, notamment en remportant <strong data-start=\"794\" data-end=\"823\">trois titres NBA ensemble<\/strong>.<\/p>\n<p class=\"\" data-start=\"828\" data-end=\"1037\">\ud83d\udd39 <strong data-start=\"831\" data-end=\"882\">S\u00e9rie Iconic Duo \u2013 Les duos mythiques de la NBA<\/strong><br data-start=\"882\" data-end=\"885\" \/>\ud83d\udd39 <strong data-start=\"888\" data-end=\"900\">Format :<\/strong> 8,9 x 6,4 cm (style carte de collection)<br data-start=\"941\" data-end=\"944\" \/>\ud83d\udd39 <strong data-start=\"947\" data-end=\"978\">Impression de haute qualit\u00e9<\/strong><br data-start=\"978\" data-end=\"981\" \/>\ud83d\udd39 <strong data-start=\"984\" data-end=\"1035\">Exp\u00e9dition prot\u00e9g\u00e9e (sleeve &amp; toploader inclus)<\/strong><\/p>\n<p class=\"\" data-start=\"1039\" data-end=\"1125\">\ud83c\udfc0 <strong data-start=\"1042\" data-end=\"1120\">Un hommage \u00e0 l\u2019une des plus grandes connexions de l\u2019histoire des Celtics !<\/strong> \u2618\ufe0f\ud83d\udd25<\/p>\n","protected":false},"excerpt":{"rendered":"<p>Au c\u0153ur des ann\u00e9es 80, les Boston Celtics r\u00e9gnaient sur la NBA, port\u00e9s par un duo int\u00e9rieur l\u00e9gendaire : Larry Bird &amp; Kevin McHale. Deux styles oppos\u00e9s, mais une alchimie parfaite sur le parquet. \ud83d\udd39 Larry Bird, l\u2019ailier ultra-complet, aussi adroit que clutch, un leader charismatique \u00e0 la mentalit\u00e9 de tueur.\ud83d\udd39 Kevin McHale, ma\u00eetre des [&hellip;]<\/p>\n","protected":false},"featured_media":18143,"template":"","meta":{"_crdt_document":"","_uag_custom_page_level_css":"","_swt_meta_header_display":false,"_swt_meta_footer_display":false,"_swt_meta_site_title_display":false,"_swt_meta_sticky_header":false,"_swt_meta_transparent_header":false},"product_brand":[],"product_cat":[5119],"product_tag":[5206,5331,5332,5124,5123,5328,5329,5330],"class_list":{"0":"post-18139","1":"product","2":"type-product","3":"status-publish","4":"has-post-thumbnail","6":"product_cat-cartes-nba-duo","7":"product_tag-bird","8":"product_tag-boston","9":"product_tag-celtics","10":"product_tag-duo","11":"product_tag-iconic","12":"product_tag-larry","13":"product_tag-legend","14":"product_tag-mchale","15":"product_shipping_class-cartes","17":"first","18":"instock","19":"shipping-taxable","20":"purchasable","21":"product-type-simple"},"uagb_featured_image_src":{"full":["https:\/\/www.iamslip.com\/wp-content\/uploads\/2025\/03\/mockup_carte_slab_bird-1.jpg",736,924,false],"thumbnail":["https:\/\/www.iamslip.com\/wp-content\/uploads\/2025\/03\/mockup_carte_slab_bird-1-150x150.jpg",150,150,true],"medium":["https:\/\/www.iamslip.com\/wp-content\/uploads\/2025\/03\/mockup_carte_slab_bird-1-239x300.jpg",239,300,true],"medium_large":["https:\/\/www.iamslip.com\/wp-content\/uploads\/2025\/03\/mockup_carte_slab_bird-1.jpg",736,924,false],"large":["https:\/\/www.iamslip.com\/wp-content\/uploads\/2025\/03\/mockup_carte_slab_bird-1.jpg",736,924,false],"1536x1536":["https:\/\/www.iamslip.com\/wp-content\/uploads\/2025\/03\/mockup_carte_slab_bird-1.jpg",736,924,false],"2048x2048":["https:\/\/www.iamslip.com\/wp-content\/uploads\/2025\/03\/mockup_carte_slab_bird-1.jpg",736,924,false],"woocommerce_thumbnail":["https:\/\/www.iamslip.com\/wp-content\/uploads\/2025\/03\/mockup_carte_slab_bird-1-300x300.jpg",300,300,true],"woocommerce_single":["https:\/\/www.iamslip.com\/wp-content\/uploads\/2025\/03\/mockup_carte_slab_bird-1-600x753.jpg",600,753,true],"woocommerce_gallery_thumbnail":["https:\/\/www.iamslip.com\/wp-content\/uploads\/2025\/03\/mockup_carte_slab_bird-1-100x100.jpg",100,100,true]},"uagb_author_info":{"display_name":"slip","author_link":"https:\/\/www.iamslip.com\/?author=0"},"uagb_comment_info":0,"uagb_excerpt":"Au c\u0153ur des ann\u00e9es 80, les Boston Celtics r\u00e9gnaient sur la NBA, port\u00e9s par un duo int\u00e9rieur l\u00e9gendaire : Larry Bird &amp; Kevin McHale. Deux styles oppos\u00e9s, mais une alchimie parfaite sur le parquet. \ud83d\udd39 Larry Bird, l\u2019ailier ultra-complet, aussi adroit que clutch, un leader charismatique \u00e0 la mentalit\u00e9 de tueur.\ud83d\udd39 Kevin McHale, ma\u00eetre des\u2026","_links":{"self":[{"href":"https:\/\/www.iamslip.com\/index.php?rest_route=\/wp\/v2\/product\/18139","targetHints":{"allow":["GET"]}}],"collection":[{"href":"https:\/\/www.iamslip.com\/index.php?rest_route=\/wp\/v2\/product"}],"about":[{"href":"https:\/\/www.iamslip.com\/index.php?rest_route=\/wp\/v2\/types\/product"}],"wp:featuredmedia":[{"embeddable":true,"href":"https:\/\/www.iamslip.com\/index.php?rest_route=\/wp\/v2\/media\/18143"}],"wp:attachment":[{"href":"https:\/\/www.iamslip.com\/index.php?rest_route=%2Fwp%2Fv2%2Fmedia&parent=18139"}],"wp:term":[{"taxonomy":"product_brand","embeddable":true,"href":"https:\/\/www.iamslip.com\/index.php?rest_route=%2Fwp%2Fv2%2Fproduct_brand&post=18139"},{"taxonomy":"product_cat","embeddable":true,"href":"https:\/\/www.iamslip.com\/index.php?rest_route=%2Fwp%2Fv2%2Fproduct_cat&post=18139"},{"taxonomy":"product_tag","embeddable":true,"href":"https:\/\/www.iamslip.com\/index.php?rest_route=%2Fwp%2Fv2%2Fproduct_tag&post=18139"}],"curies":[{"name":"wp","href":"https:\/\/api.w.org\/{rel}","templated":true}]}}