{"id":17808,"date":"2025-03-13T12:39:33","date_gmt":"2025-03-13T11:39:33","guid":{"rendered":"https:\/\/www.iamslip.com\/?post_type=product&#038;p=17808"},"modified":"2025-05-10T18:57:49","modified_gmt":"2025-05-10T16:57:49","slug":"in-your-face","status":"publish","type":"product","link":"https:\/\/www.iamslip.com\/?product=in-your-face","title":{"rendered":"In Your Face"},"content":{"rendered":"<h2><span data-sheets-root=\"1\">In Your Face<\/span><\/h2>\n<h3>DD-SLP31<\/h3>\n<p data-start=\"230\" data-end=\"463\">Un moment <strong data-start=\"240\" data-end=\"252\">iconique<\/strong> de l\u2019histoire des <strong data-start=\"271\" data-end=\"290\">New York Knicks<\/strong> ! Le <strong data-start=\"296\" data-end=\"311\">25 mai 1993<\/strong>, lors des Finales de Conf\u00e9rence Est face aux Bulls, <strong data-start=\"364\" data-end=\"379\">John Starks<\/strong> s\u2019envole et <strong data-start=\"392\" data-end=\"435\">dunk sur Michael Jordan et Horace Grant<\/strong> en un instant l\u00e9gendaire.<\/p>\n<p data-start=\"465\" data-end=\"627\">Avec la carte <strong data-start=\"479\" data-end=\"497\">\u00ab\u00a0In Your Face\u00a0\u00bb<\/strong>, SLip immortalise ce <strong data-start=\"519\" data-end=\"543\">poster dunk mythique<\/strong>, symbole de la rivalit\u00e9 intense entre <strong data-start=\"582\" data-end=\"605\">New York et Chicago<\/strong> dans les ann\u00e9es 90.<\/p>\n<p data-start=\"629\" data-end=\"781\">\ud83d\udd39 <strong data-start=\"632\" data-end=\"644\">Format :<\/strong> 8,9 x 6,4 cm (style carte de collection)<br data-start=\"685\" data-end=\"688\" \/>\ud83d\udd39 <strong data-start=\"691\" data-end=\"722\">Impression de haute qualit\u00e9<\/strong><br data-start=\"722\" data-end=\"725\" \/>\ud83d\udd39 <strong data-start=\"728\" data-end=\"779\">Exp\u00e9dition prot\u00e9g\u00e9e (sleeve &amp; toploader inclus)<\/strong><\/p>\n<p data-start=\"783\" data-end=\"862\" data-is-last-node=\"\" data-is-only-node=\"\">\ud83c\udfc0 <strong data-start=\"786\" data-end=\"859\">Une carte culte pour les fans des Knicks et de l\u2019\u00e2ge d\u2019or de la NBA !<\/strong> \ud83d\udd25<\/p>\n","protected":false},"excerpt":{"rendered":"<p>In Your Face DD-SLP31 Un moment iconique de l\u2019histoire des New York Knicks ! Le 25 mai 1993, lors des Finales de Conf\u00e9rence Est face aux Bulls, John Starks s\u2019envole et dunk sur Michael Jordan et Horace Grant en un instant l\u00e9gendaire. Avec la carte \u00ab\u00a0In Your Face\u00a0\u00bb, SLip immortalise ce poster dunk mythique, symbole [&hellip;]<\/p>\n","protected":false},"featured_media":17948,"template":"","meta":{"_crdt_document":"","_uag_custom_page_level_css":"","_swt_meta_header_display":false,"_swt_meta_footer_display":false,"_swt_meta_site_title_display":false,"_swt_meta_sticky_header":false,"_swt_meta_transparent_header":false},"product_brand":[],"product_cat":[5099],"product_tag":[5224,5223,5105,5226,5225,5228,5227],"class_list":{"0":"post-17808","1":"product","2":"type-product","3":"status-publish","4":"has-post-thumbnail","6":"product_cat-cartes-double-double","7":"product_tag-block","8":"product_tag-contre","9":"product_tag-doubledouble","10":"product_tag-eaton","11":"product_tag-house","12":"product_tag-jazz","13":"product_tag-webb","14":"product_shipping_class-cartes","16":"first","17":"instock","18":"shipping-taxable","19":"purchasable","20":"product-type-simple"},"uagb_featured_image_src":{"full":["https:\/\/www.iamslip.com\/wp-content\/uploads\/2025\/03\/DD_InYourFace.jpg",736,924,false],"thumbnail":["https:\/\/www.iamslip.com\/wp-content\/uploads\/2025\/03\/DD_InYourFace-150x150.jpg",150,150,true],"medium":["https:\/\/www.iamslip.com\/wp-content\/uploads\/2025\/03\/DD_InYourFace-239x300.jpg",239,300,true],"medium_large":["https:\/\/www.iamslip.com\/wp-content\/uploads\/2025\/03\/DD_InYourFace.jpg",736,924,false],"large":["https:\/\/www.iamslip.com\/wp-content\/uploads\/2025\/03\/DD_InYourFace.jpg",736,924,false],"1536x1536":["https:\/\/www.iamslip.com\/wp-content\/uploads\/2025\/03\/DD_InYourFace.jpg",736,924,false],"2048x2048":["https:\/\/www.iamslip.com\/wp-content\/uploads\/2025\/03\/DD_InYourFace.jpg",736,924,false],"woocommerce_thumbnail":["https:\/\/www.iamslip.com\/wp-content\/uploads\/2025\/03\/DD_InYourFace-300x300.jpg",300,300,true],"woocommerce_single":["https:\/\/www.iamslip.com\/wp-content\/uploads\/2025\/03\/DD_InYourFace-600x753.jpg",600,753,true],"woocommerce_gallery_thumbnail":["https:\/\/www.iamslip.com\/wp-content\/uploads\/2025\/03\/DD_InYourFace-100x100.jpg",100,100,true]},"uagb_author_info":{"display_name":"slip","author_link":"https:\/\/www.iamslip.com\/?author=0"},"uagb_comment_info":0,"uagb_excerpt":"In Your Face DD-SLP31 Un moment iconique de l\u2019histoire des New York Knicks ! Le 25 mai 1993, lors des Finales de Conf\u00e9rence Est face aux Bulls, John Starks s\u2019envole et dunk sur Michael Jordan et Horace Grant en un instant l\u00e9gendaire. Avec la carte \u00ab\u00a0In Your Face\u00a0\u00bb, SLip immortalise ce poster dunk mythique, symbole\u2026","_links":{"self":[{"href":"https:\/\/www.iamslip.com\/index.php?rest_route=\/wp\/v2\/product\/17808","targetHints":{"allow":["GET"]}}],"collection":[{"href":"https:\/\/www.iamslip.com\/index.php?rest_route=\/wp\/v2\/product"}],"about":[{"href":"https:\/\/www.iamslip.com\/index.php?rest_route=\/wp\/v2\/types\/product"}],"wp:featuredmedia":[{"embeddable":true,"href":"https:\/\/www.iamslip.com\/index.php?rest_route=\/wp\/v2\/media\/17948"}],"wp:attachment":[{"href":"https:\/\/www.iamslip.com\/index.php?rest_route=%2Fwp%2Fv2%2Fmedia&parent=17808"}],"wp:term":[{"taxonomy":"product_brand","embeddable":true,"href":"https:\/\/www.iamslip.com\/index.php?rest_route=%2Fwp%2Fv2%2Fproduct_brand&post=17808"},{"taxonomy":"product_cat","embeddable":true,"href":"https:\/\/www.iamslip.com\/index.php?rest_route=%2Fwp%2Fv2%2Fproduct_cat&post=17808"},{"taxonomy":"product_tag","embeddable":true,"href":"https:\/\/www.iamslip.com\/index.php?rest_route=%2Fwp%2Fv2%2Fproduct_tag&post=17808"}],"curies":[{"name":"wp","href":"https:\/\/api.w.org\/{rel}","templated":true}]}}