{"id":17804,"date":"2025-03-13T09:17:45","date_gmt":"2025-03-13T08:17:45","guid":{"rendered":"https:\/\/www.iamslip.com\/?post_type=product&#038;p=17804"},"modified":"2026-03-24T23:03:50","modified_gmt":"2026-03-24T22:03:50","slug":"defense-illegale","status":"publish","type":"product","link":"https:\/\/www.iamslip.com\/?product=defense-illegale","title":{"rendered":"D\u00e9fense Ill\u00e9gale"},"content":{"rendered":"<h2 class=\"product-title\">D\u00e9fense Ill\u00e9gale<\/h2>\n<h3>DD-SLP21<\/h3>\n<p data-start=\"243\" data-end=\"502\">Quand <strong data-start=\"249\" data-end=\"266\">Stephen Curry<\/strong> est sur le parquet, les d\u00e9fenses ne savent plus quoi faire\u2026 et parfois, elles d\u00e9passent les limites ! Entre <strong data-start=\"375\" data-end=\"441\">prises \u00e0 deux, contacts litigieux et marquages ultra-physiques<\/strong>, tous les moyens sont bons pour tenter de stopper le Chef.<\/p>\n<p data-start=\"504\" data-end=\"689\">Avec la carte <strong data-start=\"518\" data-end=\"540\">\u00ab\u00a0D\u00e9fense Ill\u00e9gale\u00a0\u00bb<\/strong>, SLip illustre la bataille permanente entre <strong data-start=\"585\" data-end=\"620\">Curry et les d\u00e9fenseurs d\u2019\u00e9lite<\/strong>, pr\u00eats \u00e0 tout pour emp\u00eacher ses tirs longue distance d\u00e9vastateurs.<\/p>\n<p data-start=\"691\" data-end=\"843\">\ud83d\udd39 <strong data-start=\"694\" data-end=\"706\">Format :<\/strong> 8,9 x 6,4 cm (style carte de collection)<br data-start=\"747\" data-end=\"750\" \/>\ud83d\udd39 <strong data-start=\"753\" data-end=\"784\">Impression de haute qualit\u00e9<\/strong><br data-start=\"784\" data-end=\"787\" \/>\ud83d\udd39 <strong data-start=\"790\" data-end=\"841\">Exp\u00e9dition prot\u00e9g\u00e9e (sleeve &amp; toploader inclus)<\/strong><\/p>\n<p data-start=\"845\" data-end=\"922\" data-is-last-node=\"\" data-is-only-node=\"\">\ud83c\udfc0 <strong data-start=\"848\" data-end=\"917\">Un must-have pour les fans de Curry et les amoureux du beau jeu !<\/strong> \ud83c\udfaf\ud83d\udd25<\/p>\n","protected":false},"excerpt":{"rendered":"<p>D\u00e9fense Ill\u00e9gale DD-SLP21 Quand Stephen Curry est sur le parquet, les d\u00e9fenses ne savent plus quoi faire\u2026 et parfois, elles d\u00e9passent les limites ! Entre prises \u00e0 deux, contacts litigieux et marquages ultra-physiques, tous les moyens sont bons pour tenter de stopper le Chef. Avec la carte \u00ab\u00a0D\u00e9fense Ill\u00e9gale\u00a0\u00bb, SLip illustre la bataille permanente entre [&hellip;]<\/p>\n","protected":false},"featured_media":17949,"template":"","meta":{"_crdt_document":"","_uag_custom_page_level_css":"","_swt_meta_header_display":false,"_swt_meta_footer_display":false,"_swt_meta_site_title_display":false,"_swt_meta_sticky_header":false,"_swt_meta_transparent_header":false},"product_brand":[],"product_cat":[5099],"product_tag":[5268,5267,5272,5270,5273,5269,5271],"class_list":{"0":"post-17804","1":"product","2":"type-product","3":"status-publish","4":"has-post-thumbnail","6":"product_cat-cartes-double-double","7":"product_tag-chef","8":"product_tag-curry","9":"product_tag-defense","10":"product_tag-golden-state","11":"product_tag-shoot","12":"product_tag-stephen","13":"product_tag-warriors","14":"product_shipping_class-cartes","16":"first","17":"instock","18":"shipping-taxable","19":"purchasable","20":"product-type-simple"},"uagb_featured_image_src":{"full":["https:\/\/www.iamslip.com\/wp-content\/uploads\/2025\/03\/DD_DefenseIllegale.jpg",736,924,false],"thumbnail":["https:\/\/www.iamslip.com\/wp-content\/uploads\/2025\/03\/DD_DefenseIllegale-150x150.jpg",150,150,true],"medium":["https:\/\/www.iamslip.com\/wp-content\/uploads\/2025\/03\/DD_DefenseIllegale-239x300.jpg",239,300,true],"medium_large":["https:\/\/www.iamslip.com\/wp-content\/uploads\/2025\/03\/DD_DefenseIllegale.jpg",736,924,false],"large":["https:\/\/www.iamslip.com\/wp-content\/uploads\/2025\/03\/DD_DefenseIllegale.jpg",736,924,false],"1536x1536":["https:\/\/www.iamslip.com\/wp-content\/uploads\/2025\/03\/DD_DefenseIllegale.jpg",736,924,false],"2048x2048":["https:\/\/www.iamslip.com\/wp-content\/uploads\/2025\/03\/DD_DefenseIllegale.jpg",736,924,false],"woocommerce_thumbnail":["https:\/\/www.iamslip.com\/wp-content\/uploads\/2025\/03\/DD_DefenseIllegale-300x300.jpg",300,300,true],"woocommerce_single":["https:\/\/www.iamslip.com\/wp-content\/uploads\/2025\/03\/DD_DefenseIllegale-600x753.jpg",600,753,true],"woocommerce_gallery_thumbnail":["https:\/\/www.iamslip.com\/wp-content\/uploads\/2025\/03\/DD_DefenseIllegale-100x100.jpg",100,100,true]},"uagb_author_info":{"display_name":"slip","author_link":"https:\/\/www.iamslip.com\/?author=0"},"uagb_comment_info":0,"uagb_excerpt":"D\u00e9fense Ill\u00e9gale DD-SLP21 Quand Stephen Curry est sur le parquet, les d\u00e9fenses ne savent plus quoi faire\u2026 et parfois, elles d\u00e9passent les limites ! Entre prises \u00e0 deux, contacts litigieux et marquages ultra-physiques, tous les moyens sont bons pour tenter de stopper le Chef. Avec la carte \u00ab\u00a0D\u00e9fense Ill\u00e9gale\u00a0\u00bb, SLip illustre la bataille permanente entre\u2026","_links":{"self":[{"href":"https:\/\/www.iamslip.com\/index.php?rest_route=\/wp\/v2\/product\/17804","targetHints":{"allow":["GET"]}}],"collection":[{"href":"https:\/\/www.iamslip.com\/index.php?rest_route=\/wp\/v2\/product"}],"about":[{"href":"https:\/\/www.iamslip.com\/index.php?rest_route=\/wp\/v2\/types\/product"}],"wp:featuredmedia":[{"embeddable":true,"href":"https:\/\/www.iamslip.com\/index.php?rest_route=\/wp\/v2\/media\/17949"}],"wp:attachment":[{"href":"https:\/\/www.iamslip.com\/index.php?rest_route=%2Fwp%2Fv2%2Fmedia&parent=17804"}],"wp:term":[{"taxonomy":"product_brand","embeddable":true,"href":"https:\/\/www.iamslip.com\/index.php?rest_route=%2Fwp%2Fv2%2Fproduct_brand&post=17804"},{"taxonomy":"product_cat","embeddable":true,"href":"https:\/\/www.iamslip.com\/index.php?rest_route=%2Fwp%2Fv2%2Fproduct_cat&post=17804"},{"taxonomy":"product_tag","embeddable":true,"href":"https:\/\/www.iamslip.com\/index.php?rest_route=%2Fwp%2Fv2%2Fproduct_tag&post=17804"}],"curies":[{"name":"wp","href":"https:\/\/api.w.org\/{rel}","templated":true}]}}