{"id":17801,"date":"2025-03-13T09:15:10","date_gmt":"2025-03-13T08:15:10","guid":{"rendered":"https:\/\/www.iamslip.com\/?post_type=product&#038;p=17801"},"modified":"2025-05-13T08:49:10","modified_gmt":"2025-05-13T06:49:10","slug":"draft-94","status":"publish","type":"product","link":"https:\/\/www.iamslip.com\/?product=draft-94","title":{"rendered":"Draft &rsquo;94"},"content":{"rendered":"<h2 class=\"product-title\">Draft &rsquo;94<\/h2>\n<h3>DD-SLP20<\/h3>\n<p data-start=\"212\" data-end=\"437\">En 1994, <strong data-start=\"221\" data-end=\"235\">Jason Kidd<\/strong> est draft\u00e9 en 2\u1d49 position par les <strong data-start=\"270\" data-end=\"290\">Dallas Mavericks<\/strong>. D\u00e8s ses premiers dribbles, le ton est donn\u00e9 : <strong data-start=\"338\" data-end=\"370\">vision du jeu exceptionnelle<\/strong>, <strong data-start=\"372\" data-end=\"393\">passes lumineuses<\/strong>, <strong data-start=\"395\" data-end=\"417\">leadership naturel<\/strong>. Le maestro est n\u00e9.<\/p>\n<p data-start=\"439\" data-end=\"708\">Avec <strong data-start=\"444\" data-end=\"458\">\u00ab\u00a0Draft&rsquo;94\u00a0\u00bb<\/strong>, SLip remonte le temps pour c\u00e9l\u00e9brer <strong data-start=\"496\" data-end=\"532\">le d\u00e9but d\u2019une carri\u00e8re mythique<\/strong>, celle d\u2019un des plus grands meneurs de jeu de l\u2019histoire. Dans une mise en sc\u00e8ne inspir\u00e9e de l\u2019art classique, cette carte immortalise <strong data-start=\"667\" data-end=\"707\">le moment charni\u00e8re o\u00f9 tout commence<\/strong>.<\/p>\n<p data-start=\"710\" data-end=\"936\">\ud83d\udd39 <strong data-start=\"713\" data-end=\"784\">S\u00e9rie Double Double \u2013 Quand le basket rencontre l\u2019histoire de l\u2019art<\/strong><br data-start=\"784\" data-end=\"787\" \/>\ud83d\udd39 <strong data-start=\"790\" data-end=\"802\">Format :<\/strong> 8,9 x 6,4 cm (style carte de collection)<br data-start=\"843\" data-end=\"846\" \/>\ud83d\udd39 <strong data-start=\"849\" data-end=\"877\">Impression haute qualit\u00e9<\/strong><br data-start=\"877\" data-end=\"880\" \/>\ud83d\udd39 <strong data-start=\"883\" data-end=\"934\" data-is-only-node=\"\">Exp\u00e9dition prot\u00e9g\u00e9e (sleeve &amp; toploader inclus)<\/strong><\/p>\n<p data-start=\"938\" data-end=\"1050\" data-is-last-node=\"\" data-is-only-node=\"\">\ud83c\udfc0 <strong data-start=\"941\" data-end=\"1043\">Une carte pour les puristes, les fans de passe laser\u2026 et ceux qui savent que tout part d\u2019un draft.<\/strong> \ud83c\udfaf\ud83d\udccb\ud83d\udd25<\/p>\n<p>&nbsp;<\/p>\n","protected":false},"excerpt":{"rendered":"<p>Draft &rsquo;94 DD-SLP20 En 1994, Jason Kidd est draft\u00e9 en 2\u1d49 position par les Dallas Mavericks. D\u00e8s ses premiers dribbles, le ton est donn\u00e9 : vision du jeu exceptionnelle, passes lumineuses, leadership naturel. Le maestro est n\u00e9. Avec \u00ab\u00a0Draft&rsquo;94\u00a0\u00bb, SLip remonte le temps pour c\u00e9l\u00e9brer le d\u00e9but d\u2019une carri\u00e8re mythique, celle d\u2019un des plus grands [&hellip;]<\/p>\n","protected":false},"featured_media":17951,"template":"","meta":{"_crdt_document":"","_uag_custom_page_level_css":"","_swt_meta_header_display":false,"_swt_meta_footer_display":false,"_swt_meta_site_title_display":false,"_swt_meta_sticky_header":false,"_swt_meta_transparent_header":false},"product_brand":[],"product_cat":[5099],"product_tag":[5266,5260,5105,5265,5106,5264,5261],"class_list":{"0":"post-17801","1":"product","2":"type-product","3":"status-publish","4":"has-post-thumbnail","6":"product_cat-cartes-double-double","7":"product_tag-5266","8":"product_tag-dallas","9":"product_tag-doubledouble","10":"product_tag-draft","11":"product_tag-jason","12":"product_tag-kidd","13":"product_tag-mavericks","14":"product_shipping_class-cartes","16":"first","17":"instock","18":"shipping-taxable","19":"purchasable","20":"product-type-simple"},"uagb_featured_image_src":{"full":["https:\/\/www.iamslip.com\/wp-content\/uploads\/2025\/03\/DD_Draft94.jpg",736,924,false],"thumbnail":["https:\/\/www.iamslip.com\/wp-content\/uploads\/2025\/03\/DD_Draft94-150x150.jpg",150,150,true],"medium":["https:\/\/www.iamslip.com\/wp-content\/uploads\/2025\/03\/DD_Draft94-239x300.jpg",239,300,true],"medium_large":["https:\/\/www.iamslip.com\/wp-content\/uploads\/2025\/03\/DD_Draft94.jpg",736,924,false],"large":["https:\/\/www.iamslip.com\/wp-content\/uploads\/2025\/03\/DD_Draft94.jpg",736,924,false],"1536x1536":["https:\/\/www.iamslip.com\/wp-content\/uploads\/2025\/03\/DD_Draft94.jpg",736,924,false],"2048x2048":["https:\/\/www.iamslip.com\/wp-content\/uploads\/2025\/03\/DD_Draft94.jpg",736,924,false],"woocommerce_thumbnail":["https:\/\/www.iamslip.com\/wp-content\/uploads\/2025\/03\/DD_Draft94-300x300.jpg",300,300,true],"woocommerce_single":["https:\/\/www.iamslip.com\/wp-content\/uploads\/2025\/03\/DD_Draft94-600x753.jpg",600,753,true],"woocommerce_gallery_thumbnail":["https:\/\/www.iamslip.com\/wp-content\/uploads\/2025\/03\/DD_Draft94-100x100.jpg",100,100,true]},"uagb_author_info":{"display_name":"slip","author_link":"https:\/\/www.iamslip.com\/?author=0"},"uagb_comment_info":0,"uagb_excerpt":"Draft &rsquo;94 DD-SLP20 En 1994, Jason Kidd est draft\u00e9 en 2\u1d49 position par les Dallas Mavericks. D\u00e8s ses premiers dribbles, le ton est donn\u00e9 : vision du jeu exceptionnelle, passes lumineuses, leadership naturel. Le maestro est n\u00e9. Avec \u00ab\u00a0Draft&rsquo;94\u00a0\u00bb, SLip remonte le temps pour c\u00e9l\u00e9brer le d\u00e9but d\u2019une carri\u00e8re mythique, celle d\u2019un des plus grands\u2026","_links":{"self":[{"href":"https:\/\/www.iamslip.com\/index.php?rest_route=\/wp\/v2\/product\/17801","targetHints":{"allow":["GET"]}}],"collection":[{"href":"https:\/\/www.iamslip.com\/index.php?rest_route=\/wp\/v2\/product"}],"about":[{"href":"https:\/\/www.iamslip.com\/index.php?rest_route=\/wp\/v2\/types\/product"}],"wp:featuredmedia":[{"embeddable":true,"href":"https:\/\/www.iamslip.com\/index.php?rest_route=\/wp\/v2\/media\/17951"}],"wp:attachment":[{"href":"https:\/\/www.iamslip.com\/index.php?rest_route=%2Fwp%2Fv2%2Fmedia&parent=17801"}],"wp:term":[{"taxonomy":"product_brand","embeddable":true,"href":"https:\/\/www.iamslip.com\/index.php?rest_route=%2Fwp%2Fv2%2Fproduct_brand&post=17801"},{"taxonomy":"product_cat","embeddable":true,"href":"https:\/\/www.iamslip.com\/index.php?rest_route=%2Fwp%2Fv2%2Fproduct_cat&post=17801"},{"taxonomy":"product_tag","embeddable":true,"href":"https:\/\/www.iamslip.com\/index.php?rest_route=%2Fwp%2Fv2%2Fproduct_tag&post=17801"}],"curies":[{"name":"wp","href":"https:\/\/api.w.org\/{rel}","templated":true}]}}