{"id":17792,"date":"2025-03-13T09:04:16","date_gmt":"2025-03-13T08:04:16","guid":{"rendered":"https:\/\/www.iamslip.com\/?post_type=product&#038;p=17792"},"modified":"2025-05-10T18:57:50","modified_gmt":"2025-05-10T16:57:50","slug":"logo","status":"publish","type":"product","link":"https:\/\/www.iamslip.com\/?product=logo","title":{"rendered":"Logo"},"content":{"rendered":"<h2 class=\"product-title\">Logo<\/h2>\n<h3>DD-SLP12<\/h3>\n<p data-start=\"202\" data-end=\"272\">Et si <strong data-start=\"208\" data-end=\"222\">Jerry West<\/strong> avait vraiment pos\u00e9 pour le logo de la NBA ? \ud83c\udfc0<\/p>\n<p data-start=\"274\" data-end=\"592\">Symbole intemporel du basket, le <strong data-start=\"307\" data-end=\"319\">logo NBA<\/strong> est inspir\u00e9 d\u2019une photo embl\u00e9matique de <strong data-start=\"360\" data-end=\"374\">Jerry West<\/strong>, mais son origine n\u2019a jamais \u00e9t\u00e9 officiellement confirm\u00e9e. Avec la carte <strong data-start=\"448\" data-end=\"458\">\u00ab\u00a0Logo\u00a0\u00bb<\/strong>, SLip imagine <strong data-start=\"473\" data-end=\"504\">West en pleine s\u00e9ance photo<\/strong>, immortalisant malgr\u00e9 lui une posture qui deviendra l\u2019une des plus c\u00e9l\u00e8bres du sport.<\/p>\n<p data-start=\"594\" data-end=\"712\">Cette carte <strong data-start=\"606\" data-end=\"623\">Double Double<\/strong> capture toute la gr\u00e2ce et l\u2019\u00e9l\u00e9gance du joueur, devenu une <strong data-start=\"683\" data-end=\"709\">ic\u00f4ne \u00e9ternelle du jeu<\/strong>.<\/p>\n<p data-start=\"714\" data-end=\"866\">\ud83d\udd39 <strong data-start=\"717\" data-end=\"729\">Format :<\/strong> 8,9 x 6,4 cm (style carte de collection)<br data-start=\"770\" data-end=\"773\" \/>\ud83d\udd39 <strong data-start=\"776\" data-end=\"807\">Impression de haute qualit\u00e9<\/strong><br data-start=\"807\" data-end=\"810\" \/>\ud83d\udd39 <strong data-start=\"813\" data-end=\"864\">Exp\u00e9dition prot\u00e9g\u00e9e (sleeve &amp; toploader inclus)<\/strong><\/p>\n<p data-start=\"868\" data-end=\"940\" data-is-last-node=\"\" data-is-only-node=\"\">\ud83c\udfc0 <strong data-start=\"871\" data-end=\"940\" data-is-last-node=\"\">Un must-have pour les passionn\u00e9s de NBA et d\u2019histoire du basket !<\/strong><\/p>\n<p>&nbsp;<\/p>\n<p>&nbsp;<\/p>\n<p>&nbsp;<\/p>\n<p>&nbsp;<\/p>\n<p>&nbsp;<\/p>\n<p>&nbsp;<\/p>\n<p>&nbsp;<\/p>\n<p>&nbsp;<\/p>\n","protected":false},"excerpt":{"rendered":"<p>Logo DD-SLP12 Et si Jerry West avait vraiment pos\u00e9 pour le logo de la NBA ? \ud83c\udfc0 Symbole intemporel du basket, le logo NBA est inspir\u00e9 d\u2019une photo embl\u00e9matique de Jerry West, mais son origine n\u2019a jamais \u00e9t\u00e9 officiellement confirm\u00e9e. Avec la carte \u00ab\u00a0Logo\u00a0\u00bb, SLip imagine West en pleine s\u00e9ance photo, immortalisant malgr\u00e9 lui une [&hellip;]<\/p>\n","protected":false},"featured_media":17954,"template":"","meta":{"_crdt_document":"","_uag_custom_page_level_css":"","_swt_meta_header_display":false,"_swt_meta_footer_display":false,"_swt_meta_site_title_display":false,"_swt_meta_sticky_header":false,"_swt_meta_transparent_header":false},"product_brand":[],"product_cat":[5099],"product_tag":[5105,5253,5122,5254,5256,5255,5125],"class_list":{"0":"post-17792","1":"product","2":"type-product","3":"status-publish","4":"has-post-thumbnail","6":"product_cat-cartes-double-double","7":"product_tag-doubledouble","8":"product_tag-jerry","9":"product_tag-lakers","10":"product_tag-logo","11":"product_tag-los-angeles","12":"product_tag-nba","13":"product_tag-west","14":"product_shipping_class-cartes","16":"first","17":"instock","18":"shipping-taxable","19":"purchasable","20":"product-type-simple"},"uagb_featured_image_src":{"full":["https:\/\/www.iamslip.com\/wp-content\/uploads\/2025\/03\/DD_Logo.jpg",736,924,false],"thumbnail":["https:\/\/www.iamslip.com\/wp-content\/uploads\/2025\/03\/DD_Logo-150x150.jpg",150,150,true],"medium":["https:\/\/www.iamslip.com\/wp-content\/uploads\/2025\/03\/DD_Logo-239x300.jpg",239,300,true],"medium_large":["https:\/\/www.iamslip.com\/wp-content\/uploads\/2025\/03\/DD_Logo.jpg",736,924,false],"large":["https:\/\/www.iamslip.com\/wp-content\/uploads\/2025\/03\/DD_Logo.jpg",736,924,false],"1536x1536":["https:\/\/www.iamslip.com\/wp-content\/uploads\/2025\/03\/DD_Logo.jpg",736,924,false],"2048x2048":["https:\/\/www.iamslip.com\/wp-content\/uploads\/2025\/03\/DD_Logo.jpg",736,924,false],"woocommerce_thumbnail":["https:\/\/www.iamslip.com\/wp-content\/uploads\/2025\/03\/DD_Logo-300x300.jpg",300,300,true],"woocommerce_single":["https:\/\/www.iamslip.com\/wp-content\/uploads\/2025\/03\/DD_Logo-600x753.jpg",600,753,true],"woocommerce_gallery_thumbnail":["https:\/\/www.iamslip.com\/wp-content\/uploads\/2025\/03\/DD_Logo-100x100.jpg",100,100,true]},"uagb_author_info":{"display_name":"slip","author_link":"https:\/\/www.iamslip.com\/?author=0"},"uagb_comment_info":0,"uagb_excerpt":"Logo DD-SLP12 Et si Jerry West avait vraiment pos\u00e9 pour le logo de la NBA ? \ud83c\udfc0 Symbole intemporel du basket, le logo NBA est inspir\u00e9 d\u2019une photo embl\u00e9matique de Jerry West, mais son origine n\u2019a jamais \u00e9t\u00e9 officiellement confirm\u00e9e. Avec la carte \u00ab\u00a0Logo\u00a0\u00bb, SLip imagine West en pleine s\u00e9ance photo, immortalisant malgr\u00e9 lui une\u2026","_links":{"self":[{"href":"https:\/\/www.iamslip.com\/index.php?rest_route=\/wp\/v2\/product\/17792","targetHints":{"allow":["GET"]}}],"collection":[{"href":"https:\/\/www.iamslip.com\/index.php?rest_route=\/wp\/v2\/product"}],"about":[{"href":"https:\/\/www.iamslip.com\/index.php?rest_route=\/wp\/v2\/types\/product"}],"wp:featuredmedia":[{"embeddable":true,"href":"https:\/\/www.iamslip.com\/index.php?rest_route=\/wp\/v2\/media\/17954"}],"wp:attachment":[{"href":"https:\/\/www.iamslip.com\/index.php?rest_route=%2Fwp%2Fv2%2Fmedia&parent=17792"}],"wp:term":[{"taxonomy":"product_brand","embeddable":true,"href":"https:\/\/www.iamslip.com\/index.php?rest_route=%2Fwp%2Fv2%2Fproduct_brand&post=17792"},{"taxonomy":"product_cat","embeddable":true,"href":"https:\/\/www.iamslip.com\/index.php?rest_route=%2Fwp%2Fv2%2Fproduct_cat&post=17792"},{"taxonomy":"product_tag","embeddable":true,"href":"https:\/\/www.iamslip.com\/index.php?rest_route=%2Fwp%2Fv2%2Fproduct_tag&post=17792"}],"curies":[{"name":"wp","href":"https:\/\/api.w.org\/{rel}","templated":true}]}}