{"id":17789,"date":"2025-03-13T09:00:56","date_gmt":"2025-03-13T08:00:56","guid":{"rendered":"https:\/\/www.iamslip.com\/?post_type=product&#038;p=17789"},"modified":"2025-12-25T20:35:26","modified_gmt":"2025-12-25T19:35:26","slug":"long-is-the-road","status":"publish","type":"product","link":"https:\/\/www.iamslip.com\/?product=long-is-the-road","title":{"rendered":"Long is the Road"},"content":{"rendered":"<h2 class=\"product-title\">Long is the Road<\/h2>\n<h3>DD-SLP11<\/h3>\n<p data-start=\"217\" data-end=\"510\">Avant d\u2019\u00eatre reconnu comme l\u2019un des plus grands arri\u00e8res de l\u2019histoire du basket, <strong data-start=\"299\" data-end=\"318\">Dra\u017een Petrovi\u0107<\/strong> a d\u00fb emprunter un <strong data-start=\"337\" data-end=\"368\">long chemin sem\u00e9 d\u2019emb\u00fbches<\/strong>. De l\u2019Europe \u00e0 la NBA, il a bataill\u00e9 pour imposer son talent, devenant une inspiration pour toute une g\u00e9n\u00e9ration de joueurs internationaux.<\/p>\n<p data-start=\"512\" data-end=\"700\">La carte <strong data-start=\"521\" data-end=\"543\">\u00ab\u00a0Long is the Road\u00a0\u00bb<\/strong> rend hommage \u00e0 <strong data-start=\"559\" data-end=\"610\">son travail acharn\u00e9, sa passion et son h\u00e9ritage<\/strong>. Un hommage \u00e0 un joueur parti trop t\u00f4t, mais dont l\u2019influence sur le jeu est \u00e9ternelle.<\/p>\n<p data-start=\"702\" data-end=\"854\">\ud83d\udd39 <strong data-start=\"705\" data-end=\"717\">Format :<\/strong> 8,9 x 6,4 cm (style carte de collection)<br data-start=\"758\" data-end=\"761\" \/>\ud83d\udd39 <strong data-start=\"764\" data-end=\"795\">Impression de haute qualit\u00e9<\/strong><br data-start=\"795\" data-end=\"798\" \/>\ud83d\udd39 <strong data-start=\"801\" data-end=\"852\">Exp\u00e9dition prot\u00e9g\u00e9e (sleeve &amp; toploader inclus)<\/strong><\/p>\n<p data-start=\"856\" data-end=\"943\" data-is-last-node=\"\" data-is-only-node=\"\">\ud83c\udfc0 <strong data-start=\"859\" data-end=\"943\" data-is-last-node=\"\">Une carte essentielle pour les passionn\u00e9s de basket et de l\u2019histoire de la NBA !<\/strong><\/p>\n","protected":false},"excerpt":{"rendered":"<p>Long is the Road DD-SLP11 Avant d\u2019\u00eatre reconnu comme l\u2019un des plus grands arri\u00e8res de l\u2019histoire du basket, Dra\u017een Petrovi\u0107 a d\u00fb emprunter un long chemin sem\u00e9 d\u2019emb\u00fbches. De l\u2019Europe \u00e0 la NBA, il a bataill\u00e9 pour imposer son talent, devenant une inspiration pour toute une g\u00e9n\u00e9ration de joueurs internationaux. La carte \u00ab\u00a0Long is the [&hellip;]<\/p>\n","protected":false},"featured_media":17955,"template":"","meta":{"_crdt_document":"","_uag_custom_page_level_css":"","_swt_meta_header_display":false,"_swt_meta_footer_display":false,"_swt_meta_site_title_display":false,"_swt_meta_sticky_header":false,"_swt_meta_transparent_header":false},"product_brand":[],"product_cat":[5099],"product_tag":[5105,5132,5251,5166,5120,5252],"class_list":{"0":"post-17789","1":"product","2":"type-product","3":"status-publish","4":"has-post-thumbnail","6":"product_cat-cartes-double-double","7":"product_tag-doubledouble","8":"product_tag-magic","9":"product_tag-oneal","10":"product_tag-orlando","11":"product_tag-shaq","12":"product_tag-shaquille","13":"product_shipping_class-cartes","15":"first","16":"outofstock","17":"featured","18":"shipping-taxable","19":"purchasable","20":"product-type-simple"},"uagb_featured_image_src":{"full":["https:\/\/www.iamslip.com\/wp-content\/uploads\/2025\/03\/DD_LongIsTheRoad.jpg",736,924,false],"thumbnail":["https:\/\/www.iamslip.com\/wp-content\/uploads\/2025\/03\/DD_LongIsTheRoad-150x150.jpg",150,150,true],"medium":["https:\/\/www.iamslip.com\/wp-content\/uploads\/2025\/03\/DD_LongIsTheRoad-239x300.jpg",239,300,true],"medium_large":["https:\/\/www.iamslip.com\/wp-content\/uploads\/2025\/03\/DD_LongIsTheRoad.jpg",736,924,false],"large":["https:\/\/www.iamslip.com\/wp-content\/uploads\/2025\/03\/DD_LongIsTheRoad.jpg",736,924,false],"1536x1536":["https:\/\/www.iamslip.com\/wp-content\/uploads\/2025\/03\/DD_LongIsTheRoad.jpg",736,924,false],"2048x2048":["https:\/\/www.iamslip.com\/wp-content\/uploads\/2025\/03\/DD_LongIsTheRoad.jpg",736,924,false],"woocommerce_thumbnail":["https:\/\/www.iamslip.com\/wp-content\/uploads\/2025\/03\/DD_LongIsTheRoad-300x300.jpg",300,300,true],"woocommerce_single":["https:\/\/www.iamslip.com\/wp-content\/uploads\/2025\/03\/DD_LongIsTheRoad-600x753.jpg",600,753,true],"woocommerce_gallery_thumbnail":["https:\/\/www.iamslip.com\/wp-content\/uploads\/2025\/03\/DD_LongIsTheRoad-100x100.jpg",100,100,true]},"uagb_author_info":{"display_name":"slip","author_link":"https:\/\/www.iamslip.com\/?author=0"},"uagb_comment_info":0,"uagb_excerpt":"Long is the Road DD-SLP11 Avant d\u2019\u00eatre reconnu comme l\u2019un des plus grands arri\u00e8res de l\u2019histoire du basket, Dra\u017een Petrovi\u0107 a d\u00fb emprunter un long chemin sem\u00e9 d\u2019emb\u00fbches. De l\u2019Europe \u00e0 la NBA, il a bataill\u00e9 pour imposer son talent, devenant une inspiration pour toute une g\u00e9n\u00e9ration de joueurs internationaux. La carte \u00ab\u00a0Long is the\u2026","_links":{"self":[{"href":"https:\/\/www.iamslip.com\/index.php?rest_route=\/wp\/v2\/product\/17789","targetHints":{"allow":["GET"]}}],"collection":[{"href":"https:\/\/www.iamslip.com\/index.php?rest_route=\/wp\/v2\/product"}],"about":[{"href":"https:\/\/www.iamslip.com\/index.php?rest_route=\/wp\/v2\/types\/product"}],"wp:featuredmedia":[{"embeddable":true,"href":"https:\/\/www.iamslip.com\/index.php?rest_route=\/wp\/v2\/media\/17955"}],"wp:attachment":[{"href":"https:\/\/www.iamslip.com\/index.php?rest_route=%2Fwp%2Fv2%2Fmedia&parent=17789"}],"wp:term":[{"taxonomy":"product_brand","embeddable":true,"href":"https:\/\/www.iamslip.com\/index.php?rest_route=%2Fwp%2Fv2%2Fproduct_brand&post=17789"},{"taxonomy":"product_cat","embeddable":true,"href":"https:\/\/www.iamslip.com\/index.php?rest_route=%2Fwp%2Fv2%2Fproduct_cat&post=17789"},{"taxonomy":"product_tag","embeddable":true,"href":"https:\/\/www.iamslip.com\/index.php?rest_route=%2Fwp%2Fv2%2Fproduct_tag&post=17789"}],"curies":[{"name":"wp","href":"https:\/\/api.w.org\/{rel}","templated":true}]}}