{"id":17786,"date":"2025-03-13T08:57:20","date_gmt":"2025-03-13T07:57:20","guid":{"rendered":"https:\/\/www.iamslip.com\/?post_type=product&#038;p=17786"},"modified":"2025-12-25T20:35:26","modified_gmt":"2025-12-25T19:35:26","slug":"mentor","status":"publish","type":"product","link":"https:\/\/www.iamslip.com\/?product=mentor","title":{"rendered":"Mentor"},"content":{"rendered":"<h2 class=\"product-title\">Mentor<\/h2>\n<h3>DD-SLP10<\/h3>\n<p data-start=\"217\" data-end=\"477\">La carte <strong data-start=\"226\" data-end=\"238\">\u00ab\u00a0Mentor\u00a0\u00bb<\/strong> c\u00e9l\u00e8bre la <strong data-start=\"250\" data-end=\"276\">transmission du savoir<\/strong> entre deux l\u00e9gendes des <strong data-start=\"301\" data-end=\"323\">Los Angeles Lakers<\/strong> : <strong data-start=\"326\" data-end=\"365\">Magic Johnson &amp; Kareem Abdul-Jabbar<\/strong>. Plus qu\u2019un duo iconique, leur relation symbolise l\u2019apprentissage, le respect et la continuit\u00e9 d\u2019un h\u00e9ritage.<\/p>\n<p data-start=\"479\" data-end=\"674\">Au c\u0153ur de cette passation : le <strong data-start=\"511\" data-end=\"523\">Sky Hook<\/strong>, le geste signature de Kareem, devenu une arme mythique du basket. Une technique que Magic a su admirer et parfois reproduire dans les moments cl\u00e9s.<\/p>\n<p data-start=\"676\" data-end=\"818\">Cette carte <strong data-start=\"688\" data-end=\"705\">Double Double<\/strong> sign\u00e9e SLip capture <strong data-start=\"726\" data-end=\"766\">un moment de transmission l\u00e9gendaire<\/strong>, entre la sagesse de Kareem et la magie de Magic.<\/p>\n<p data-start=\"820\" data-end=\"972\">\ud83d\udd39 <strong data-start=\"823\" data-end=\"835\">Format :<\/strong> 8,9 x 6,4 cm (style carte de collection)<br data-start=\"876\" data-end=\"879\" \/>\ud83d\udd39 <strong data-start=\"882\" data-end=\"913\">Impression de haute qualit\u00e9<\/strong><br data-start=\"913\" data-end=\"916\" \/>\ud83d\udd39 <strong data-start=\"919\" data-end=\"970\">Exp\u00e9dition prot\u00e9g\u00e9e (sleeve &amp; toploader inclus)<\/strong><\/p>\n<p data-start=\"974\" data-end=\"1050\" data-is-last-node=\"\" data-is-only-node=\"\">\ud83c\udfc0 <strong data-start=\"977\" data-end=\"1050\" data-is-last-node=\"\">Une pi\u00e8ce essentielle pour les fans des Lakers et de l\u2019h\u00e9ritage NBA !<\/strong><\/p>\n<p>&nbsp;<\/p>\n<p>&nbsp;<\/p>\n<p>&nbsp;<\/p>\n<p>&nbsp;<\/p>\n<p>&nbsp;<\/p>\n<p>&nbsp;<\/p>\n","protected":false},"excerpt":{"rendered":"<p>Mentor DD-SLP10 La carte \u00ab\u00a0Mentor\u00a0\u00bb c\u00e9l\u00e8bre la transmission du savoir entre deux l\u00e9gendes des Los Angeles Lakers : Magic Johnson &amp; Kareem Abdul-Jabbar. Plus qu\u2019un duo iconique, leur relation symbolise l\u2019apprentissage, le respect et la continuit\u00e9 d\u2019un h\u00e9ritage. Au c\u0153ur de cette passation : le Sky Hook, le geste signature de Kareem, devenu une arme [&hellip;]<\/p>\n","protected":false},"featured_media":17956,"template":"","meta":{"_crdt_document":"","_uag_custom_page_level_css":"","_swt_meta_header_display":false,"_swt_meta_footer_display":false,"_swt_meta_site_title_display":false,"_swt_meta_sticky_header":false,"_swt_meta_transparent_header":false},"product_brand":[],"product_cat":[5099],"product_tag":[5105,5132,5251,5166,5120,5252],"class_list":{"0":"post-17786","1":"product","2":"type-product","3":"status-publish","4":"has-post-thumbnail","6":"product_cat-cartes-double-double","7":"product_tag-doubledouble","8":"product_tag-magic","9":"product_tag-oneal","10":"product_tag-orlando","11":"product_tag-shaq","12":"product_tag-shaquille","13":"product_shipping_class-cartes","15":"first","16":"instock","17":"shipping-taxable","18":"purchasable","19":"product-type-simple"},"uagb_featured_image_src":{"full":["https:\/\/www.iamslip.com\/wp-content\/uploads\/2025\/03\/DD_Mentor.jpg",736,924,false],"thumbnail":["https:\/\/www.iamslip.com\/wp-content\/uploads\/2025\/03\/DD_Mentor-150x150.jpg",150,150,true],"medium":["https:\/\/www.iamslip.com\/wp-content\/uploads\/2025\/03\/DD_Mentor-239x300.jpg",239,300,true],"medium_large":["https:\/\/www.iamslip.com\/wp-content\/uploads\/2025\/03\/DD_Mentor.jpg",736,924,false],"large":["https:\/\/www.iamslip.com\/wp-content\/uploads\/2025\/03\/DD_Mentor.jpg",736,924,false],"1536x1536":["https:\/\/www.iamslip.com\/wp-content\/uploads\/2025\/03\/DD_Mentor.jpg",736,924,false],"2048x2048":["https:\/\/www.iamslip.com\/wp-content\/uploads\/2025\/03\/DD_Mentor.jpg",736,924,false],"woocommerce_thumbnail":["https:\/\/www.iamslip.com\/wp-content\/uploads\/2025\/03\/DD_Mentor-300x300.jpg",300,300,true],"woocommerce_single":["https:\/\/www.iamslip.com\/wp-content\/uploads\/2025\/03\/DD_Mentor-600x753.jpg",600,753,true],"woocommerce_gallery_thumbnail":["https:\/\/www.iamslip.com\/wp-content\/uploads\/2025\/03\/DD_Mentor-100x100.jpg",100,100,true]},"uagb_author_info":{"display_name":"slip","author_link":"https:\/\/www.iamslip.com\/?author=0"},"uagb_comment_info":0,"uagb_excerpt":"Mentor DD-SLP10 La carte \u00ab\u00a0Mentor\u00a0\u00bb c\u00e9l\u00e8bre la transmission du savoir entre deux l\u00e9gendes des Los Angeles Lakers : Magic Johnson &amp; Kareem Abdul-Jabbar. Plus qu\u2019un duo iconique, leur relation symbolise l\u2019apprentissage, le respect et la continuit\u00e9 d\u2019un h\u00e9ritage. Au c\u0153ur de cette passation : le Sky Hook, le geste signature de Kareem, devenu une arme\u2026","_links":{"self":[{"href":"https:\/\/www.iamslip.com\/index.php?rest_route=\/wp\/v2\/product\/17786","targetHints":{"allow":["GET"]}}],"collection":[{"href":"https:\/\/www.iamslip.com\/index.php?rest_route=\/wp\/v2\/product"}],"about":[{"href":"https:\/\/www.iamslip.com\/index.php?rest_route=\/wp\/v2\/types\/product"}],"wp:featuredmedia":[{"embeddable":true,"href":"https:\/\/www.iamslip.com\/index.php?rest_route=\/wp\/v2\/media\/17956"}],"wp:attachment":[{"href":"https:\/\/www.iamslip.com\/index.php?rest_route=%2Fwp%2Fv2%2Fmedia&parent=17786"}],"wp:term":[{"taxonomy":"product_brand","embeddable":true,"href":"https:\/\/www.iamslip.com\/index.php?rest_route=%2Fwp%2Fv2%2Fproduct_brand&post=17786"},{"taxonomy":"product_cat","embeddable":true,"href":"https:\/\/www.iamslip.com\/index.php?rest_route=%2Fwp%2Fv2%2Fproduct_cat&post=17786"},{"taxonomy":"product_tag","embeddable":true,"href":"https:\/\/www.iamslip.com\/index.php?rest_route=%2Fwp%2Fv2%2Fproduct_tag&post=17786"}],"curies":[{"name":"wp","href":"https:\/\/api.w.org\/{rel}","templated":true}]}}