{"id":17782,"date":"2025-03-13T08:54:40","date_gmt":"2025-03-13T07:54:40","guid":{"rendered":"https:\/\/www.iamslip.com\/?post_type=product&#038;p=17782"},"modified":"2025-12-25T20:35:26","modified_gmt":"2025-12-25T19:35:26","slug":"points-perdus","status":"publish","type":"product","link":"https:\/\/www.iamslip.com\/?product=points-perdus","title":{"rendered":"Points Perdus"},"content":{"rendered":"<h2 class=\"product-title\">Points Perdus<\/h2>\n<h3>DD-SLP08<\/h3>\n<p data-start=\"241\" data-end=\"517\">Si la domination physique de <strong data-start=\"270\" data-end=\"290\">Shaquille O\u2019Neal<\/strong> \u00e9tait incontestable, ses lancers francs ont souvent racont\u00e9 une autre histoire\u2026 <strong data-start=\"371\" data-end=\"390\">\u00ab\u00a0Points Perdus\u00a0\u00bb<\/strong> illustre avec humour l\u2019une des rares faiblesses du Big Diesel : <strong data-start=\"455\" data-end=\"514\">son incapacit\u00e9 chronique \u00e0 convertir ses lancers francs<\/strong>.<\/p>\n<p data-start=\"519\" data-end=\"733\">Entre strat\u00e9gie adverse (<em data-start=\"544\" data-end=\"557\">Hack-a-Shaq<\/em>) et frustration des fans, cette carte <strong data-start=\"596\" data-end=\"613\">Double Double<\/strong> sign\u00e9e SLip capture <strong data-start=\"634\" data-end=\"660\">un paradoxe l\u00e9gendaire<\/strong> : un monstre sous le panier, mais une \u00e9nigme sur la ligne des lancers.<\/p>\n<p data-start=\"735\" data-end=\"887\">\ud83d\udd39 <strong data-start=\"738\" data-end=\"750\">Format :<\/strong> 8,9 x 6,4 cm (style carte de collection)<br data-start=\"791\" data-end=\"794\" \/>\ud83d\udd39 <strong data-start=\"797\" data-end=\"828\">Impression de haute qualit\u00e9<\/strong><br data-start=\"828\" data-end=\"831\" \/>\ud83d\udd39 <strong data-start=\"834\" data-end=\"885\">Exp\u00e9dition prot\u00e9g\u00e9e (sleeve &amp; toploader inclus)<\/strong><\/p>\n<p data-start=\"889\" data-end=\"969\" data-is-last-node=\"\" data-is-only-node=\"\">\ud83c\udfc0 <strong data-start=\"892\" data-end=\"969\" data-is-last-node=\"\">Un clin d&rsquo;\u0153il incontournable pour les fans de Shaq et de l\u2019histoire NBA !<\/strong><\/p>\n<p>&nbsp;<\/p>\n<p>&nbsp;<\/p>\n<p>&nbsp;<\/p>\n<p>&nbsp;<\/p>\n<p>&nbsp;<\/p>\n","protected":false},"excerpt":{"rendered":"<p>Points Perdus DD-SLP08 Si la domination physique de Shaquille O\u2019Neal \u00e9tait incontestable, ses lancers francs ont souvent racont\u00e9 une autre histoire\u2026 \u00ab\u00a0Points Perdus\u00a0\u00bb illustre avec humour l\u2019une des rares faiblesses du Big Diesel : son incapacit\u00e9 chronique \u00e0 convertir ses lancers francs. Entre strat\u00e9gie adverse (Hack-a-Shaq) et frustration des fans, cette carte Double Double sign\u00e9e [&hellip;]<\/p>\n","protected":false},"featured_media":17958,"template":"","meta":{"_crdt_document":"","_uag_custom_page_level_css":"","_swt_meta_header_display":false,"_swt_meta_footer_display":false,"_swt_meta_site_title_display":false,"_swt_meta_sticky_header":false,"_swt_meta_transparent_header":false},"product_brand":[],"product_cat":[5099],"product_tag":[5105,5132,5251,5166,5120,5252],"class_list":{"0":"post-17782","1":"product","2":"type-product","3":"status-publish","4":"has-post-thumbnail","6":"product_cat-cartes-double-double","7":"product_tag-doubledouble","8":"product_tag-magic","9":"product_tag-oneal","10":"product_tag-orlando","11":"product_tag-shaq","12":"product_tag-shaquille","13":"product_shipping_class-cartes","15":"first","16":"instock","17":"shipping-taxable","18":"purchasable","19":"product-type-simple"},"uagb_featured_image_src":{"full":["https:\/\/www.iamslip.com\/wp-content\/uploads\/2025\/03\/DD_PointPerdus.jpg",736,924,false],"thumbnail":["https:\/\/www.iamslip.com\/wp-content\/uploads\/2025\/03\/DD_PointPerdus-150x150.jpg",150,150,true],"medium":["https:\/\/www.iamslip.com\/wp-content\/uploads\/2025\/03\/DD_PointPerdus-239x300.jpg",239,300,true],"medium_large":["https:\/\/www.iamslip.com\/wp-content\/uploads\/2025\/03\/DD_PointPerdus.jpg",736,924,false],"large":["https:\/\/www.iamslip.com\/wp-content\/uploads\/2025\/03\/DD_PointPerdus.jpg",736,924,false],"1536x1536":["https:\/\/www.iamslip.com\/wp-content\/uploads\/2025\/03\/DD_PointPerdus.jpg",736,924,false],"2048x2048":["https:\/\/www.iamslip.com\/wp-content\/uploads\/2025\/03\/DD_PointPerdus.jpg",736,924,false],"woocommerce_thumbnail":["https:\/\/www.iamslip.com\/wp-content\/uploads\/2025\/03\/DD_PointPerdus-300x300.jpg",300,300,true],"woocommerce_single":["https:\/\/www.iamslip.com\/wp-content\/uploads\/2025\/03\/DD_PointPerdus-600x753.jpg",600,753,true],"woocommerce_gallery_thumbnail":["https:\/\/www.iamslip.com\/wp-content\/uploads\/2025\/03\/DD_PointPerdus-100x100.jpg",100,100,true]},"uagb_author_info":{"display_name":"slip","author_link":"https:\/\/www.iamslip.com\/?author=0"},"uagb_comment_info":0,"uagb_excerpt":"Points Perdus DD-SLP08 Si la domination physique de Shaquille O\u2019Neal \u00e9tait incontestable, ses lancers francs ont souvent racont\u00e9 une autre histoire\u2026 \u00ab\u00a0Points Perdus\u00a0\u00bb illustre avec humour l\u2019une des rares faiblesses du Big Diesel : son incapacit\u00e9 chronique \u00e0 convertir ses lancers francs. Entre strat\u00e9gie adverse (Hack-a-Shaq) et frustration des fans, cette carte Double Double sign\u00e9e\u2026","_links":{"self":[{"href":"https:\/\/www.iamslip.com\/index.php?rest_route=\/wp\/v2\/product\/17782","targetHints":{"allow":["GET"]}}],"collection":[{"href":"https:\/\/www.iamslip.com\/index.php?rest_route=\/wp\/v2\/product"}],"about":[{"href":"https:\/\/www.iamslip.com\/index.php?rest_route=\/wp\/v2\/types\/product"}],"wp:featuredmedia":[{"embeddable":true,"href":"https:\/\/www.iamslip.com\/index.php?rest_route=\/wp\/v2\/media\/17958"}],"wp:attachment":[{"href":"https:\/\/www.iamslip.com\/index.php?rest_route=%2Fwp%2Fv2%2Fmedia&parent=17782"}],"wp:term":[{"taxonomy":"product_brand","embeddable":true,"href":"https:\/\/www.iamslip.com\/index.php?rest_route=%2Fwp%2Fv2%2Fproduct_brand&post=17782"},{"taxonomy":"product_cat","embeddable":true,"href":"https:\/\/www.iamslip.com\/index.php?rest_route=%2Fwp%2Fv2%2Fproduct_cat&post=17782"},{"taxonomy":"product_tag","embeddable":true,"href":"https:\/\/www.iamslip.com\/index.php?rest_route=%2Fwp%2Fv2%2Fproduct_tag&post=17782"}],"curies":[{"name":"wp","href":"https:\/\/api.w.org\/{rel}","templated":true}]}}