{"id":17778,"date":"2025-03-13T08:48:42","date_gmt":"2025-03-13T07:48:42","guid":{"rendered":"https:\/\/www.iamslip.com\/?post_type=product&#038;p=17778"},"modified":"2025-03-21T08:41:28","modified_gmt":"2025-03-21T07:41:28","slug":"under-the-same-jersey","status":"publish","type":"product","link":"https:\/\/www.iamslip.com\/?product=under-the-same-jersey","title":{"rendered":"Under the Same Jersey"},"content":{"rendered":"<h2 class=\"product-title\">Under the Same Jersey<\/h2>\n<h3>DD-SLP07<\/h3>\n<p data-start=\"238\" data-end=\"453\">Une image devenue l\u00e9gendaire ! La carte <strong data-start=\"278\" data-end=\"305\">\u00ab\u00a0Under the Same Jersey\u00a0\u00bb<\/strong> rend hommage \u00e0 l\u2019une des photos les plus iconiques de l\u2019histoire de la NBA, mettant en sc\u00e8ne <strong data-start=\"399\" data-end=\"429\">Manute Bol &amp; Muggsy Bogues<\/strong> sous le m\u00eame maillot.<\/p>\n<p data-start=\"455\" data-end=\"678\">Ce clich\u00e9 surr\u00e9aliste illustre <strong data-start=\"486\" data-end=\"537\">le plus grand et le plus petit joueur de la NBA<\/strong>, r\u00e9unis par l\u2019humour et l\u2019esprit d\u2019\u00e9quipe. Une carte <strong data-start=\"591\" data-end=\"608\">Double Double<\/strong> sign\u00e9e SLip, qui capture toute la magie et l\u2019originalit\u00e9 du basket.<\/p>\n<p data-start=\"680\" data-end=\"832\">\ud83d\udd39 <strong data-start=\"683\" data-end=\"695\">Format :<\/strong> 8,9 x 6,4 cm (style carte de collection)<br data-start=\"736\" data-end=\"739\" \/>\ud83d\udd39 <strong data-start=\"742\" data-end=\"773\">Impression de haute qualit\u00e9<\/strong><br data-start=\"773\" data-end=\"776\" \/>\ud83d\udd39 <strong data-start=\"779\" data-end=\"830\">Exp\u00e9dition prot\u00e9g\u00e9e (sleeve &amp; toploader inclus)<\/strong><\/p>\n<p data-start=\"834\" data-end=\"924\" data-is-last-node=\"\" data-is-only-node=\"\">\ud83c\udfc0 <strong data-start=\"837\" data-end=\"924\" data-is-last-node=\"\">Un must-have pour les collectionneurs et les nostalgiques de la grande \u00e9poque NBA !<\/strong><\/p>\n<p>&nbsp;<\/p>\n<p>&nbsp;<\/p>\n<p>&nbsp;<\/p>\n<p>&nbsp;<\/p>\n","protected":false},"excerpt":{"rendered":"<p>Under the Same Jersey DD-SLP07 Une image devenue l\u00e9gendaire ! La carte \u00ab\u00a0Under the Same Jersey\u00a0\u00bb rend hommage \u00e0 l\u2019une des photos les plus iconiques de l\u2019histoire de la NBA, mettant en sc\u00e8ne Manute Bol &amp; Muggsy Bogues sous le m\u00eame maillot. Ce clich\u00e9 surr\u00e9aliste illustre le plus grand et le plus petit joueur de [&hellip;]<\/p>\n","protected":false},"featured_media":17960,"template":"","meta":{"_crdt_document":"","_uag_custom_page_level_css":"","_swt_meta_header_display":false,"_swt_meta_footer_display":false,"_swt_meta_site_title_display":false,"_swt_meta_sticky_header":false,"_swt_meta_transparent_header":false},"product_brand":[],"product_cat":[5099],"product_tag":[5248,5246,5250,5105,5245,5247,5249],"class_list":{"0":"post-17778","1":"product","2":"type-product","3":"status-publish","4":"has-post-thumbnail","6":"product_cat-cartes-double-double","7":"product_tag-bogues","8":"product_tag-bol","9":"product_tag-bullets","10":"product_tag-doubledouble","11":"product_tag-manute","12":"product_tag-muggsy","13":"product_tag-washington","14":"product_shipping_class-cartes","16":"first","17":"instock","18":"shipping-taxable","19":"purchasable","20":"product-type-simple"},"uagb_featured_image_src":{"full":["https:\/\/www.iamslip.com\/wp-content\/uploads\/2025\/03\/DD_SameJersey.jpg",736,924,false],"thumbnail":["https:\/\/www.iamslip.com\/wp-content\/uploads\/2025\/03\/DD_SameJersey-150x150.jpg",150,150,true],"medium":["https:\/\/www.iamslip.com\/wp-content\/uploads\/2025\/03\/DD_SameJersey-239x300.jpg",239,300,true],"medium_large":["https:\/\/www.iamslip.com\/wp-content\/uploads\/2025\/03\/DD_SameJersey.jpg",736,924,false],"large":["https:\/\/www.iamslip.com\/wp-content\/uploads\/2025\/03\/DD_SameJersey.jpg",736,924,false],"1536x1536":["https:\/\/www.iamslip.com\/wp-content\/uploads\/2025\/03\/DD_SameJersey.jpg",736,924,false],"2048x2048":["https:\/\/www.iamslip.com\/wp-content\/uploads\/2025\/03\/DD_SameJersey.jpg",736,924,false],"woocommerce_thumbnail":["https:\/\/www.iamslip.com\/wp-content\/uploads\/2025\/03\/DD_SameJersey-300x300.jpg",300,300,true],"woocommerce_single":["https:\/\/www.iamslip.com\/wp-content\/uploads\/2025\/03\/DD_SameJersey-600x753.jpg",600,753,true],"woocommerce_gallery_thumbnail":["https:\/\/www.iamslip.com\/wp-content\/uploads\/2025\/03\/DD_SameJersey-100x100.jpg",100,100,true]},"uagb_author_info":{"display_name":"slip","author_link":"https:\/\/www.iamslip.com\/?author=0"},"uagb_comment_info":0,"uagb_excerpt":"Under the Same Jersey DD-SLP07 Une image devenue l\u00e9gendaire ! La carte \u00ab\u00a0Under the Same Jersey\u00a0\u00bb rend hommage \u00e0 l\u2019une des photos les plus iconiques de l\u2019histoire de la NBA, mettant en sc\u00e8ne Manute Bol &amp; Muggsy Bogues sous le m\u00eame maillot. Ce clich\u00e9 surr\u00e9aliste illustre le plus grand et le plus petit joueur de\u2026","_links":{"self":[{"href":"https:\/\/www.iamslip.com\/index.php?rest_route=\/wp\/v2\/product\/17778","targetHints":{"allow":["GET"]}}],"collection":[{"href":"https:\/\/www.iamslip.com\/index.php?rest_route=\/wp\/v2\/product"}],"about":[{"href":"https:\/\/www.iamslip.com\/index.php?rest_route=\/wp\/v2\/types\/product"}],"wp:featuredmedia":[{"embeddable":true,"href":"https:\/\/www.iamslip.com\/index.php?rest_route=\/wp\/v2\/media\/17960"}],"wp:attachment":[{"href":"https:\/\/www.iamslip.com\/index.php?rest_route=%2Fwp%2Fv2%2Fmedia&parent=17778"}],"wp:term":[{"taxonomy":"product_brand","embeddable":true,"href":"https:\/\/www.iamslip.com\/index.php?rest_route=%2Fwp%2Fv2%2Fproduct_brand&post=17778"},{"taxonomy":"product_cat","embeddable":true,"href":"https:\/\/www.iamslip.com\/index.php?rest_route=%2Fwp%2Fv2%2Fproduct_cat&post=17778"},{"taxonomy":"product_tag","embeddable":true,"href":"https:\/\/www.iamslip.com\/index.php?rest_route=%2Fwp%2Fv2%2Fproduct_tag&post=17778"}],"curies":[{"name":"wp","href":"https:\/\/api.w.org\/{rel}","templated":true}]}}