{"id":17775,"date":"2025-03-13T08:22:04","date_gmt":"2025-03-13T07:22:04","guid":{"rendered":"https:\/\/www.iamslip.com\/?post_type=product&#038;p=17775"},"modified":"2026-03-24T23:03:50","modified_gmt":"2026-03-24T22:03:50","slug":"sous-son-aile","status":"publish","type":"product","link":"https:\/\/www.iamslip.com\/?product=sous-son-aile","title":{"rendered":"Sous son Aile"},"content":{"rendered":"<h2 class=\"product-title\">Sous son Aile<\/h2>\n<h3>DD-SLP05<\/h3>\n<p data-start=\"223\" data-end=\"506\">La carte <strong data-start=\"232\" data-end=\"251\">\u00ab\u00a0Sous son Aile\u00a0\u00bb<\/strong> c\u00e9l\u00e8bre la <strong data-start=\"263\" data-end=\"300\">transmission interg\u00e9n\u00e9rationnelle<\/strong> entre <strong data-start=\"307\" data-end=\"339\">David Robinson et Tim Duncan<\/strong>, deux l\u00e9gendes des <strong data-start=\"359\" data-end=\"380\">San Antonio Spurs<\/strong>. Mentor et prot\u00e9g\u00e9, ils ont incarn\u00e9 l\u2019excellence et l\u2019humilit\u00e9, forgeant l\u2019une des dynasties les plus respect\u00e9es de la NBA.<\/p>\n<p data-start=\"508\" data-end=\"740\">Ce passage de t\u00e9moin, entre l\u2019exp\u00e9rience du <strong data-start=\"552\" data-end=\"569\">\u00ab\u00a0The Admiral\u00a0\u00bb<\/strong> et l\u2019ascension du <strong data-start=\"588\" data-end=\"609\">\u00ab\u00a0Big Fundamental\u00a0\u00bb<\/strong>, est captur\u00e9 dans cette carte <strong data-start=\"640\" data-end=\"657\">Double Double<\/strong> sign\u00e9e SLip, un hommage \u00e0 la filiation sportive et au respect entre g\u00e9n\u00e9rations.<\/p>\n<p data-start=\"742\" data-end=\"894\">\ud83d\udd39 <strong data-start=\"745\" data-end=\"757\">Format :<\/strong> 8,9 x 6,4 cm (style carte de collection)<br data-start=\"798\" data-end=\"801\" \/>\ud83d\udd39 <strong data-start=\"804\" data-end=\"835\">Impression de haute qualit\u00e9<\/strong><br data-start=\"835\" data-end=\"838\" \/>\ud83d\udd39 <strong data-start=\"841\" data-end=\"892\">Exp\u00e9dition prot\u00e9g\u00e9e (sleeve &amp; toploader inclus)<\/strong><\/p>\n<p data-start=\"896\" data-end=\"972\" data-is-last-node=\"\" data-is-only-node=\"\">\ud83c\udfc0 <strong data-start=\"899\" data-end=\"972\" data-is-last-node=\"\">Une pi\u00e8ce historique pour les collectionneurs et les fans des Spurs !<\/strong><\/p>\n<p>&nbsp;<\/p>\n<p>&nbsp;<\/p>\n<p>&nbsp;<\/p>\n","protected":false},"excerpt":{"rendered":"<p>Sous son Aile DD-SLP05 La carte \u00ab\u00a0Sous son Aile\u00a0\u00bb c\u00e9l\u00e8bre la transmission interg\u00e9n\u00e9rationnelle entre David Robinson et Tim Duncan, deux l\u00e9gendes des San Antonio Spurs. Mentor et prot\u00e9g\u00e9, ils ont incarn\u00e9 l\u2019excellence et l\u2019humilit\u00e9, forgeant l\u2019une des dynasties les plus respect\u00e9es de la NBA. Ce passage de t\u00e9moin, entre l\u2019exp\u00e9rience du \u00ab\u00a0The Admiral\u00a0\u00bb et l\u2019ascension [&hellip;]<\/p>\n","protected":false},"featured_media":17961,"template":"","meta":{"_crdt_document":"","_uag_custom_page_level_css":"","_swt_meta_header_display":false,"_swt_meta_footer_display":false,"_swt_meta_site_title_display":false,"_swt_meta_sticky_header":false,"_swt_meta_transparent_header":false},"product_brand":[],"product_cat":[5099],"product_tag":[5105,5243,5244,5128,5127],"class_list":{"0":"post-17775","1":"product","2":"type-product","3":"status-publish","4":"has-post-thumbnail","6":"product_cat-cartes-double-double","7":"product_tag-doubledouble","8":"product_tag-duncan","9":"product_tag-robinson","10":"product_tag-san-antonio","11":"product_tag-spurs","12":"product_shipping_class-cartes","14":"first","15":"instock","16":"shipping-taxable","17":"purchasable","18":"product-type-simple"},"uagb_featured_image_src":{"full":["https:\/\/www.iamslip.com\/wp-content\/uploads\/2025\/03\/DD_SoussonAile.jpg",736,924,false],"thumbnail":["https:\/\/www.iamslip.com\/wp-content\/uploads\/2025\/03\/DD_SoussonAile-150x150.jpg",150,150,true],"medium":["https:\/\/www.iamslip.com\/wp-content\/uploads\/2025\/03\/DD_SoussonAile-239x300.jpg",239,300,true],"medium_large":["https:\/\/www.iamslip.com\/wp-content\/uploads\/2025\/03\/DD_SoussonAile.jpg",736,924,false],"large":["https:\/\/www.iamslip.com\/wp-content\/uploads\/2025\/03\/DD_SoussonAile.jpg",736,924,false],"1536x1536":["https:\/\/www.iamslip.com\/wp-content\/uploads\/2025\/03\/DD_SoussonAile.jpg",736,924,false],"2048x2048":["https:\/\/www.iamslip.com\/wp-content\/uploads\/2025\/03\/DD_SoussonAile.jpg",736,924,false],"woocommerce_thumbnail":["https:\/\/www.iamslip.com\/wp-content\/uploads\/2025\/03\/DD_SoussonAile-300x300.jpg",300,300,true],"woocommerce_single":["https:\/\/www.iamslip.com\/wp-content\/uploads\/2025\/03\/DD_SoussonAile-600x753.jpg",600,753,true],"woocommerce_gallery_thumbnail":["https:\/\/www.iamslip.com\/wp-content\/uploads\/2025\/03\/DD_SoussonAile-100x100.jpg",100,100,true]},"uagb_author_info":{"display_name":"slip","author_link":"https:\/\/www.iamslip.com\/?author=0"},"uagb_comment_info":0,"uagb_excerpt":"Sous son Aile DD-SLP05 La carte \u00ab\u00a0Sous son Aile\u00a0\u00bb c\u00e9l\u00e8bre la transmission interg\u00e9n\u00e9rationnelle entre David Robinson et Tim Duncan, deux l\u00e9gendes des San Antonio Spurs. Mentor et prot\u00e9g\u00e9, ils ont incarn\u00e9 l\u2019excellence et l\u2019humilit\u00e9, forgeant l\u2019une des dynasties les plus respect\u00e9es de la NBA. Ce passage de t\u00e9moin, entre l\u2019exp\u00e9rience du \u00ab\u00a0The Admiral\u00a0\u00bb et l\u2019ascension\u2026","_links":{"self":[{"href":"https:\/\/www.iamslip.com\/index.php?rest_route=\/wp\/v2\/product\/17775","targetHints":{"allow":["GET"]}}],"collection":[{"href":"https:\/\/www.iamslip.com\/index.php?rest_route=\/wp\/v2\/product"}],"about":[{"href":"https:\/\/www.iamslip.com\/index.php?rest_route=\/wp\/v2\/types\/product"}],"wp:featuredmedia":[{"embeddable":true,"href":"https:\/\/www.iamslip.com\/index.php?rest_route=\/wp\/v2\/media\/17961"}],"wp:attachment":[{"href":"https:\/\/www.iamslip.com\/index.php?rest_route=%2Fwp%2Fv2%2Fmedia&parent=17775"}],"wp:term":[{"taxonomy":"product_brand","embeddable":true,"href":"https:\/\/www.iamslip.com\/index.php?rest_route=%2Fwp%2Fv2%2Fproduct_brand&post=17775"},{"taxonomy":"product_cat","embeddable":true,"href":"https:\/\/www.iamslip.com\/index.php?rest_route=%2Fwp%2Fv2%2Fproduct_cat&post=17775"},{"taxonomy":"product_tag","embeddable":true,"href":"https:\/\/www.iamslip.com\/index.php?rest_route=%2Fwp%2Fv2%2Fproduct_tag&post=17775"}],"curies":[{"name":"wp","href":"https:\/\/api.w.org\/{rel}","templated":true}]}}