{"id":17759,"date":"2025-03-12T15:42:25","date_gmt":"2025-03-12T14:42:25","guid":{"rendered":"https:\/\/www.iamslip.com\/?post_type=product&#038;p=17759"},"modified":"2025-03-26T08:47:40","modified_gmt":"2025-03-26T07:47:40","slug":"fifa-1922-match-pere-fils","status":"publish","type":"product","link":"https:\/\/www.iamslip.com\/?product=fifa-1922-match-pere-fils","title":{"rendered":"FIFA 1922 : Match P\u00e8re\/Fils"},"content":{"rendered":"<h2>\ud83d\udea8 CARTE 1\/1 \ud83d\udea8<\/h2>\n<h3>\u00ab\u00a0FIFA 1922 : Match P\u00e8re\/Fils\u00a0\u00bb<\/h3>\n<p>Un instant fig\u00e9 dans le temps, o\u00f9 le pass\u00e9 et le pr\u00e9sent se croisent sur le terrain. <strong data-start=\"297\" data-end=\"330\">\u00ab\u00a0FIFA 1922 \/ Match P\u00e8re-Fils\u00a0\u00bb<\/strong> revisite l\u2019histoire du football \u00e0 travers une sc\u00e8ne unique, m\u00ealant nostalgie et transmission g\u00e9n\u00e9rationnelle.<\/p>\n<p data-start=\"54\" data-end=\"281\"><span style=\"font-size: 10pt;\">Toutes les <strong data-start=\"65\" data-end=\"79\">cartes 1\/1<\/strong> sont livr\u00e9es dans une <strong data-start=\"102\" data-end=\"125\">bo\u00eete <\/strong>marqu\u00e9e du logo, soigneusement prot\u00e9g\u00e9es dans leur <strong>beskard<\/strong>.<br \/>\n<\/span><span style=\"font-size: 10pt;\">\ud83d\udd39 <strong data-start=\"286\" data-end=\"306\">Sign\u00e9e \u00e0 la main<\/strong> par l\u2019artiste au dos<\/span><br data-start=\"327\" data-end=\"330\" \/><span style=\"font-size: 10pt;\">\ud83d\udd39 <strong data-start=\"333\" data-end=\"369\" data-is-only-node=\"\">Certificat d\u2019authenticit\u00e9 inclus<\/strong><\/span><br data-start=\"369\" data-end=\"372\" \/><span style=\"font-size: 10pt;\">\ud83d\udd39 <strong data-start=\"375\" data-end=\"414\">Une seule et unique copie existante<\/strong><\/span><\/p>\n<p data-start=\"418\" data-end=\"482\" data-is-last-node=\"\" data-is-only-node=\"\"><span style=\"font-size: 10pt;\">\ud83d\udc8e <strong data-start=\"421\" data-end=\"482\" data-is-last-node=\"\">Une pi\u00e8ce d\u2019exception pour les collectionneurs exigeants.<\/strong><\/span><\/p>\n<p>&nbsp;<\/p>\n","protected":false},"excerpt":{"rendered":"<p>\ud83d\udea8 CARTE 1\/1 \ud83d\udea8 \u00ab\u00a0FIFA 1922 : Match P\u00e8re\/Fils\u00a0\u00bb Un instant fig\u00e9 dans le temps, o\u00f9 le pass\u00e9 et le pr\u00e9sent se croisent sur le terrain. \u00ab\u00a0FIFA 1922 \/ Match P\u00e8re-Fils\u00a0\u00bb revisite l\u2019histoire du football \u00e0 travers une sc\u00e8ne unique, m\u00ealant nostalgie et transmission g\u00e9n\u00e9rationnelle. Toutes les cartes 1\/1 sont livr\u00e9es dans une bo\u00eete marqu\u00e9e [&hellip;]<\/p>\n","protected":false},"featured_media":18116,"template":"","meta":{"_crdt_document":"","_uag_custom_page_level_css":"","_swt_meta_header_display":false,"_swt_meta_footer_display":false,"_swt_meta_site_title_display":false,"_swt_meta_sticky_header":false,"_swt_meta_transparent_header":false},"product_brand":[],"product_cat":[5307,5102],"product_tag":[5242,5240,5238,5239,5241,5236,5237],"class_list":{"0":"post-17759","1":"product","2":"type-product","3":"status-publish","4":"has-post-thumbnail","6":"product_cat-coup-de-coeur","7":"product_cat-slip-one-of-one","8":"product_tag-basket","9":"product_tag-cardartist","10":"product_tag-carte","11":"product_tag-customcard","12":"product_tag-dimanche","13":"product_tag-oneofone","14":"product_tag-unique","15":"product_shipping_class-cartes","17":"first","18":"instock","19":"shipping-taxable","20":"purchasable","21":"product-type-simple"},"uagb_featured_image_src":{"full":["https:\/\/www.iamslip.com\/wp-content\/uploads\/2025\/03\/mockup_cardOneOfOne-1.jpg",1024,1024,false],"thumbnail":["https:\/\/www.iamslip.com\/wp-content\/uploads\/2025\/03\/mockup_cardOneOfOne-1-150x150.jpg",150,150,true],"medium":["https:\/\/www.iamslip.com\/wp-content\/uploads\/2025\/03\/mockup_cardOneOfOne-1-300x300.jpg",300,300,true],"medium_large":["https:\/\/www.iamslip.com\/wp-content\/uploads\/2025\/03\/mockup_cardOneOfOne-1-768x768.jpg",768,768,true],"large":["https:\/\/www.iamslip.com\/wp-content\/uploads\/2025\/03\/mockup_cardOneOfOne-1.jpg",1024,1024,false],"1536x1536":["https:\/\/www.iamslip.com\/wp-content\/uploads\/2025\/03\/mockup_cardOneOfOne-1.jpg",1024,1024,false],"2048x2048":["https:\/\/www.iamslip.com\/wp-content\/uploads\/2025\/03\/mockup_cardOneOfOne-1.jpg",1024,1024,false],"woocommerce_thumbnail":["https:\/\/www.iamslip.com\/wp-content\/uploads\/2025\/03\/mockup_cardOneOfOne-1-300x300.jpg",300,300,true],"woocommerce_single":["https:\/\/www.iamslip.com\/wp-content\/uploads\/2025\/03\/mockup_cardOneOfOne-1-600x600.jpg",600,600,true],"woocommerce_gallery_thumbnail":["https:\/\/www.iamslip.com\/wp-content\/uploads\/2025\/03\/mockup_cardOneOfOne-1-100x100.jpg",100,100,true]},"uagb_author_info":{"display_name":"slip","author_link":"https:\/\/www.iamslip.com\/?author=0"},"uagb_comment_info":0,"uagb_excerpt":"\ud83d\udea8 CARTE 1\/1 \ud83d\udea8 \u00ab\u00a0FIFA 1922 : Match P\u00e8re\/Fils\u00a0\u00bb Un instant fig\u00e9 dans le temps, o\u00f9 le pass\u00e9 et le pr\u00e9sent se croisent sur le terrain. \u00ab\u00a0FIFA 1922 \/ Match P\u00e8re-Fils\u00a0\u00bb revisite l\u2019histoire du football \u00e0 travers une sc\u00e8ne unique, m\u00ealant nostalgie et transmission g\u00e9n\u00e9rationnelle. Toutes les cartes 1\/1 sont livr\u00e9es dans une bo\u00eete marqu\u00e9e\u2026","_links":{"self":[{"href":"https:\/\/www.iamslip.com\/index.php?rest_route=\/wp\/v2\/product\/17759","targetHints":{"allow":["GET"]}}],"collection":[{"href":"https:\/\/www.iamslip.com\/index.php?rest_route=\/wp\/v2\/product"}],"about":[{"href":"https:\/\/www.iamslip.com\/index.php?rest_route=\/wp\/v2\/types\/product"}],"wp:featuredmedia":[{"embeddable":true,"href":"https:\/\/www.iamslip.com\/index.php?rest_route=\/wp\/v2\/media\/18116"}],"wp:attachment":[{"href":"https:\/\/www.iamslip.com\/index.php?rest_route=%2Fwp%2Fv2%2Fmedia&parent=17759"}],"wp:term":[{"taxonomy":"product_brand","embeddable":true,"href":"https:\/\/www.iamslip.com\/index.php?rest_route=%2Fwp%2Fv2%2Fproduct_brand&post=17759"},{"taxonomy":"product_cat","embeddable":true,"href":"https:\/\/www.iamslip.com\/index.php?rest_route=%2Fwp%2Fv2%2Fproduct_cat&post=17759"},{"taxonomy":"product_tag","embeddable":true,"href":"https:\/\/www.iamslip.com\/index.php?rest_route=%2Fwp%2Fv2%2Fproduct_tag&post=17759"}],"curies":[{"name":"wp","href":"https:\/\/api.w.org\/{rel}","templated":true}]}}