{"id":17750,"date":"2025-03-12T11:56:15","date_gmt":"2025-03-12T10:56:15","guid":{"rendered":"https:\/\/www.iamslip.com\/?post_type=product&#038;p=17750"},"modified":"2025-03-28T17:20:01","modified_gmt":"2025-03-28T16:20:01","slug":"roi-sans-couronne","status":"publish","type":"product","link":"https:\/\/www.iamslip.com\/?product=roi-sans-couronne","title":{"rendered":"Roi Sans Couronne"},"content":{"rendered":"<h2 class=\"product-title\">Roi Sans Couronne<\/h2>\n<h3>DD-SLP29<\/h3>\n<p data-start=\"203\" data-end=\"482\">D\u00e9couvrez <strong data-start=\"213\" data-end=\"236\">\u00ab\u00a0Roi Sans Couronne\u00a0\u00bb<\/strong>, une carte de la s\u00e9rie <strong data-start=\"260\" data-end=\"277\">Double Double<\/strong>, mettant en avant <strong data-start=\"296\" data-end=\"313\">Patrick Ewing<\/strong>, l\u2019une des plus grandes l\u00e9gendes des New York Knicks. Dominant la raquette, mais jamais sacr\u00e9 champion, Ewing incarne le talent et la pers\u00e9v\u00e9rance face \u00e0 l\u2019adversit\u00e9.<\/p>\n<p data-start=\"484\" data-end=\"555\">\ud83d\udd25 <strong data-start=\"487\" data-end=\"553\">Un hommage artistique \u00e0 un g\u00e9ant du basket, revisit\u00e9 par SLip.<\/strong><\/p>\n<p data-start=\"557\" data-end=\"709\">\ud83d\udd39 <strong data-start=\"560\" data-end=\"572\">Format :<\/strong> 8,9 x 6,4 cm (style carte de collection)<br data-start=\"613\" data-end=\"616\" \/>\ud83d\udd39 <strong data-start=\"619\" data-end=\"650\">Impression de haute qualit\u00e9<\/strong><br data-start=\"650\" data-end=\"653\" \/>\ud83d\udd39 <strong data-start=\"656\" data-end=\"707\">Exp\u00e9dition prot\u00e9g\u00e9e (sleeve &amp; toploader inclus)<\/strong><\/p>\n<p data-start=\"711\" data-end=\"805\" data-is-last-node=\"\" data-is-only-node=\"\">\ud83c\udfc0 <strong data-start=\"714\" data-end=\"805\" data-is-last-node=\"\">Une pi\u00e8ce essentielle pour les fans des Knicks et les collectionneurs de l\u00e9gendes NBA !<\/strong><\/p>\n<p>&nbsp;<\/p>\n","protected":false},"excerpt":{"rendered":"<p>Roi Sans Couronne DD-SLP29 D\u00e9couvrez \u00ab\u00a0Roi Sans Couronne\u00a0\u00bb, une carte de la s\u00e9rie Double Double, mettant en avant Patrick Ewing, l\u2019une des plus grandes l\u00e9gendes des New York Knicks. Dominant la raquette, mais jamais sacr\u00e9 champion, Ewing incarne le talent et la pers\u00e9v\u00e9rance face \u00e0 l\u2019adversit\u00e9. \ud83d\udd25 Un hommage artistique \u00e0 un g\u00e9ant du basket, [&hellip;]<\/p>\n","protected":false},"featured_media":17751,"template":"","meta":{"_crdt_document":"","_uag_custom_page_level_css":"","_swt_meta_header_display":false,"_swt_meta_footer_display":false,"_swt_meta_site_title_display":false,"_swt_meta_sticky_header":false,"_swt_meta_transparent_header":false},"product_brand":[],"product_cat":[5099],"product_tag":[5206,5126,5105,5233,5234,5133,5141,5132,5235],"class_list":{"0":"post-17750","1":"product","2":"type-product","3":"status-publish","4":"has-post-thumbnail","6":"product_cat-cartes-double-double","7":"product_tag-bird","8":"product_tag-chamberlain","9":"product_tag-doubledouble","10":"product_tag-goat","11":"product_tag-histoire","12":"product_tag-jabbar","13":"product_tag-jordan","14":"product_tag-magic","15":"product_tag-wilt","16":"product_shipping_class-cartes","18":"first","19":"instock","20":"shipping-taxable","21":"purchasable","22":"product-type-simple"},"uagb_featured_image_src":{"full":["https:\/\/www.iamslip.com\/wp-content\/uploads\/2025\/03\/DD_RoisSansCouronne.png",783,1000,false],"thumbnail":["https:\/\/www.iamslip.com\/wp-content\/uploads\/2025\/03\/DD_RoisSansCouronne-150x150.png",150,150,true],"medium":["https:\/\/www.iamslip.com\/wp-content\/uploads\/2025\/03\/DD_RoisSansCouronne-235x300.png",235,300,true],"medium_large":["https:\/\/www.iamslip.com\/wp-content\/uploads\/2025\/03\/DD_RoisSansCouronne-768x981.png",768,981,true],"large":["https:\/\/www.iamslip.com\/wp-content\/uploads\/2025\/03\/DD_RoisSansCouronne.png",783,1000,false],"1536x1536":["https:\/\/www.iamslip.com\/wp-content\/uploads\/2025\/03\/DD_RoisSansCouronne.png",783,1000,false],"2048x2048":["https:\/\/www.iamslip.com\/wp-content\/uploads\/2025\/03\/DD_RoisSansCouronne.png",783,1000,false],"woocommerce_thumbnail":["https:\/\/www.iamslip.com\/wp-content\/uploads\/2025\/03\/DD_RoisSansCouronne-300x300.png",300,300,true],"woocommerce_single":["https:\/\/www.iamslip.com\/wp-content\/uploads\/2025\/03\/DD_RoisSansCouronne-600x766.png",600,766,true],"woocommerce_gallery_thumbnail":["https:\/\/www.iamslip.com\/wp-content\/uploads\/2025\/03\/DD_RoisSansCouronne-100x100.png",100,100,true]},"uagb_author_info":{"display_name":"slip","author_link":"https:\/\/www.iamslip.com\/?author=0"},"uagb_comment_info":0,"uagb_excerpt":"Roi Sans Couronne DD-SLP29 D\u00e9couvrez \u00ab\u00a0Roi Sans Couronne\u00a0\u00bb, une carte de la s\u00e9rie Double Double, mettant en avant Patrick Ewing, l\u2019une des plus grandes l\u00e9gendes des New York Knicks. Dominant la raquette, mais jamais sacr\u00e9 champion, Ewing incarne le talent et la pers\u00e9v\u00e9rance face \u00e0 l\u2019adversit\u00e9. \ud83d\udd25 Un hommage artistique \u00e0 un g\u00e9ant du basket,\u2026","_links":{"self":[{"href":"https:\/\/www.iamslip.com\/index.php?rest_route=\/wp\/v2\/product\/17750","targetHints":{"allow":["GET"]}}],"collection":[{"href":"https:\/\/www.iamslip.com\/index.php?rest_route=\/wp\/v2\/product"}],"about":[{"href":"https:\/\/www.iamslip.com\/index.php?rest_route=\/wp\/v2\/types\/product"}],"wp:featuredmedia":[{"embeddable":true,"href":"https:\/\/www.iamslip.com\/index.php?rest_route=\/wp\/v2\/media\/17751"}],"wp:attachment":[{"href":"https:\/\/www.iamslip.com\/index.php?rest_route=%2Fwp%2Fv2%2Fmedia&parent=17750"}],"wp:term":[{"taxonomy":"product_brand","embeddable":true,"href":"https:\/\/www.iamslip.com\/index.php?rest_route=%2Fwp%2Fv2%2Fproduct_brand&post=17750"},{"taxonomy":"product_cat","embeddable":true,"href":"https:\/\/www.iamslip.com\/index.php?rest_route=%2Fwp%2Fv2%2Fproduct_cat&post=17750"},{"taxonomy":"product_tag","embeddable":true,"href":"https:\/\/www.iamslip.com\/index.php?rest_route=%2Fwp%2Fv2%2Fproduct_tag&post=17750"}],"curies":[{"name":"wp","href":"https:\/\/api.w.org\/{rel}","templated":true}]}}