{"id":17739,"date":"2025-03-12T09:21:54","date_gmt":"2025-03-12T08:21:54","guid":{"rendered":"https:\/\/www.iamslip.com\/?post_type=product&#038;p=17739"},"modified":"2025-03-28T17:21:15","modified_gmt":"2025-03-28T16:21:15","slug":"the-process","status":"publish","type":"product","link":"https:\/\/www.iamslip.com\/?product=the-process","title":{"rendered":"The Process"},"content":{"rendered":"<h2><span data-sheets-root=\"1\">The Process<\/span><\/h2>\n<h3>DD-SLP01<\/h3>\n<p data-start=\"189\" data-end=\"500\">Rendez hommage \u00e0 l\u2019ascension pr\u00e9vue de <strong data-start=\"221\" data-end=\"236\">Joel Embiid<\/strong>, l\u2019un des pivots appel\u00e9 \u00e0 devenir un des plus dominants de la NBA, avec cette carte <strong data-start=\"301\" data-end=\"318\">Double Double<\/strong> intitul\u00e9e <strong data-start=\"329\" data-end=\"346\">\u00ab\u00a0The Process\u00a0\u00bb<\/strong>.<\/p>\n<p data-start=\"502\" data-end=\"673\">\ud83d\udd39 <strong data-start=\"505\" data-end=\"517\">Format :<\/strong> 8,9 x 6,4 cm (style carte de collection)<br data-start=\"558\" data-end=\"561\" \/>\ud83d\udd39 <strong data-start=\"564\" data-end=\"614\">Impression de haute qualit\u00e9 sur papier premium<\/strong><br data-start=\"614\" data-end=\"617\" \/>\ud83d\udd39 <strong data-start=\"620\" data-end=\"671\">Exp\u00e9dition prot\u00e9g\u00e9e (sleeve &amp; toploader inclus)<\/strong><\/p>\n<p data-start=\"675\" data-end=\"766\" data-is-last-node=\"\" data-is-only-node=\"\">\ud83c\udfc0 <strong data-start=\"678\" data-end=\"766\" data-is-last-node=\"\">Une carte incontournable pour les fans de Philly et les collectionneurs passionn\u00e9s !<\/strong><\/p>\n<p>&nbsp;<\/p>\n<p>&nbsp;<\/p>\n<p>&nbsp;<\/p>\n<p>&nbsp;<\/p>\n<p>&nbsp;<\/p>\n","protected":false},"excerpt":{"rendered":"<p>The Process DD-SLP01 Rendez hommage \u00e0 l\u2019ascension pr\u00e9vue de Joel Embiid, l\u2019un des pivots appel\u00e9 \u00e0 devenir un des plus dominants de la NBA, avec cette carte Double Double intitul\u00e9e \u00ab\u00a0The Process\u00a0\u00bb. \ud83d\udd39 Format : 8,9 x 6,4 cm (style carte de collection)\ud83d\udd39 Impression de haute qualit\u00e9 sur papier premium\ud83d\udd39 Exp\u00e9dition prot\u00e9g\u00e9e (sleeve &amp; toploader [&hellip;]<\/p>\n","protected":false},"featured_media":17966,"template":"","meta":{"_crdt_document":"","_uag_custom_page_level_css":"","_swt_meta_header_display":false,"_swt_meta_footer_display":false,"_swt_meta_site_title_display":false,"_swt_meta_sticky_header":false,"_swt_meta_transparent_header":false},"product_brand":[],"product_cat":[5099],"product_tag":[5105,5220,5219,5140,5221,5222],"class_list":{"0":"post-17739","1":"product","2":"type-product","3":"status-publish","4":"has-post-thumbnail","6":"product_cat-cartes-double-double","7":"product_tag-doubledouble","8":"product_tag-embiid","9":"product_tag-joel","10":"product_tag-philadelphie","11":"product_tag-process","12":"product_tag-sixers","13":"product_shipping_class-cartes","15":"first","16":"instock","17":"shipping-taxable","18":"purchasable","19":"product-type-simple"},"uagb_featured_image_src":{"full":["https:\/\/www.iamslip.com\/wp-content\/uploads\/2025\/03\/DD_TheProcess.jpg",736,924,false],"thumbnail":["https:\/\/www.iamslip.com\/wp-content\/uploads\/2025\/03\/DD_TheProcess-150x150.jpg",150,150,true],"medium":["https:\/\/www.iamslip.com\/wp-content\/uploads\/2025\/03\/DD_TheProcess-239x300.jpg",239,300,true],"medium_large":["https:\/\/www.iamslip.com\/wp-content\/uploads\/2025\/03\/DD_TheProcess.jpg",736,924,false],"large":["https:\/\/www.iamslip.com\/wp-content\/uploads\/2025\/03\/DD_TheProcess.jpg",736,924,false],"1536x1536":["https:\/\/www.iamslip.com\/wp-content\/uploads\/2025\/03\/DD_TheProcess.jpg",736,924,false],"2048x2048":["https:\/\/www.iamslip.com\/wp-content\/uploads\/2025\/03\/DD_TheProcess.jpg",736,924,false],"woocommerce_thumbnail":["https:\/\/www.iamslip.com\/wp-content\/uploads\/2025\/03\/DD_TheProcess-300x300.jpg",300,300,true],"woocommerce_single":["https:\/\/www.iamslip.com\/wp-content\/uploads\/2025\/03\/DD_TheProcess-600x753.jpg",600,753,true],"woocommerce_gallery_thumbnail":["https:\/\/www.iamslip.com\/wp-content\/uploads\/2025\/03\/DD_TheProcess-100x100.jpg",100,100,true]},"uagb_author_info":{"display_name":"slip","author_link":"https:\/\/www.iamslip.com\/?author=0"},"uagb_comment_info":0,"uagb_excerpt":"The Process DD-SLP01 Rendez hommage \u00e0 l\u2019ascension pr\u00e9vue de Joel Embiid, l\u2019un des pivots appel\u00e9 \u00e0 devenir un des plus dominants de la NBA, avec cette carte Double Double intitul\u00e9e \u00ab\u00a0The Process\u00a0\u00bb. \ud83d\udd39 Format : 8,9 x 6,4 cm (style carte de collection)\ud83d\udd39 Impression de haute qualit\u00e9 sur papier premium\ud83d\udd39 Exp\u00e9dition prot\u00e9g\u00e9e (sleeve &amp; toploader\u2026","_links":{"self":[{"href":"https:\/\/www.iamslip.com\/index.php?rest_route=\/wp\/v2\/product\/17739","targetHints":{"allow":["GET"]}}],"collection":[{"href":"https:\/\/www.iamslip.com\/index.php?rest_route=\/wp\/v2\/product"}],"about":[{"href":"https:\/\/www.iamslip.com\/index.php?rest_route=\/wp\/v2\/types\/product"}],"wp:featuredmedia":[{"embeddable":true,"href":"https:\/\/www.iamslip.com\/index.php?rest_route=\/wp\/v2\/media\/17966"}],"wp:attachment":[{"href":"https:\/\/www.iamslip.com\/index.php?rest_route=%2Fwp%2Fv2%2Fmedia&parent=17739"}],"wp:term":[{"taxonomy":"product_brand","embeddable":true,"href":"https:\/\/www.iamslip.com\/index.php?rest_route=%2Fwp%2Fv2%2Fproduct_brand&post=17739"},{"taxonomy":"product_cat","embeddable":true,"href":"https:\/\/www.iamslip.com\/index.php?rest_route=%2Fwp%2Fv2%2Fproduct_cat&post=17739"},{"taxonomy":"product_tag","embeddable":true,"href":"https:\/\/www.iamslip.com\/index.php?rest_route=%2Fwp%2Fv2%2Fproduct_tag&post=17739"}],"curies":[{"name":"wp","href":"https:\/\/api.w.org\/{rel}","templated":true}]}}