{"id":17733,"date":"2025-03-12T09:13:00","date_gmt":"2025-03-12T08:13:00","guid":{"rendered":"https:\/\/www.iamslip.com\/?post_type=product&#038;p=17733"},"modified":"2026-01-18T08:59:43","modified_gmt":"2026-01-18T07:59:43","slug":"soir-de-sacre","status":"publish","type":"product","link":"https:\/\/www.iamslip.com\/?product=soir-de-sacre","title":{"rendered":"The Rainman"},"content":{"rendered":"<h2><span data-sheets-root=\"1\">The Rainman<\/span><\/h2>\n<h3>DD-SLP24<\/h3>\n<p data-start=\"204\" data-end=\"524\">Plonge dans l\u2019univers <strong data-start=\"226\" data-end=\"243\">Double Double<\/strong> avec la carte <strong data-start=\"258\" data-end=\"284\">DD-SLP24 \u00ab\u00a0The Rainman\u00a0\u00bb<\/strong>, un hommage \u00e0 <strong data-start=\"299\" data-end=\"313\">Shawn Kemp<\/strong>, l\u2019une des figures les plus spectaculaires de la NBA. Connu pour ses <strong data-start=\"383\" data-end=\"402\">dunks ravageurs<\/strong> et son impact explosif avec les <strong data-start=\"435\" data-end=\"458\">Seattle SuperSonics<\/strong>, Kemp incarne la puissance et le style du basket des ann\u00e9es 90.<\/p>\n<p data-start=\"526\" data-end=\"719\">\ud83d\udd39 <strong data-start=\"529\" data-end=\"541\">Format :<\/strong> 8,9 x 6,4 cm (style carte de collection)<br data-start=\"582\" data-end=\"585\" \/>\ud83d\udd39 <strong data-start=\"588\" data-end=\"619\">Impression de haute qualit\u00e9<\/strong> inspir\u00e9e de l\u2019exposition <em data-start=\"645\" data-end=\"660\">Double Double<\/em><br data-start=\"660\" data-end=\"663\" \/>\ud83d\udd39 <strong data-start=\"666\" data-end=\"717\" data-is-only-node=\"\">Exp\u00e9dition prot\u00e9g\u00e9e (sleeve &amp; toploader inclus)<\/strong><\/p>\n<p data-start=\"721\" data-end=\"807\" data-is-last-node=\"\" data-is-only-node=\"\">\ud83d\udca5 <strong data-start=\"724\" data-end=\"804\">Ajoute cette pi\u00e8ce l\u00e9gendaire \u00e0 ta collection avant qu\u2019elle ne disparaisse !<\/strong> \ud83d\udd25<\/p>\n<p>&nbsp;<\/p>\n<p>&nbsp;<\/p>\n<p>&nbsp;<\/p>\n<p>&nbsp;<\/p>\n","protected":false},"excerpt":{"rendered":"<p>The Rainman DD-SLP24 Plonge dans l\u2019univers Double Double avec la carte DD-SLP24 \u00ab\u00a0The Rainman\u00a0\u00bb, un hommage \u00e0 Shawn Kemp, l\u2019une des figures les plus spectaculaires de la NBA. Connu pour ses dunks ravageurs et son impact explosif avec les Seattle SuperSonics, Kemp incarne la puissance et le style du basket des ann\u00e9es 90. \ud83d\udd39 Format [&hellip;]<\/p>\n","protected":false},"featured_media":17969,"template":"","meta":{"_crdt_document":"","_uag_custom_page_level_css":"","_swt_meta_header_display":false,"_swt_meta_footer_display":false,"_swt_meta_site_title_display":false,"_swt_meta_sticky_header":false,"_swt_meta_transparent_header":false},"product_brand":[],"product_cat":[5099],"product_tag":[5105,5145,5217,5218,5147,5216,5148],"class_list":{"0":"post-17733","1":"product","2":"type-product","3":"status-publish","4":"has-post-thumbnail","6":"product_cat-cartes-double-double","7":"product_tag-doubledouble","8":"product_tag-kemp","9":"product_tag-rainman","10":"product_tag-reignman","11":"product_tag-seattle","12":"product_tag-shawn","13":"product_tag-sonics","14":"product_shipping_class-cartes","16":"first","17":"outofstock","18":"shipping-taxable","19":"purchasable","20":"product-type-simple"},"uagb_featured_image_src":{"full":["https:\/\/www.iamslip.com\/wp-content\/uploads\/2025\/03\/DD_TheRainman.jpg",736,924,false],"thumbnail":["https:\/\/www.iamslip.com\/wp-content\/uploads\/2025\/03\/DD_TheRainman-150x150.jpg",150,150,true],"medium":["https:\/\/www.iamslip.com\/wp-content\/uploads\/2025\/03\/DD_TheRainman-239x300.jpg",239,300,true],"medium_large":["https:\/\/www.iamslip.com\/wp-content\/uploads\/2025\/03\/DD_TheRainman.jpg",736,924,false],"large":["https:\/\/www.iamslip.com\/wp-content\/uploads\/2025\/03\/DD_TheRainman.jpg",736,924,false],"1536x1536":["https:\/\/www.iamslip.com\/wp-content\/uploads\/2025\/03\/DD_TheRainman.jpg",736,924,false],"2048x2048":["https:\/\/www.iamslip.com\/wp-content\/uploads\/2025\/03\/DD_TheRainman.jpg",736,924,false],"woocommerce_thumbnail":["https:\/\/www.iamslip.com\/wp-content\/uploads\/2025\/03\/DD_TheRainman-300x300.jpg",300,300,true],"woocommerce_single":["https:\/\/www.iamslip.com\/wp-content\/uploads\/2025\/03\/DD_TheRainman-600x753.jpg",600,753,true],"woocommerce_gallery_thumbnail":["https:\/\/www.iamslip.com\/wp-content\/uploads\/2025\/03\/DD_TheRainman-100x100.jpg",100,100,true]},"uagb_author_info":{"display_name":"slip","author_link":"https:\/\/www.iamslip.com\/?author=0"},"uagb_comment_info":0,"uagb_excerpt":"The Rainman DD-SLP24 Plonge dans l\u2019univers Double Double avec la carte DD-SLP24 \u00ab\u00a0The Rainman\u00a0\u00bb, un hommage \u00e0 Shawn Kemp, l\u2019une des figures les plus spectaculaires de la NBA. Connu pour ses dunks ravageurs et son impact explosif avec les Seattle SuperSonics, Kemp incarne la puissance et le style du basket des ann\u00e9es 90. \ud83d\udd39 Format\u2026","_links":{"self":[{"href":"https:\/\/www.iamslip.com\/index.php?rest_route=\/wp\/v2\/product\/17733","targetHints":{"allow":["GET"]}}],"collection":[{"href":"https:\/\/www.iamslip.com\/index.php?rest_route=\/wp\/v2\/product"}],"about":[{"href":"https:\/\/www.iamslip.com\/index.php?rest_route=\/wp\/v2\/types\/product"}],"wp:featuredmedia":[{"embeddable":true,"href":"https:\/\/www.iamslip.com\/index.php?rest_route=\/wp\/v2\/media\/17969"}],"wp:attachment":[{"href":"https:\/\/www.iamslip.com\/index.php?rest_route=%2Fwp%2Fv2%2Fmedia&parent=17733"}],"wp:term":[{"taxonomy":"product_brand","embeddable":true,"href":"https:\/\/www.iamslip.com\/index.php?rest_route=%2Fwp%2Fv2%2Fproduct_brand&post=17733"},{"taxonomy":"product_cat","embeddable":true,"href":"https:\/\/www.iamslip.com\/index.php?rest_route=%2Fwp%2Fv2%2Fproduct_cat&post=17733"},{"taxonomy":"product_tag","embeddable":true,"href":"https:\/\/www.iamslip.com\/index.php?rest_route=%2Fwp%2Fv2%2Fproduct_tag&post=17733"}],"curies":[{"name":"wp","href":"https:\/\/api.w.org\/{rel}","templated":true}]}}