{"id":17729,"date":"2025-03-12T09:08:50","date_gmt":"2025-03-12T08:08:50","guid":{"rendered":"https:\/\/www.iamslip.com\/?post_type=product&#038;p=17729"},"modified":"2025-10-27T14:45:20","modified_gmt":"2025-10-27T13:45:20","slug":"trashtalking-2","status":"publish","type":"product","link":"https:\/\/www.iamslip.com\/?product=trashtalking-2","title":{"rendered":"Trashtalking"},"content":{"rendered":"<h2>Trashtalking<\/h2>\n<h3>DD-SLP03<\/h3>\n<p data-start=\"189\" data-end=\"415\">Avec son charisme et son <strong data-start=\"214\" data-end=\"238\">trashtalk l\u00e9gendaire<\/strong>, <strong data-start=\"240\" data-end=\"257\">Reggie Miller<\/strong> a marqu\u00e9 l\u2019histoire de la NBA. Cette carte <strong data-start=\"301\" data-end=\"318\">Double Double<\/strong> capture son esprit provocateur et son talent de scoreur, sublim\u00e9 par l\u2019art unique de <strong data-start=\"404\" data-end=\"412\">SLip<\/strong>.<\/p>\n<p data-start=\"417\" data-end=\"507\">\ud83d\udd25 <strong data-start=\"420\" data-end=\"505\">Un must-have pour les fans des Pacers et les amateurs de trashtalking m\u00e9morable !<\/strong><\/p>\n<p data-start=\"509\" data-end=\"673\">\ud83d\udd39 <strong data-start=\"512\" data-end=\"524\">Format :<\/strong> 8,9 x 6,4 cm (style carte de collection)<br data-start=\"565\" data-end=\"568\" \/>\ud83d\udd39 <strong data-start=\"571\" data-end=\"614\">Inspir\u00e9 de l\u2019exposition \u00ab\u00a0Double Double\u00a0\u00bb<\/strong><br data-start=\"614\" data-end=\"617\" \/>\ud83d\udd39 <strong data-start=\"620\" data-end=\"671\">Exp\u00e9dition prot\u00e9g\u00e9e (sleeve &amp; toploader inclus)<\/strong><\/p>\n<p data-start=\"675\" data-end=\"747\" data-is-last-node=\"\" data-is-only-node=\"\">\ud83c\udfc0 <strong data-start=\"678\" data-end=\"747\" data-is-last-node=\"\">Ajoute cette carte \u00e0 ta collection avant qu\u2019elle ne disparaisse !<\/strong><\/p>\n<p>&nbsp;<\/p>\n<p>&nbsp;<\/p>\n","protected":false},"excerpt":{"rendered":"<p>Trashtalking DD-SLP03 Avec son charisme et son trashtalk l\u00e9gendaire, Reggie Miller a marqu\u00e9 l\u2019histoire de la NBA. Cette carte Double Double capture son esprit provocateur et son talent de scoreur, sublim\u00e9 par l\u2019art unique de SLip. \ud83d\udd25 Un must-have pour les fans des Pacers et les amateurs de trashtalking m\u00e9morable ! \ud83d\udd39 Format : 8,9 [&hellip;]<\/p>\n","protected":false},"featured_media":17971,"template":"","meta":{"_crdt_document":"","_uag_custom_page_level_css":"","_swt_meta_header_display":false,"_swt_meta_footer_display":false,"_swt_meta_site_title_display":false,"_swt_meta_sticky_header":false,"_swt_meta_transparent_header":false},"product_brand":[],"product_cat":[5099,5307],"product_tag":[5105,5214,5213,5212,5211],"class_list":{"0":"post-17729","1":"product","2":"type-product","3":"status-publish","4":"has-post-thumbnail","6":"product_cat-cartes-double-double","7":"product_cat-coup-de-coeur","8":"product_tag-doubledouble","9":"product_tag-indiana","10":"product_tag-miller","11":"product_tag-reggie","12":"product_tag-trashtalking","13":"product_shipping_class-cartes","15":"first","16":"instock","17":"shipping-taxable","18":"purchasable","19":"product-type-simple"},"uagb_featured_image_src":{"full":["https:\/\/www.iamslip.com\/wp-content\/uploads\/2025\/03\/DD_Trashtalking.jpg",736,924,false],"thumbnail":["https:\/\/www.iamslip.com\/wp-content\/uploads\/2025\/03\/DD_Trashtalking-150x150.jpg",150,150,true],"medium":["https:\/\/www.iamslip.com\/wp-content\/uploads\/2025\/03\/DD_Trashtalking-239x300.jpg",239,300,true],"medium_large":["https:\/\/www.iamslip.com\/wp-content\/uploads\/2025\/03\/DD_Trashtalking.jpg",736,924,false],"large":["https:\/\/www.iamslip.com\/wp-content\/uploads\/2025\/03\/DD_Trashtalking.jpg",736,924,false],"1536x1536":["https:\/\/www.iamslip.com\/wp-content\/uploads\/2025\/03\/DD_Trashtalking.jpg",736,924,false],"2048x2048":["https:\/\/www.iamslip.com\/wp-content\/uploads\/2025\/03\/DD_Trashtalking.jpg",736,924,false],"woocommerce_thumbnail":["https:\/\/www.iamslip.com\/wp-content\/uploads\/2025\/03\/DD_Trashtalking-300x300.jpg",300,300,true],"woocommerce_single":["https:\/\/www.iamslip.com\/wp-content\/uploads\/2025\/03\/DD_Trashtalking-600x753.jpg",600,753,true],"woocommerce_gallery_thumbnail":["https:\/\/www.iamslip.com\/wp-content\/uploads\/2025\/03\/DD_Trashtalking-100x100.jpg",100,100,true]},"uagb_author_info":{"display_name":"slip","author_link":"https:\/\/www.iamslip.com\/?author=0"},"uagb_comment_info":0,"uagb_excerpt":"Trashtalking DD-SLP03 Avec son charisme et son trashtalk l\u00e9gendaire, Reggie Miller a marqu\u00e9 l\u2019histoire de la NBA. Cette carte Double Double capture son esprit provocateur et son talent de scoreur, sublim\u00e9 par l\u2019art unique de SLip. \ud83d\udd25 Un must-have pour les fans des Pacers et les amateurs de trashtalking m\u00e9morable ! \ud83d\udd39 Format : 8,9\u2026","_links":{"self":[{"href":"https:\/\/www.iamslip.com\/index.php?rest_route=\/wp\/v2\/product\/17729","targetHints":{"allow":["GET"]}}],"collection":[{"href":"https:\/\/www.iamslip.com\/index.php?rest_route=\/wp\/v2\/product"}],"about":[{"href":"https:\/\/www.iamslip.com\/index.php?rest_route=\/wp\/v2\/types\/product"}],"wp:featuredmedia":[{"embeddable":true,"href":"https:\/\/www.iamslip.com\/index.php?rest_route=\/wp\/v2\/media\/17971"}],"wp:attachment":[{"href":"https:\/\/www.iamslip.com\/index.php?rest_route=%2Fwp%2Fv2%2Fmedia&parent=17729"}],"wp:term":[{"taxonomy":"product_brand","embeddable":true,"href":"https:\/\/www.iamslip.com\/index.php?rest_route=%2Fwp%2Fv2%2Fproduct_brand&post=17729"},{"taxonomy":"product_cat","embeddable":true,"href":"https:\/\/www.iamslip.com\/index.php?rest_route=%2Fwp%2Fv2%2Fproduct_cat&post=17729"},{"taxonomy":"product_tag","embeddable":true,"href":"https:\/\/www.iamslip.com\/index.php?rest_route=%2Fwp%2Fv2%2Fproduct_tag&post=17729"}],"curies":[{"name":"wp","href":"https:\/\/api.w.org\/{rel}","templated":true}]}}