{"id":17726,"date":"2025-03-12T09:01:58","date_gmt":"2025-03-12T08:01:58","guid":{"rendered":"https:\/\/www.iamslip.com\/?post_type=product&#038;p=17726"},"modified":"2025-12-25T20:35:26","modified_gmt":"2025-12-25T19:35:26","slug":"zeke","status":"publish","type":"product","link":"https:\/\/www.iamslip.com\/?product=zeke","title":{"rendered":"Zeke"},"content":{"rendered":"<h2>ZEKE<\/h2>\n<h3>DD-SLP23<\/h3>\n<p data-start=\"177\" data-end=\"443\">Inspir\u00e9e de l\u2019exposition <strong data-start=\"202\" data-end=\"219\">Double Double<\/strong>, cette carte <strong data-start=\"233\" data-end=\"252\">DD-SLP23 \u00ab\u00a0Zeke\u00a0\u00bb<\/strong> rend hommage \u00e0 l\u2019ic\u00f4ne des <strong data-start=\"280\" data-end=\"303\">Bad Boys de Detroit<\/strong>, Isiah Thomas. V\u00e9ritable strat\u00e8ge et leader sur le terrain, <strong data-start=\"364\" data-end=\"372\">Zeke<\/strong> a marqu\u00e9 l\u2019histoire de la NBA avec son talent et son mental d\u2019acier.<\/p>\n<p data-start=\"445\" data-end=\"612\">\ud83d\udd39 <strong data-start=\"448\" data-end=\"460\">Format :<\/strong> 8,9 x 6,4 cm (style carte de collection)<br data-start=\"501\" data-end=\"504\" \/>\ud83d\udd39 <strong data-start=\"507\" data-end=\"553\">Impression haute qualit\u00e9, finition premium<\/strong><br data-start=\"553\" data-end=\"556\" \/>\ud83d\udd39 <strong data-start=\"559\" data-end=\"610\">Exp\u00e9dition prot\u00e9g\u00e9e (sleeve &amp; toploader inclus)<\/strong><\/p>\n<p data-start=\"614\" data-end=\"670\" data-is-last-node=\"\" data-is-only-node=\"\">\ud83c\udfc0 <strong data-start=\"617\" data-end=\"667\">Ajoute une l\u00e9gende du basket \u00e0 ta collection !<\/strong> \ud83d\ude80<\/p>\n<p>&nbsp;<\/p>\n","protected":false},"excerpt":{"rendered":"<p>ZEKE DD-SLP23 Inspir\u00e9e de l\u2019exposition Double Double, cette carte DD-SLP23 \u00ab\u00a0Zeke\u00a0\u00bb rend hommage \u00e0 l\u2019ic\u00f4ne des Bad Boys de Detroit, Isiah Thomas. V\u00e9ritable strat\u00e8ge et leader sur le terrain, Zeke a marqu\u00e9 l\u2019histoire de la NBA avec son talent et son mental d\u2019acier. \ud83d\udd39 Format : 8,9 x 6,4 cm (style carte de collection)\ud83d\udd39 Impression [&hellip;]<\/p>\n","protected":false},"featured_media":17972,"template":"","meta":{"_crdt_document":"","_uag_custom_page_level_css":"","_swt_meta_header_display":false,"_swt_meta_footer_display":false,"_swt_meta_site_title_display":false,"_swt_meta_sticky_header":false,"_swt_meta_transparent_header":false},"product_brand":[],"product_cat":[5099],"product_tag":[5162,5105,5153,5161,5210,5158],"class_list":{"0":"post-17726","1":"product","2":"type-product","3":"status-publish","4":"has-post-thumbnail","6":"product_cat-cartes-double-double","7":"product_tag-detroit","8":"product_tag-doubledouble","9":"product_tag-mvp","10":"product_tag-pistons","11":"product_tag-thomas","12":"product_tag-zeke","13":"product_shipping_class-cartes","15":"first","16":"instock","17":"shipping-taxable","18":"purchasable","19":"product-type-simple"},"uagb_featured_image_src":{"full":["https:\/\/www.iamslip.com\/wp-content\/uploads\/2025\/03\/DD_Zeke.jpg",736,924,false],"thumbnail":["https:\/\/www.iamslip.com\/wp-content\/uploads\/2025\/03\/DD_Zeke-150x150.jpg",150,150,true],"medium":["https:\/\/www.iamslip.com\/wp-content\/uploads\/2025\/03\/DD_Zeke-239x300.jpg",239,300,true],"medium_large":["https:\/\/www.iamslip.com\/wp-content\/uploads\/2025\/03\/DD_Zeke.jpg",736,924,false],"large":["https:\/\/www.iamslip.com\/wp-content\/uploads\/2025\/03\/DD_Zeke.jpg",736,924,false],"1536x1536":["https:\/\/www.iamslip.com\/wp-content\/uploads\/2025\/03\/DD_Zeke.jpg",736,924,false],"2048x2048":["https:\/\/www.iamslip.com\/wp-content\/uploads\/2025\/03\/DD_Zeke.jpg",736,924,false],"woocommerce_thumbnail":["https:\/\/www.iamslip.com\/wp-content\/uploads\/2025\/03\/DD_Zeke-300x300.jpg",300,300,true],"woocommerce_single":["https:\/\/www.iamslip.com\/wp-content\/uploads\/2025\/03\/DD_Zeke-600x753.jpg",600,753,true],"woocommerce_gallery_thumbnail":["https:\/\/www.iamslip.com\/wp-content\/uploads\/2025\/03\/DD_Zeke-100x100.jpg",100,100,true]},"uagb_author_info":{"display_name":"slip","author_link":"https:\/\/www.iamslip.com\/?author=0"},"uagb_comment_info":0,"uagb_excerpt":"ZEKE DD-SLP23 Inspir\u00e9e de l\u2019exposition Double Double, cette carte DD-SLP23 \u00ab\u00a0Zeke\u00a0\u00bb rend hommage \u00e0 l\u2019ic\u00f4ne des Bad Boys de Detroit, Isiah Thomas. V\u00e9ritable strat\u00e8ge et leader sur le terrain, Zeke a marqu\u00e9 l\u2019histoire de la NBA avec son talent et son mental d\u2019acier. \ud83d\udd39 Format : 8,9 x 6,4 cm (style carte de collection)\ud83d\udd39 Impression\u2026","_links":{"self":[{"href":"https:\/\/www.iamslip.com\/index.php?rest_route=\/wp\/v2\/product\/17726","targetHints":{"allow":["GET"]}}],"collection":[{"href":"https:\/\/www.iamslip.com\/index.php?rest_route=\/wp\/v2\/product"}],"about":[{"href":"https:\/\/www.iamslip.com\/index.php?rest_route=\/wp\/v2\/types\/product"}],"wp:featuredmedia":[{"embeddable":true,"href":"https:\/\/www.iamslip.com\/index.php?rest_route=\/wp\/v2\/media\/17972"}],"wp:attachment":[{"href":"https:\/\/www.iamslip.com\/index.php?rest_route=%2Fwp%2Fv2%2Fmedia&parent=17726"}],"wp:term":[{"taxonomy":"product_brand","embeddable":true,"href":"https:\/\/www.iamslip.com\/index.php?rest_route=%2Fwp%2Fv2%2Fproduct_brand&post=17726"},{"taxonomy":"product_cat","embeddable":true,"href":"https:\/\/www.iamslip.com\/index.php?rest_route=%2Fwp%2Fv2%2Fproduct_cat&post=17726"},{"taxonomy":"product_tag","embeddable":true,"href":"https:\/\/www.iamslip.com\/index.php?rest_route=%2Fwp%2Fv2%2Fproduct_tag&post=17726"}],"curies":[{"name":"wp","href":"https:\/\/api.w.org\/{rel}","templated":true}]}}