{"id":17630,"date":"2025-03-11T17:05:50","date_gmt":"2025-03-11T16:05:50","guid":{"rendered":"https:\/\/www.iamslip.com\/?post_type=product&#038;p=17630"},"modified":"2025-10-01T07:56:54","modified_gmt":"2025-10-01T05:56:54","slug":"iconic-duo-iverson-mutombo","status":"publish","type":"product","link":"https:\/\/www.iamslip.com\/?product=iconic-duo-iverson-mutombo","title":{"rendered":"Iverson &#038; Mutombo"},"content":{"rendered":"<p>C\u00e9l\u00e9brez l&rsquo;un des duos les plus embl\u00e9matiques de l&rsquo;histoire du basket avec cette carte <em data-start=\"221\" data-end=\"233\">Iconic Duo<\/em> d&rsquo;Allen Iverson et Dikembe Mutombo ! \ud83c\udf1f Un souvenir collector pour les fans de la NBA et de ces deux l\u00e9gendes des terrains. Cette carte rend hommage \u00e0 leur l\u00e9gendaire complicit\u00e9 sur le parquet et \u00e0 leur impact dans l&rsquo;univers du basket.<\/p>\n","protected":false},"excerpt":{"rendered":"<p>C\u00e9l\u00e9brez l&rsquo;un des duos les plus embl\u00e9matiques de l&rsquo;histoire du basket avec cette carte Iconic Duo d&rsquo;Allen Iverson et Dikembe Mutombo ! \ud83c\udf1f Un souvenir collector pour les fans de la NBA et de ces deux l\u00e9gendes des terrains. Cette carte rend hommage \u00e0 leur l\u00e9gendaire complicit\u00e9 sur le parquet et \u00e0 leur impact dans [&hellip;]<\/p>\n","protected":false},"featured_media":17989,"template":"","meta":{"_crdt_document":"","_uag_custom_page_level_css":"","_swt_meta_header_display":false,"_swt_meta_footer_display":false,"_swt_meta_site_title_display":false,"_swt_meta_sticky_header":false,"_swt_meta_transparent_header":false},"product_brand":[],"product_cat":[5119],"product_tag":[5139,5124,5123,5112,5137,5140,5138],"class_list":{"0":"post-17630","1":"product","2":"type-product","3":"status-publish","4":"has-post-thumbnail","6":"product_cat-cartes-nba-duo","7":"product_tag-90s","8":"product_tag-duo","9":"product_tag-iconic","10":"product_tag-iverson","11":"product_tag-mutumbo","12":"product_tag-philadelphie","13":"product_tag-sixer","14":"product_shipping_class-cartes","16":"first","17":"instock","18":"shipping-taxable","19":"purchasable","20":"product-type-simple"},"uagb_featured_image_src":{"full":["https:\/\/www.iamslip.com\/wp-content\/uploads\/2025\/03\/duo_iverson_mutumbo.jpg",736,924,false],"thumbnail":["https:\/\/www.iamslip.com\/wp-content\/uploads\/2025\/03\/duo_iverson_mutumbo-150x150.jpg",150,150,true],"medium":["https:\/\/www.iamslip.com\/wp-content\/uploads\/2025\/03\/duo_iverson_mutumbo-239x300.jpg",239,300,true],"medium_large":["https:\/\/www.iamslip.com\/wp-content\/uploads\/2025\/03\/duo_iverson_mutumbo.jpg",736,924,false],"large":["https:\/\/www.iamslip.com\/wp-content\/uploads\/2025\/03\/duo_iverson_mutumbo.jpg",736,924,false],"1536x1536":["https:\/\/www.iamslip.com\/wp-content\/uploads\/2025\/03\/duo_iverson_mutumbo.jpg",736,924,false],"2048x2048":["https:\/\/www.iamslip.com\/wp-content\/uploads\/2025\/03\/duo_iverson_mutumbo.jpg",736,924,false],"woocommerce_thumbnail":["https:\/\/www.iamslip.com\/wp-content\/uploads\/2025\/03\/duo_iverson_mutumbo-300x300.jpg",300,300,true],"woocommerce_single":["https:\/\/www.iamslip.com\/wp-content\/uploads\/2025\/03\/duo_iverson_mutumbo-600x753.jpg",600,753,true],"woocommerce_gallery_thumbnail":["https:\/\/www.iamslip.com\/wp-content\/uploads\/2025\/03\/duo_iverson_mutumbo-100x100.jpg",100,100,true]},"uagb_author_info":{"display_name":"slip","author_link":"https:\/\/www.iamslip.com\/?author=0"},"uagb_comment_info":0,"uagb_excerpt":"C\u00e9l\u00e9brez l&rsquo;un des duos les plus embl\u00e9matiques de l&rsquo;histoire du basket avec cette carte Iconic Duo d&rsquo;Allen Iverson et Dikembe Mutombo ! \ud83c\udf1f Un souvenir collector pour les fans de la NBA et de ces deux l\u00e9gendes des terrains. Cette carte rend hommage \u00e0 leur l\u00e9gendaire complicit\u00e9 sur le parquet et \u00e0 leur impact dans\u2026","_links":{"self":[{"href":"https:\/\/www.iamslip.com\/index.php?rest_route=\/wp\/v2\/product\/17630","targetHints":{"allow":["GET"]}}],"collection":[{"href":"https:\/\/www.iamslip.com\/index.php?rest_route=\/wp\/v2\/product"}],"about":[{"href":"https:\/\/www.iamslip.com\/index.php?rest_route=\/wp\/v2\/types\/product"}],"wp:featuredmedia":[{"embeddable":true,"href":"https:\/\/www.iamslip.com\/index.php?rest_route=\/wp\/v2\/media\/17989"}],"wp:attachment":[{"href":"https:\/\/www.iamslip.com\/index.php?rest_route=%2Fwp%2Fv2%2Fmedia&parent=17630"}],"wp:term":[{"taxonomy":"product_brand","embeddable":true,"href":"https:\/\/www.iamslip.com\/index.php?rest_route=%2Fwp%2Fv2%2Fproduct_brand&post=17630"},{"taxonomy":"product_cat","embeddable":true,"href":"https:\/\/www.iamslip.com\/index.php?rest_route=%2Fwp%2Fv2%2Fproduct_cat&post=17630"},{"taxonomy":"product_tag","embeddable":true,"href":"https:\/\/www.iamslip.com\/index.php?rest_route=%2Fwp%2Fv2%2Fproduct_tag&post=17630"}],"curies":[{"name":"wp","href":"https:\/\/api.w.org\/{rel}","templated":true}]}}