{"id":17627,"date":"2025-03-11T17:04:25","date_gmt":"2025-03-11T16:04:25","guid":{"rendered":"https:\/\/www.iamslip.com\/?post_type=product&#038;p=17627"},"modified":"2026-02-14T16:07:18","modified_gmt":"2026-02-14T15:07:18","slug":"iconic-duo-michael-jordan-scottie-pippen","status":"publish","type":"product","link":"https:\/\/www.iamslip.com\/?product=iconic-duo-michael-jordan-scottie-pippen","title":{"rendered":"Michael Jordan &#038; Scottie Pippen"},"content":{"rendered":"<p data-start=\"187\" data-end=\"531\">Revivez l\u2019\u00e2ge d\u2019or des <strong data-start=\"210\" data-end=\"227\">Chicago Bulls<\/strong> avec cette carte <strong data-start=\"245\" data-end=\"259\">Iconic Duo<\/strong>, mettant \u00e0 l\u2019honneur <strong data-start=\"281\" data-end=\"316\">Michael Jordan &amp; Scottie Pippen<\/strong>. Ce tandem l\u00e9gendaire a domin\u00e9 les ann\u00e9es 90, encha\u00eenant les titres NBA et red\u00e9finissant l\u2019excellence du basketball. Leur complicit\u00e9 sur le terrain reste in\u00e9gal\u00e9e et continue d\u2019inspirer les g\u00e9n\u00e9rations actuelles.<\/p>\n<p data-start=\"533\" data-end=\"615\">\ud83c\udfc6 <strong data-start=\"536\" data-end=\"613\">Une pi\u00e8ce incontournable pour les fans de basket et les collectionneurs !<\/strong><\/p>\n","protected":false},"excerpt":{"rendered":"<p>Revivez l\u2019\u00e2ge d\u2019or des Chicago Bulls avec cette carte Iconic Duo, mettant \u00e0 l\u2019honneur Michael Jordan &amp; Scottie Pippen. Ce tandem l\u00e9gendaire a domin\u00e9 les ann\u00e9es 90, encha\u00eenant les titres NBA et red\u00e9finissant l\u2019excellence du basketball. Leur complicit\u00e9 sur le terrain reste in\u00e9gal\u00e9e et continue d\u2019inspirer les g\u00e9n\u00e9rations actuelles. \ud83c\udfc6 Une pi\u00e8ce incontournable pour les [&hellip;]<\/p>\n","protected":false},"featured_media":17990,"template":"","meta":{"_crdt_document":"","_uag_custom_page_level_css":"","_swt_meta_header_display":false,"_swt_meta_footer_display":false,"_swt_meta_site_title_display":false,"_swt_meta_sticky_header":false,"_swt_meta_transparent_header":false},"product_brand":[],"product_cat":[5119],"product_tag":[5139,5143,5144,5124,5123,5141,5142],"class_list":{"0":"post-17627","1":"product","2":"type-product","3":"status-publish","4":"has-post-thumbnail","6":"product_cat-cartes-nba-duo","7":"product_tag-90s","8":"product_tag-bulls","9":"product_tag-chicago","10":"product_tag-duo","11":"product_tag-iconic","12":"product_tag-jordan","13":"product_tag-pippen","14":"product_shipping_class-cartes","16":"first","17":"instock","18":"shipping-taxable","19":"purchasable","20":"product-type-simple"},"uagb_featured_image_src":{"full":["https:\/\/www.iamslip.com\/wp-content\/uploads\/2025\/03\/duo_jordan_pippen.jpg",736,924,false],"thumbnail":["https:\/\/www.iamslip.com\/wp-content\/uploads\/2025\/03\/duo_jordan_pippen-150x150.jpg",150,150,true],"medium":["https:\/\/www.iamslip.com\/wp-content\/uploads\/2025\/03\/duo_jordan_pippen-239x300.jpg",239,300,true],"medium_large":["https:\/\/www.iamslip.com\/wp-content\/uploads\/2025\/03\/duo_jordan_pippen.jpg",736,924,false],"large":["https:\/\/www.iamslip.com\/wp-content\/uploads\/2025\/03\/duo_jordan_pippen.jpg",736,924,false],"1536x1536":["https:\/\/www.iamslip.com\/wp-content\/uploads\/2025\/03\/duo_jordan_pippen.jpg",736,924,false],"2048x2048":["https:\/\/www.iamslip.com\/wp-content\/uploads\/2025\/03\/duo_jordan_pippen.jpg",736,924,false],"woocommerce_thumbnail":["https:\/\/www.iamslip.com\/wp-content\/uploads\/2025\/03\/duo_jordan_pippen-300x300.jpg",300,300,true],"woocommerce_single":["https:\/\/www.iamslip.com\/wp-content\/uploads\/2025\/03\/duo_jordan_pippen-600x753.jpg",600,753,true],"woocommerce_gallery_thumbnail":["https:\/\/www.iamslip.com\/wp-content\/uploads\/2025\/03\/duo_jordan_pippen-100x100.jpg",100,100,true]},"uagb_author_info":{"display_name":"slip","author_link":"https:\/\/www.iamslip.com\/?author=0"},"uagb_comment_info":0,"uagb_excerpt":"Revivez l\u2019\u00e2ge d\u2019or des Chicago Bulls avec cette carte Iconic Duo, mettant \u00e0 l\u2019honneur Michael Jordan &amp; Scottie Pippen. Ce tandem l\u00e9gendaire a domin\u00e9 les ann\u00e9es 90, encha\u00eenant les titres NBA et red\u00e9finissant l\u2019excellence du basketball. Leur complicit\u00e9 sur le terrain reste in\u00e9gal\u00e9e et continue d\u2019inspirer les g\u00e9n\u00e9rations actuelles. \ud83c\udfc6 Une pi\u00e8ce incontournable pour les\u2026","_links":{"self":[{"href":"https:\/\/www.iamslip.com\/index.php?rest_route=\/wp\/v2\/product\/17627","targetHints":{"allow":["GET"]}}],"collection":[{"href":"https:\/\/www.iamslip.com\/index.php?rest_route=\/wp\/v2\/product"}],"about":[{"href":"https:\/\/www.iamslip.com\/index.php?rest_route=\/wp\/v2\/types\/product"}],"wp:featuredmedia":[{"embeddable":true,"href":"https:\/\/www.iamslip.com\/index.php?rest_route=\/wp\/v2\/media\/17990"}],"wp:attachment":[{"href":"https:\/\/www.iamslip.com\/index.php?rest_route=%2Fwp%2Fv2%2Fmedia&parent=17627"}],"wp:term":[{"taxonomy":"product_brand","embeddable":true,"href":"https:\/\/www.iamslip.com\/index.php?rest_route=%2Fwp%2Fv2%2Fproduct_brand&post=17627"},{"taxonomy":"product_cat","embeddable":true,"href":"https:\/\/www.iamslip.com\/index.php?rest_route=%2Fwp%2Fv2%2Fproduct_cat&post=17627"},{"taxonomy":"product_tag","embeddable":true,"href":"https:\/\/www.iamslip.com\/index.php?rest_route=%2Fwp%2Fv2%2Fproduct_tag&post=17627"}],"curies":[{"name":"wp","href":"https:\/\/api.w.org\/{rel}","templated":true}]}}