{"id":17616,"date":"2025-03-11T16:58:13","date_gmt":"2025-03-11T15:58:13","guid":{"rendered":"https:\/\/www.iamslip.com\/?post_type=product&#038;p=17616"},"modified":"2025-05-21T18:38:31","modified_gmt":"2025-05-21T16:38:31","slug":"iconic-duo-yao-ming-tracy-mcgrady","status":"publish","type":"product","link":"https:\/\/www.iamslip.com\/?product=iconic-duo-yao-ming-tracy-mcgrady","title":{"rendered":"Yao Ming &#038; Tracy McGrady"},"content":{"rendered":"<p data-start=\"181\" data-end=\"455\">Revivez l\u2019\u00e2ge d\u2019or des <strong data-start=\"204\" data-end=\"223\">Houston Rockets<\/strong> avec cette carte <strong data-start=\"241\" data-end=\"255\">Iconic Duo<\/strong>, mettant en lumi\u00e8re <strong data-start=\"276\" data-end=\"304\">Yao Ming &amp; Tracy McGrady<\/strong>. Ce duo l\u00e9gendaire a marqu\u00e9 la NBA par son talent, son \u00e9l\u00e9gance et son impact sur le jeu, formant l\u2019un des duos les plus m\u00e9morables des ann\u00e9es 2000.<\/p>\n<p data-start=\"457\" data-end=\"543\" data-is-last-node=\"\" data-is-only-node=\"\">\ud83d\udd25 <strong data-start=\"460\" data-end=\"543\" data-is-last-node=\"\">Un must-have pour les fans des Rockets et les collectionneurs de l\u00e9gendes NBA !<\/strong><\/p>\n","protected":false},"excerpt":{"rendered":"<p>Revivez l\u2019\u00e2ge d\u2019or des Houston Rockets avec cette carte Iconic Duo, mettant en lumi\u00e8re Yao Ming &amp; Tracy McGrady. Ce duo l\u00e9gendaire a marqu\u00e9 la NBA par son talent, son \u00e9l\u00e9gance et son impact sur le jeu, formant l\u2019un des duos les plus m\u00e9morables des ann\u00e9es 2000. \ud83d\udd25 Un must-have pour les fans des Rockets [&hellip;]<\/p>\n","protected":false},"featured_media":18076,"template":"","meta":{"_crdt_document":"","_uag_custom_page_level_css":"","_swt_meta_header_display":false,"_swt_meta_footer_display":false,"_swt_meta_site_title_display":false,"_swt_meta_sticky_header":false,"_swt_meta_transparent_header":false},"product_brand":[],"product_cat":[5119],"product_tag":[5124,5156,5123,5157,5155,5154],"class_list":{"0":"post-17616","1":"product","2":"type-product","3":"status-publish","4":"has-post-thumbnail","6":"product_cat-cartes-nba-duo","7":"product_tag-duo","8":"product_tag-houston","9":"product_tag-iconic","10":"product_tag-rockets","11":"product_tag-tmac","12":"product_tag-yao","13":"product_shipping_class-cartes","15":"first","16":"outofstock","17":"shipping-taxable","18":"purchasable","19":"product-type-simple"},"uagb_featured_image_src":{"full":["https:\/\/www.iamslip.com\/wp-content\/uploads\/2025\/03\/mockup_carte_slab7.jpg",736,924,false],"thumbnail":["https:\/\/www.iamslip.com\/wp-content\/uploads\/2025\/03\/mockup_carte_slab7-150x150.jpg",150,150,true],"medium":["https:\/\/www.iamslip.com\/wp-content\/uploads\/2025\/03\/mockup_carte_slab7-239x300.jpg",239,300,true],"medium_large":["https:\/\/www.iamslip.com\/wp-content\/uploads\/2025\/03\/mockup_carte_slab7.jpg",736,924,false],"large":["https:\/\/www.iamslip.com\/wp-content\/uploads\/2025\/03\/mockup_carte_slab7.jpg",736,924,false],"1536x1536":["https:\/\/www.iamslip.com\/wp-content\/uploads\/2025\/03\/mockup_carte_slab7.jpg",736,924,false],"2048x2048":["https:\/\/www.iamslip.com\/wp-content\/uploads\/2025\/03\/mockup_carte_slab7.jpg",736,924,false],"woocommerce_thumbnail":["https:\/\/www.iamslip.com\/wp-content\/uploads\/2025\/03\/mockup_carte_slab7-300x300.jpg",300,300,true],"woocommerce_single":["https:\/\/www.iamslip.com\/wp-content\/uploads\/2025\/03\/mockup_carte_slab7-600x753.jpg",600,753,true],"woocommerce_gallery_thumbnail":["https:\/\/www.iamslip.com\/wp-content\/uploads\/2025\/03\/mockup_carte_slab7-100x100.jpg",100,100,true]},"uagb_author_info":{"display_name":"slip","author_link":"https:\/\/www.iamslip.com\/?author=0"},"uagb_comment_info":0,"uagb_excerpt":"Revivez l\u2019\u00e2ge d\u2019or des Houston Rockets avec cette carte Iconic Duo, mettant en lumi\u00e8re Yao Ming &amp; Tracy McGrady. Ce duo l\u00e9gendaire a marqu\u00e9 la NBA par son talent, son \u00e9l\u00e9gance et son impact sur le jeu, formant l\u2019un des duos les plus m\u00e9morables des ann\u00e9es 2000. \ud83d\udd25 Un must-have pour les fans des Rockets\u2026","_links":{"self":[{"href":"https:\/\/www.iamslip.com\/index.php?rest_route=\/wp\/v2\/product\/17616","targetHints":{"allow":["GET"]}}],"collection":[{"href":"https:\/\/www.iamslip.com\/index.php?rest_route=\/wp\/v2\/product"}],"about":[{"href":"https:\/\/www.iamslip.com\/index.php?rest_route=\/wp\/v2\/types\/product"}],"wp:featuredmedia":[{"embeddable":true,"href":"https:\/\/www.iamslip.com\/index.php?rest_route=\/wp\/v2\/media\/18076"}],"wp:attachment":[{"href":"https:\/\/www.iamslip.com\/index.php?rest_route=%2Fwp%2Fv2%2Fmedia&parent=17616"}],"wp:term":[{"taxonomy":"product_brand","embeddable":true,"href":"https:\/\/www.iamslip.com\/index.php?rest_route=%2Fwp%2Fv2%2Fproduct_brand&post=17616"},{"taxonomy":"product_cat","embeddable":true,"href":"https:\/\/www.iamslip.com\/index.php?rest_route=%2Fwp%2Fv2%2Fproduct_cat&post=17616"},{"taxonomy":"product_tag","embeddable":true,"href":"https:\/\/www.iamslip.com\/index.php?rest_route=%2Fwp%2Fv2%2Fproduct_tag&post=17616"}],"curies":[{"name":"wp","href":"https:\/\/api.w.org\/{rel}","templated":true}]}}