{"id":17613,"date":"2025-03-11T16:56:09","date_gmt":"2025-03-11T15:56:09","guid":{"rendered":"https:\/\/www.iamslip.com\/?post_type=product&#038;p=17613"},"modified":"2025-10-27T14:45:20","modified_gmt":"2025-10-27T13:45:20","slug":"iconic-duo-isiah-thomas-bill-laimbeer","status":"publish","type":"product","link":"https:\/\/www.iamslip.com\/?product=iconic-duo-isiah-thomas-bill-laimbeer","title":{"rendered":"Isiah Thomas &#038; Bill Laimbeer"},"content":{"rendered":"<p data-start=\"197\" data-end=\"505\">Plongez dans l\u2019\u00e8re des <strong data-start=\"220\" data-end=\"232\">Bad Boys<\/strong> avec cette carte <strong data-start=\"250\" data-end=\"264\">Iconic Duo<\/strong>, mettant en avant <strong data-start=\"283\" data-end=\"315\">Isiah Thomas &amp; Bill Laimbeer<\/strong>, le duo l\u00e9gendaire des <strong data-start=\"339\" data-end=\"358\">Detroit Pistons<\/strong>. Meneur ultra-talentueux et pivot intraitable, ils ont incarn\u00e9 la domination et la duret\u00e9 des Pistons en menant l\u2019\u00e9quipe \u00e0 plusieurs sacres NBA.<\/p>\n<p data-start=\"507\" data-end=\"600\" data-is-last-node=\"\" data-is-only-node=\"\">\ud83c\udfc0 <strong data-start=\"510\" data-end=\"600\" data-is-last-node=\"\">Un incontournable pour les fans de la NBA vintage et les collectionneurs de l\u00e9gendes !<\/strong><\/p>\n","protected":false},"excerpt":{"rendered":"<p>Plongez dans l\u2019\u00e8re des Bad Boys avec cette carte Iconic Duo, mettant en avant Isiah Thomas &amp; Bill Laimbeer, le duo l\u00e9gendaire des Detroit Pistons. Meneur ultra-talentueux et pivot intraitable, ils ont incarn\u00e9 la domination et la duret\u00e9 des Pistons en menant l\u2019\u00e9quipe \u00e0 plusieurs sacres NBA. \ud83c\udfc0 Un incontournable pour les fans de la [&hellip;]<\/p>\n","protected":false},"featured_media":18077,"template":"","meta":{"_crdt_document":"","_uag_custom_page_level_css":"","_swt_meta_header_display":false,"_swt_meta_footer_display":false,"_swt_meta_site_title_display":false,"_swt_meta_sticky_header":false,"_swt_meta_transparent_header":false},"product_brand":[],"product_cat":[5119],"product_tag":[5163,5160,5164,5162,5124,5123,5159,5161,5158],"class_list":{"0":"post-17613","1":"product","2":"type-product","3":"status-publish","4":"has-post-thumbnail","6":"product_cat-cartes-nba-duo","7":"product_tag-80s","8":"product_tag-badboys","9":"product_tag-champion","10":"product_tag-detroit","11":"product_tag-duo","12":"product_tag-iconic","13":"product_tag-laimbeer","14":"product_tag-pistons","15":"product_tag-zeke","16":"product_shipping_class-cartes","18":"first","19":"instock","20":"shipping-taxable","21":"purchasable","22":"product-type-simple"},"uagb_featured_image_src":{"full":["https:\/\/www.iamslip.com\/wp-content\/uploads\/2025\/03\/mockup_carte_slab8.jpg",736,924,false],"thumbnail":["https:\/\/www.iamslip.com\/wp-content\/uploads\/2025\/03\/mockup_carte_slab8-150x150.jpg",150,150,true],"medium":["https:\/\/www.iamslip.com\/wp-content\/uploads\/2025\/03\/mockup_carte_slab8-239x300.jpg",239,300,true],"medium_large":["https:\/\/www.iamslip.com\/wp-content\/uploads\/2025\/03\/mockup_carte_slab8.jpg",736,924,false],"large":["https:\/\/www.iamslip.com\/wp-content\/uploads\/2025\/03\/mockup_carte_slab8.jpg",736,924,false],"1536x1536":["https:\/\/www.iamslip.com\/wp-content\/uploads\/2025\/03\/mockup_carte_slab8.jpg",736,924,false],"2048x2048":["https:\/\/www.iamslip.com\/wp-content\/uploads\/2025\/03\/mockup_carte_slab8.jpg",736,924,false],"woocommerce_thumbnail":["https:\/\/www.iamslip.com\/wp-content\/uploads\/2025\/03\/mockup_carte_slab8-300x300.jpg",300,300,true],"woocommerce_single":["https:\/\/www.iamslip.com\/wp-content\/uploads\/2025\/03\/mockup_carte_slab8-600x753.jpg",600,753,true],"woocommerce_gallery_thumbnail":["https:\/\/www.iamslip.com\/wp-content\/uploads\/2025\/03\/mockup_carte_slab8-100x100.jpg",100,100,true]},"uagb_author_info":{"display_name":"slip","author_link":"https:\/\/www.iamslip.com\/?author=0"},"uagb_comment_info":0,"uagb_excerpt":"Plongez dans l\u2019\u00e8re des Bad Boys avec cette carte Iconic Duo, mettant en avant Isiah Thomas &amp; Bill Laimbeer, le duo l\u00e9gendaire des Detroit Pistons. Meneur ultra-talentueux et pivot intraitable, ils ont incarn\u00e9 la domination et la duret\u00e9 des Pistons en menant l\u2019\u00e9quipe \u00e0 plusieurs sacres NBA. \ud83c\udfc0 Un incontournable pour les fans de la\u2026","_links":{"self":[{"href":"https:\/\/www.iamslip.com\/index.php?rest_route=\/wp\/v2\/product\/17613","targetHints":{"allow":["GET"]}}],"collection":[{"href":"https:\/\/www.iamslip.com\/index.php?rest_route=\/wp\/v2\/product"}],"about":[{"href":"https:\/\/www.iamslip.com\/index.php?rest_route=\/wp\/v2\/types\/product"}],"wp:featuredmedia":[{"embeddable":true,"href":"https:\/\/www.iamslip.com\/index.php?rest_route=\/wp\/v2\/media\/18077"}],"wp:attachment":[{"href":"https:\/\/www.iamslip.com\/index.php?rest_route=%2Fwp%2Fv2%2Fmedia&parent=17613"}],"wp:term":[{"taxonomy":"product_brand","embeddable":true,"href":"https:\/\/www.iamslip.com\/index.php?rest_route=%2Fwp%2Fv2%2Fproduct_brand&post=17613"},{"taxonomy":"product_cat","embeddable":true,"href":"https:\/\/www.iamslip.com\/index.php?rest_route=%2Fwp%2Fv2%2Fproduct_cat&post=17613"},{"taxonomy":"product_tag","embeddable":true,"href":"https:\/\/www.iamslip.com\/index.php?rest_route=%2Fwp%2Fv2%2Fproduct_tag&post=17613"}],"curies":[{"name":"wp","href":"https:\/\/api.w.org\/{rel}","templated":true}]}}