{"id":17552,"date":"2025-03-11T11:06:55","date_gmt":"2025-03-11T10:06:55","guid":{"rendered":"https:\/\/www.iamslip.com\/?post_type=product&#038;p=17552"},"modified":"2025-05-10T18:47:00","modified_gmt":"2025-05-10T16:47:00","slug":"voyage","status":"publish","type":"product","link":"https:\/\/www.iamslip.com\/?product=voyage","title":{"rendered":"Voyage"},"content":{"rendered":"<p data-start=\"104\" data-end=\"151\"><strong data-start=\"104\" data-end=\"151\">Voyage &#8211; S\u00e9rie <em data-start=\"129\" data-end=\"137\">Voyage<\/em><br \/>\n<\/strong><\/p>\n<p data-start=\"153\" data-end=\"476\">La s\u00e9rie <em data-start=\"162\" data-end=\"170\">Voyage<\/em> continue de vous emmener vers de nouveaux horizons ! \u2728 D\u00e9couvrez cette affiche unique et originale, disponible en \u00e9dition ultra-limit\u00e9e. Seulement 5 exemplaires num\u00e9rot\u00e9s et sign\u00e9s, pr\u00eats \u00e0 d\u00e9corer votre espace avec une touche de modernit\u00e9 et d&rsquo;aventure ! \ud83c\udf0d\ud83d\udef8<\/p>\n<p data-start=\"478\" data-end=\"502\"><strong data-start=\"478\" data-end=\"502\">D\u00e9tails du produit :<\/strong><\/p>\n<ul data-start=\"503\" data-end=\"928\">\n<li data-start=\"503\" data-end=\"535\"><strong data-start=\"505\" data-end=\"517\">Format :<\/strong> A3 (29,7 x 42 cm)<\/li>\n<li data-start=\"536\" data-end=\"609\"><strong data-start=\"538\" data-end=\"557\">S\u00e9rie limit\u00e9e :<\/strong> 5 exemplaires num\u00e9rot\u00e9s &amp; sign\u00e9s par l\u2019artiste SLip<\/li>\n<li data-start=\"610\" data-end=\"642\"><strong data-start=\"645\" data-end=\"661\">Impression :<\/strong> Papier d&rsquo;art de haute qualit\u00e9 pour des couleurs intenses et une texture sublime<\/li>\n<li data-start=\"742\" data-end=\"836\"><strong data-start=\"744\" data-end=\"760\">Id\u00e9al pour :<\/strong> Ajouter une dimension artistique et originale \u00e0 votre d\u00e9coration int\u00e9rieure<\/li>\n<li data-start=\"837\" data-end=\"928\"><strong data-start=\"839\" data-end=\"854\">Livraison :<\/strong> Pr\u00eat \u00e0 partir pour de nouvelles aventures ! Exp\u00e9dition rapide et soign\u00e9e.<\/li>\n<\/ul>\n<p data-start=\"930\" data-end=\"1088\">Chaque affiche de la s\u00e9rie <em data-start=\"957\" data-end=\"965\">Voyage<\/em> incarne l\u2019esprit de l\u2019aventure, un collage num\u00e9rique qui vous invite \u00e0 explorer de nouveaux mondes, r\u00e9els ou imaginaires.<\/p>\n<p data-start=\"1090\" data-end=\"1222\"><strong data-start=\"1090\" data-end=\"1125\">Ne manquez pas cette occasion :<\/strong> Cette \u00e9dition est <strong data-start=\"1144\" data-end=\"1160\">tr\u00e8s limit\u00e9e<\/strong> \u00e0 5 exemplaires seulement. Il est temps de partir en voyage !<\/p>\n","protected":false},"excerpt":{"rendered":"<p>Voyage &#8211; S\u00e9rie Voyage La s\u00e9rie Voyage continue de vous emmener vers de nouveaux horizons ! \u2728 D\u00e9couvrez cette affiche unique et originale, disponible en \u00e9dition ultra-limit\u00e9e. Seulement 5 exemplaires num\u00e9rot\u00e9s et sign\u00e9s, pr\u00eats \u00e0 d\u00e9corer votre espace avec une touche de modernit\u00e9 et d&rsquo;aventure ! \ud83c\udf0d\ud83d\udef8 D\u00e9tails du produit : Format : A3 (29,7 [&hellip;]<\/p>\n","protected":false},"featured_media":17553,"template":"","meta":{"_crdt_document":"","_uag_custom_page_level_css":"","_swt_meta_header_display":false,"_swt_meta_footer_display":false,"_swt_meta_site_title_display":false,"_swt_meta_sticky_header":false,"_swt_meta_transparent_header":false},"product_brand":[],"product_cat":[5135],"product_tag":[],"class_list":{"0":"post-17552","1":"product","2":"type-product","3":"status-publish","4":"has-post-thumbnail","6":"product_cat-prints-collage","7":"product_shipping_class-prints","9":"first","10":"instock","11":"purchasable","12":"product-type-simple"},"uagb_featured_image_src":{"full":["https:\/\/www.iamslip.com\/wp-content\/uploads\/2025\/03\/A3-01-Voyage.jpg",566,800,false],"thumbnail":["https:\/\/www.iamslip.com\/wp-content\/uploads\/2025\/03\/A3-01-Voyage-150x150.jpg",150,150,true],"medium":["https:\/\/www.iamslip.com\/wp-content\/uploads\/2025\/03\/A3-01-Voyage-212x300.jpg",212,300,true],"medium_large":["https:\/\/www.iamslip.com\/wp-content\/uploads\/2025\/03\/A3-01-Voyage.jpg",566,800,false],"large":["https:\/\/www.iamslip.com\/wp-content\/uploads\/2025\/03\/A3-01-Voyage.jpg",566,800,false],"1536x1536":["https:\/\/www.iamslip.com\/wp-content\/uploads\/2025\/03\/A3-01-Voyage.jpg",566,800,false],"2048x2048":["https:\/\/www.iamslip.com\/wp-content\/uploads\/2025\/03\/A3-01-Voyage.jpg",566,800,false],"woocommerce_thumbnail":["https:\/\/www.iamslip.com\/wp-content\/uploads\/2025\/03\/A3-01-Voyage-300x300.jpg",300,300,true],"woocommerce_single":["https:\/\/www.iamslip.com\/wp-content\/uploads\/2025\/03\/A3-01-Voyage.jpg",566,800,false],"woocommerce_gallery_thumbnail":["https:\/\/www.iamslip.com\/wp-content\/uploads\/2025\/03\/A3-01-Voyage-100x100.jpg",100,100,true]},"uagb_author_info":{"display_name":"slip","author_link":"https:\/\/www.iamslip.com\/?author=0"},"uagb_comment_info":0,"uagb_excerpt":"Voyage &#8211; S\u00e9rie Voyage La s\u00e9rie Voyage continue de vous emmener vers de nouveaux horizons ! \u2728 D\u00e9couvrez cette affiche unique et originale, disponible en \u00e9dition ultra-limit\u00e9e. Seulement 5 exemplaires num\u00e9rot\u00e9s et sign\u00e9s, pr\u00eats \u00e0 d\u00e9corer votre espace avec une touche de modernit\u00e9 et d&rsquo;aventure ! \ud83c\udf0d\ud83d\udef8 D\u00e9tails du produit : Format : A3 (29,7\u2026","_links":{"self":[{"href":"https:\/\/www.iamslip.com\/index.php?rest_route=\/wp\/v2\/product\/17552","targetHints":{"allow":["GET"]}}],"collection":[{"href":"https:\/\/www.iamslip.com\/index.php?rest_route=\/wp\/v2\/product"}],"about":[{"href":"https:\/\/www.iamslip.com\/index.php?rest_route=\/wp\/v2\/types\/product"}],"wp:featuredmedia":[{"embeddable":true,"href":"https:\/\/www.iamslip.com\/index.php?rest_route=\/wp\/v2\/media\/17553"}],"wp:attachment":[{"href":"https:\/\/www.iamslip.com\/index.php?rest_route=%2Fwp%2Fv2%2Fmedia&parent=17552"}],"wp:term":[{"taxonomy":"product_brand","embeddable":true,"href":"https:\/\/www.iamslip.com\/index.php?rest_route=%2Fwp%2Fv2%2Fproduct_brand&post=17552"},{"taxonomy":"product_cat","embeddable":true,"href":"https:\/\/www.iamslip.com\/index.php?rest_route=%2Fwp%2Fv2%2Fproduct_cat&post=17552"},{"taxonomy":"product_tag","embeddable":true,"href":"https:\/\/www.iamslip.com\/index.php?rest_route=%2Fwp%2Fv2%2Fproduct_tag&post=17552"}],"curies":[{"name":"wp","href":"https:\/\/api.w.org\/{rel}","templated":true}]}}