{"id":17549,"date":"2025-03-11T10:52:30","date_gmt":"2025-03-11T09:52:30","guid":{"rendered":"https:\/\/www.iamslip.com\/?post_type=product&#038;p=17549"},"modified":"2025-05-10T18:46:56","modified_gmt":"2025-05-10T16:46:56","slug":"new-york","status":"publish","type":"product","link":"https:\/\/www.iamslip.com\/?product=new-york","title":{"rendered":"New York"},"content":{"rendered":"<p data-start=\"102\" data-end=\"149\"><strong data-start=\"102\" data-end=\"149\">New York &#8211; S\u00e9rie <em data-start=\"127\" data-end=\"135\">Voyage<\/em> (Format A3)<\/strong><\/p>\n<p data-start=\"151\" data-end=\"412\">Les A3 de la s\u00e9rie <em data-start=\"170\" data-end=\"178\">Voyage<\/em> continuent de faire leur grand voyage ! \u2728 Voici <em data-start=\"227\" data-end=\"237\">New York<\/em>, un print disponible en \u00e9dition ultra-limit\u00e9e. Seuls 5 exemplaires num\u00e9rot\u00e9s et sign\u00e9s, pr\u00eats \u00e0 s\u2019envoler vers de nouveaux horizons ! \ud83c\udf0d\ud83d\udef8<\/p>\n<p data-start=\"414\" data-end=\"438\"><strong data-start=\"414\" data-end=\"438\">D\u00e9tails du produit :<\/strong><\/p>\n<ul data-start=\"439\" data-end=\"847\">\n<li data-start=\"439\" data-end=\"471\"><strong data-start=\"441\" data-end=\"453\">Format :<\/strong> A3 (29,7 x 42 cm)<\/li>\n<li data-start=\"472\" data-end=\"545\"><strong data-start=\"474\" data-end=\"493\">S\u00e9rie limit\u00e9e :<\/strong> 5 exemplaires num\u00e9rot\u00e9s &amp; sign\u00e9s par l\u2019artiste SLip<\/li>\n<li data-start=\"579\" data-end=\"674\"><strong data-start=\"581\" data-end=\"597\">Impression :<\/strong> Papier d&rsquo;art premium, pour des couleurs \u00e9clatantes et une texture de qualit\u00e9<\/li>\n<li data-start=\"675\" data-end=\"764\"><strong data-start=\"677\" data-end=\"693\">Id\u00e9al pour :<\/strong> Apporter une touche urbaine et moderne \u00e0 votre espace de vie ou bureau<\/li>\n<li data-start=\"765\" data-end=\"847\"><strong data-start=\"767\" data-end=\"782\">Livraison :<\/strong> Pr\u00eat \u00e0 s&rsquo;envoler vers votre d\u00e9co ! Exp\u00e9dition rapide et soign\u00e9e.<\/li>\n<\/ul>\n<p data-start=\"849\" data-end=\"1018\">Chaque print <em data-start=\"862\" data-end=\"872\">New York<\/em> fait partie de la collection <em data-start=\"902\" data-end=\"910\">Voyage<\/em>, une s\u00e9rie qui capte l&rsquo;essence de grandes villes, un v\u00e9ritable voyage visuel entre le r\u00e9el et l&rsquo;imaginaire.<\/p>\n<p data-start=\"1020\" data-end=\"1162\"><strong data-start=\"1020\" data-end=\"1035\">Attention :<\/strong> Cette \u00e9dition est <strong data-start=\"1054\" data-end=\"1070\">tr\u00e8s limit\u00e9e<\/strong> et ne compte que 5 exemplaires, alors n&rsquo;attendez pas pour faire le voyage avec <em data-start=\"1150\" data-end=\"1160\">New York<\/em> !<\/p>\n","protected":false},"excerpt":{"rendered":"<p>New York &#8211; S\u00e9rie Voyage (Format A3) Les A3 de la s\u00e9rie Voyage continuent de faire leur grand voyage ! \u2728 Voici New York, un print disponible en \u00e9dition ultra-limit\u00e9e. Seuls 5 exemplaires num\u00e9rot\u00e9s et sign\u00e9s, pr\u00eats \u00e0 s\u2019envoler vers de nouveaux horizons ! \ud83c\udf0d\ud83d\udef8 D\u00e9tails du produit : Format : A3 (29,7 x 42 [&hellip;]<\/p>\n","protected":false},"featured_media":17550,"template":"","meta":{"_crdt_document":"","_uag_custom_page_level_css":"","_swt_meta_header_display":false,"_swt_meta_footer_display":false,"_swt_meta_site_title_display":false,"_swt_meta_sticky_header":false,"_swt_meta_transparent_header":false},"product_brand":[],"product_cat":[5135],"product_tag":[],"class_list":{"0":"post-17549","1":"product","2":"type-product","3":"status-publish","4":"has-post-thumbnail","6":"product_cat-prints-collage","7":"product_shipping_class-prints","9":"first","10":"instock","11":"purchasable","12":"product-type-simple"},"uagb_featured_image_src":{"full":["https:\/\/www.iamslip.com\/wp-content\/uploads\/2025\/03\/A3-06-NewYork.jpg",566,800,false],"thumbnail":["https:\/\/www.iamslip.com\/wp-content\/uploads\/2025\/03\/A3-06-NewYork-150x150.jpg",150,150,true],"medium":["https:\/\/www.iamslip.com\/wp-content\/uploads\/2025\/03\/A3-06-NewYork-212x300.jpg",212,300,true],"medium_large":["https:\/\/www.iamslip.com\/wp-content\/uploads\/2025\/03\/A3-06-NewYork.jpg",566,800,false],"large":["https:\/\/www.iamslip.com\/wp-content\/uploads\/2025\/03\/A3-06-NewYork.jpg",566,800,false],"1536x1536":["https:\/\/www.iamslip.com\/wp-content\/uploads\/2025\/03\/A3-06-NewYork.jpg",566,800,false],"2048x2048":["https:\/\/www.iamslip.com\/wp-content\/uploads\/2025\/03\/A3-06-NewYork.jpg",566,800,false],"woocommerce_thumbnail":["https:\/\/www.iamslip.com\/wp-content\/uploads\/2025\/03\/A3-06-NewYork-300x300.jpg",300,300,true],"woocommerce_single":["https:\/\/www.iamslip.com\/wp-content\/uploads\/2025\/03\/A3-06-NewYork.jpg",566,800,false],"woocommerce_gallery_thumbnail":["https:\/\/www.iamslip.com\/wp-content\/uploads\/2025\/03\/A3-06-NewYork-100x100.jpg",100,100,true]},"uagb_author_info":{"display_name":"slip","author_link":"https:\/\/www.iamslip.com\/?author=0"},"uagb_comment_info":0,"uagb_excerpt":"New York &#8211; S\u00e9rie Voyage (Format A3) Les A3 de la s\u00e9rie Voyage continuent de faire leur grand voyage ! \u2728 Voici New York, un print disponible en \u00e9dition ultra-limit\u00e9e. Seuls 5 exemplaires num\u00e9rot\u00e9s et sign\u00e9s, pr\u00eats \u00e0 s\u2019envoler vers de nouveaux horizons ! \ud83c\udf0d\ud83d\udef8 D\u00e9tails du produit : Format : A3 (29,7 x 42\u2026","_links":{"self":[{"href":"https:\/\/www.iamslip.com\/index.php?rest_route=\/wp\/v2\/product\/17549","targetHints":{"allow":["GET"]}}],"collection":[{"href":"https:\/\/www.iamslip.com\/index.php?rest_route=\/wp\/v2\/product"}],"about":[{"href":"https:\/\/www.iamslip.com\/index.php?rest_route=\/wp\/v2\/types\/product"}],"wp:featuredmedia":[{"embeddable":true,"href":"https:\/\/www.iamslip.com\/index.php?rest_route=\/wp\/v2\/media\/17550"}],"wp:attachment":[{"href":"https:\/\/www.iamslip.com\/index.php?rest_route=%2Fwp%2Fv2%2Fmedia&parent=17549"}],"wp:term":[{"taxonomy":"product_brand","embeddable":true,"href":"https:\/\/www.iamslip.com\/index.php?rest_route=%2Fwp%2Fv2%2Fproduct_brand&post=17549"},{"taxonomy":"product_cat","embeddable":true,"href":"https:\/\/www.iamslip.com\/index.php?rest_route=%2Fwp%2Fv2%2Fproduct_cat&post=17549"},{"taxonomy":"product_tag","embeddable":true,"href":"https:\/\/www.iamslip.com\/index.php?rest_route=%2Fwp%2Fv2%2Fproduct_tag&post=17549"}],"curies":[{"name":"wp","href":"https:\/\/api.w.org\/{rel}","templated":true}]}}