{"id":17547,"date":"2025-03-11T10:51:39","date_gmt":"2025-03-11T09:51:39","guid":{"rendered":"https:\/\/www.iamslip.com\/?post_type=product&#038;p=17547"},"modified":"2025-05-10T18:46:49","modified_gmt":"2025-05-10T16:46:49","slug":"berlin","status":"publish","type":"product","link":"https:\/\/www.iamslip.com\/?product=berlin","title":{"rendered":"Berlin"},"content":{"rendered":"<p data-start=\"100\" data-end=\"145\"><strong data-start=\"100\" data-end=\"145\">Berlin &#8211; S\u00e9rie <em data-start=\"123\" data-end=\"131\">Voyage<\/em><br \/>\n<\/strong><\/p>\n<p data-start=\"147\" data-end=\"410\">Les A3 de la s\u00e9rie <em data-start=\"166\" data-end=\"174\">Voyage<\/em> sont enfin l\u00e0 ! \u2728 D\u00e9couvrez <em data-start=\"203\" data-end=\"211\">Berlin<\/em>, un print digital exclusif de l\u2019artiste SLip, maintenant disponible en \u00e9dition ultra-limit\u00e9e. Seuls 5 exemplaires num\u00e9rot\u00e9s et sign\u00e9s, pr\u00eats \u00e0 embarquer pour de nouvelles aventures artistiques. \ud83c\udf0d\ud83d\udef8<\/p>\n<p data-start=\"412\" data-end=\"436\"><strong data-start=\"412\" data-end=\"436\">D\u00e9tails du produit :<\/strong><\/p>\n<ul data-start=\"437\" data-end=\"861\">\n<li data-start=\"437\" data-end=\"469\"><strong data-start=\"439\" data-end=\"451\">Format :<\/strong> A3 (29,7 x 42 cm)<\/li>\n<li data-start=\"470\" data-end=\"543\"><strong data-start=\"472\" data-end=\"491\">S\u00e9rie limit\u00e9e :<\/strong> 5 exemplaires num\u00e9rot\u00e9s &amp; sign\u00e9s par l\u2019artiste SLip<\/li>\n<li data-start=\"544\" data-end=\"576\"><strong data-start=\"579\" data-end=\"595\">Impression :<\/strong> Papier d&rsquo;art haut de gamme, pour des couleurs vibrantes et une texture exceptionnelle<\/li>\n<li data-start=\"682\" data-end=\"770\"><strong data-start=\"684\" data-end=\"700\">Id\u00e9al pour :<\/strong> Ajouter une touche moderne et originale \u00e0 votre d\u00e9coration int\u00e9rieure<\/li>\n<li data-start=\"771\" data-end=\"861\"><strong data-start=\"773\" data-end=\"788\">Livraison :<\/strong> Pr\u00eat \u00e0 partir vers de nouvelles contr\u00e9es ! Exp\u00e9dition rapide et soign\u00e9e.<\/li>\n<\/ul>\n<p data-start=\"863\" data-end=\"1033\">Chaque print <em data-start=\"876\" data-end=\"884\">Berlin<\/em> fait partie de la collection <em data-start=\"914\" data-end=\"922\">Voyage<\/em>, une s\u00e9rie qui invite au voyage visuel, entre r\u00eave et r\u00e9alit\u00e9. Un petit bout d&rsquo;aventure \u00e0 accrocher chez soi !<\/p>\n<p data-start=\"1035\" data-end=\"1167\"><strong data-start=\"1035\" data-end=\"1070\">Ne manquez pas cette occasion :<\/strong> Ces prints sont en <strong data-start=\"1090\" data-end=\"1114\">\u00e9dition tr\u00e8s limit\u00e9e<\/strong>, alors n&rsquo;attendez pas pour embarquer avec <em data-start=\"1157\" data-end=\"1165\">Berlin<\/em> !<\/p>\n","protected":false},"excerpt":{"rendered":"<p>Berlin &#8211; S\u00e9rie Voyage Les A3 de la s\u00e9rie Voyage sont enfin l\u00e0 ! \u2728 D\u00e9couvrez Berlin, un print digital exclusif de l\u2019artiste SLip, maintenant disponible en \u00e9dition ultra-limit\u00e9e. Seuls 5 exemplaires num\u00e9rot\u00e9s et sign\u00e9s, pr\u00eats \u00e0 embarquer pour de nouvelles aventures artistiques. \ud83c\udf0d\ud83d\udef8 D\u00e9tails du produit : Format : A3 (29,7 x 42 cm) [&hellip;]<\/p>\n","protected":false},"featured_media":17548,"template":"","meta":{"_crdt_document":"","_uag_custom_page_level_css":"","_swt_meta_header_display":false,"_swt_meta_footer_display":false,"_swt_meta_site_title_display":false,"_swt_meta_sticky_header":false,"_swt_meta_transparent_header":false},"product_brand":[],"product_cat":[5135],"product_tag":[],"class_list":{"0":"post-17547","1":"product","2":"type-product","3":"status-publish","4":"has-post-thumbnail","6":"product_cat-prints-collage","7":"product_shipping_class-prints","9":"first","10":"instock","11":"purchasable","12":"product-type-simple"},"uagb_featured_image_src":{"full":["https:\/\/www.iamslip.com\/wp-content\/uploads\/2025\/03\/A3-07-Berlin.jpg",566,800,false],"thumbnail":["https:\/\/www.iamslip.com\/wp-content\/uploads\/2025\/03\/A3-07-Berlin-150x150.jpg",150,150,true],"medium":["https:\/\/www.iamslip.com\/wp-content\/uploads\/2025\/03\/A3-07-Berlin-212x300.jpg",212,300,true],"medium_large":["https:\/\/www.iamslip.com\/wp-content\/uploads\/2025\/03\/A3-07-Berlin.jpg",566,800,false],"large":["https:\/\/www.iamslip.com\/wp-content\/uploads\/2025\/03\/A3-07-Berlin.jpg",566,800,false],"1536x1536":["https:\/\/www.iamslip.com\/wp-content\/uploads\/2025\/03\/A3-07-Berlin.jpg",566,800,false],"2048x2048":["https:\/\/www.iamslip.com\/wp-content\/uploads\/2025\/03\/A3-07-Berlin.jpg",566,800,false],"woocommerce_thumbnail":["https:\/\/www.iamslip.com\/wp-content\/uploads\/2025\/03\/A3-07-Berlin-300x300.jpg",300,300,true],"woocommerce_single":["https:\/\/www.iamslip.com\/wp-content\/uploads\/2025\/03\/A3-07-Berlin.jpg",566,800,false],"woocommerce_gallery_thumbnail":["https:\/\/www.iamslip.com\/wp-content\/uploads\/2025\/03\/A3-07-Berlin-100x100.jpg",100,100,true]},"uagb_author_info":{"display_name":"slip","author_link":"https:\/\/www.iamslip.com\/?author=0"},"uagb_comment_info":0,"uagb_excerpt":"Berlin &#8211; S\u00e9rie Voyage Les A3 de la s\u00e9rie Voyage sont enfin l\u00e0 ! \u2728 D\u00e9couvrez Berlin, un print digital exclusif de l\u2019artiste SLip, maintenant disponible en \u00e9dition ultra-limit\u00e9e. Seuls 5 exemplaires num\u00e9rot\u00e9s et sign\u00e9s, pr\u00eats \u00e0 embarquer pour de nouvelles aventures artistiques. \ud83c\udf0d\ud83d\udef8 D\u00e9tails du produit : Format : A3 (29,7 x 42 cm)\u2026","_links":{"self":[{"href":"https:\/\/www.iamslip.com\/index.php?rest_route=\/wp\/v2\/product\/17547","targetHints":{"allow":["GET"]}}],"collection":[{"href":"https:\/\/www.iamslip.com\/index.php?rest_route=\/wp\/v2\/product"}],"about":[{"href":"https:\/\/www.iamslip.com\/index.php?rest_route=\/wp\/v2\/types\/product"}],"wp:featuredmedia":[{"embeddable":true,"href":"https:\/\/www.iamslip.com\/index.php?rest_route=\/wp\/v2\/media\/17548"}],"wp:attachment":[{"href":"https:\/\/www.iamslip.com\/index.php?rest_route=%2Fwp%2Fv2%2Fmedia&parent=17547"}],"wp:term":[{"taxonomy":"product_brand","embeddable":true,"href":"https:\/\/www.iamslip.com\/index.php?rest_route=%2Fwp%2Fv2%2Fproduct_brand&post=17547"},{"taxonomy":"product_cat","embeddable":true,"href":"https:\/\/www.iamslip.com\/index.php?rest_route=%2Fwp%2Fv2%2Fproduct_cat&post=17547"},{"taxonomy":"product_tag","embeddable":true,"href":"https:\/\/www.iamslip.com\/index.php?rest_route=%2Fwp%2Fv2%2Fproduct_tag&post=17547"}],"curies":[{"name":"wp","href":"https:\/\/api.w.org\/{rel}","templated":true}]}}