{"id":17540,"date":"2025-03-11T10:07:44","date_gmt":"2025-03-11T09:07:44","guid":{"rendered":"https:\/\/www.iamslip.com\/?post_type=product&#038;p=17540"},"modified":"2025-03-21T08:42:33","modified_gmt":"2025-03-21T07:42:33","slug":"les-decrocheurs-de-lune","status":"publish","type":"product","link":"https:\/\/www.iamslip.com\/?product=les-decrocheurs-de-lune","title":{"rendered":"Les D\u00e9crocheurs de Lune"},"content":{"rendered":"<p data-start=\"115\" data-end=\"182\"><strong data-start=\"115\" data-end=\"180\">Les D\u00e9crocheurs de Lune \u2013 Tirage Unique sur Dibond (50&#215;50 cm)<\/strong><\/p>\n<p data-start=\"220\" data-end=\"516\">Plongez dans l\u2019univers de <strong data-start=\"246\" data-end=\"254\">SLip<\/strong> avec <strong data-start=\"260\" data-end=\"289\">\u00ab\u00a0Les D\u00e9crocheurs de Lune\u00a0\u00bb<\/strong>, une \u0153uvre issue de la s\u00e9rie <strong data-start=\"319\" data-end=\"334\">Performance<\/strong>, sp\u00e9cialement r\u00e9alis\u00e9e pour une <strong data-start=\"367\" data-end=\"395\">exposition en entreprise<\/strong>. Ce tirage unique allie <strong data-start=\"420\" data-end=\"448\">cr\u00e9ativit\u00e9 et symbolisme<\/strong>, jouant sur l\u2019ambition et le r\u00eave \u00e0 travers un collage percutant.<\/p>\n<p data-start=\"518\" data-end=\"692\">\ud83d\udc40 <strong data-start=\"521\" data-end=\"544\">D\u00e9tails du tirage :<\/strong><br data-start=\"544\" data-end=\"547\" \/>\ud83d\udccc <strong data-start=\"550\" data-end=\"562\">Format :<\/strong> 50&#215;50 cm<br data-start=\"571\" data-end=\"574\" \/>\ud83d\udccc <strong data-start=\"577\" data-end=\"590\">Support :<\/strong> Impression directe sur <strong data-start=\"614\" data-end=\"624\" data-is-only-node=\"\">Dibond<\/strong>, garantissant un rendu \u00e9clatant et une durabilit\u00e9 exceptionnelle.<\/p>\n<p data-start=\"694\" data-end=\"766\" data-is-last-node=\"\" data-is-only-node=\"\">\ud83d\uded2 <strong data-start=\"697\" data-end=\"763\">Un seul exemplaire disponible\u2026 premier arriv\u00e9, premier servi !<\/strong> \ud83d\ude80<\/p>\n","protected":false},"excerpt":{"rendered":"<p>Les D\u00e9crocheurs de Lune \u2013 Tirage Unique sur Dibond (50&#215;50 cm) Plongez dans l\u2019univers de SLip avec \u00ab\u00a0Les D\u00e9crocheurs de Lune\u00a0\u00bb, une \u0153uvre issue de la s\u00e9rie Performance, sp\u00e9cialement r\u00e9alis\u00e9e pour une exposition en entreprise. Ce tirage unique allie cr\u00e9ativit\u00e9 et symbolisme, jouant sur l\u2019ambition et le r\u00eave \u00e0 travers un collage percutant. \ud83d\udc40 D\u00e9tails [&hellip;]<\/p>\n","protected":false},"featured_media":17545,"template":"","meta":{"_crdt_document":"","_uag_custom_page_level_css":"","_swt_meta_header_display":false,"_swt_meta_footer_display":false,"_swt_meta_site_title_display":false,"_swt_meta_sticky_header":false,"_swt_meta_transparent_header":false},"product_brand":[],"product_cat":[5134],"product_tag":[],"class_list":{"0":"post-17540","1":"product","2":"type-product","3":"status-publish","4":"has-post-thumbnail","6":"product_cat-tirages-dexpo","7":"product_shipping_class-tirages-expo","9":"first","10":"instock","11":"purchasable","12":"product-type-simple"},"uagb_featured_image_src":{"full":["https:\/\/www.iamslip.com\/wp-content\/uploads\/2025\/03\/decrocher_lune732563699636334013.jpg",1500,1500,false],"thumbnail":["https:\/\/www.iamslip.com\/wp-content\/uploads\/2025\/03\/decrocher_lune732563699636334013-150x150.jpg",150,150,true],"medium":["https:\/\/www.iamslip.com\/wp-content\/uploads\/2025\/03\/decrocher_lune732563699636334013-300x300.jpg",300,300,true],"medium_large":["https:\/\/www.iamslip.com\/wp-content\/uploads\/2025\/03\/decrocher_lune732563699636334013-768x768.jpg",768,768,true],"large":["https:\/\/www.iamslip.com\/wp-content\/uploads\/2025\/03\/decrocher_lune732563699636334013-1024x1024.jpg",1024,1024,true],"1536x1536":["https:\/\/www.iamslip.com\/wp-content\/uploads\/2025\/03\/decrocher_lune732563699636334013.jpg",1500,1500,false],"2048x2048":["https:\/\/www.iamslip.com\/wp-content\/uploads\/2025\/03\/decrocher_lune732563699636334013.jpg",1500,1500,false],"woocommerce_thumbnail":["https:\/\/www.iamslip.com\/wp-content\/uploads\/2025\/03\/decrocher_lune732563699636334013-300x300.jpg",300,300,true],"woocommerce_single":["https:\/\/www.iamslip.com\/wp-content\/uploads\/2025\/03\/decrocher_lune732563699636334013-600x600.jpg",600,600,true],"woocommerce_gallery_thumbnail":["https:\/\/www.iamslip.com\/wp-content\/uploads\/2025\/03\/decrocher_lune732563699636334013-100x100.jpg",100,100,true]},"uagb_author_info":{"display_name":"slip","author_link":"https:\/\/www.iamslip.com\/?author=0"},"uagb_comment_info":0,"uagb_excerpt":"Les D\u00e9crocheurs de Lune \u2013 Tirage Unique sur Dibond (50&#215;50 cm) Plongez dans l\u2019univers de SLip avec \u00ab\u00a0Les D\u00e9crocheurs de Lune\u00a0\u00bb, une \u0153uvre issue de la s\u00e9rie Performance, sp\u00e9cialement r\u00e9alis\u00e9e pour une exposition en entreprise. Ce tirage unique allie cr\u00e9ativit\u00e9 et symbolisme, jouant sur l\u2019ambition et le r\u00eave \u00e0 travers un collage percutant. \ud83d\udc40 D\u00e9tails\u2026","_links":{"self":[{"href":"https:\/\/www.iamslip.com\/index.php?rest_route=\/wp\/v2\/product\/17540","targetHints":{"allow":["GET"]}}],"collection":[{"href":"https:\/\/www.iamslip.com\/index.php?rest_route=\/wp\/v2\/product"}],"about":[{"href":"https:\/\/www.iamslip.com\/index.php?rest_route=\/wp\/v2\/types\/product"}],"wp:featuredmedia":[{"embeddable":true,"href":"https:\/\/www.iamslip.com\/index.php?rest_route=\/wp\/v2\/media\/17545"}],"wp:attachment":[{"href":"https:\/\/www.iamslip.com\/index.php?rest_route=%2Fwp%2Fv2%2Fmedia&parent=17540"}],"wp:term":[{"taxonomy":"product_brand","embeddable":true,"href":"https:\/\/www.iamslip.com\/index.php?rest_route=%2Fwp%2Fv2%2Fproduct_brand&post=17540"},{"taxonomy":"product_cat","embeddable":true,"href":"https:\/\/www.iamslip.com\/index.php?rest_route=%2Fwp%2Fv2%2Fproduct_cat&post=17540"},{"taxonomy":"product_tag","embeddable":true,"href":"https:\/\/www.iamslip.com\/index.php?rest_route=%2Fwp%2Fv2%2Fproduct_tag&post=17540"}],"curies":[{"name":"wp","href":"https:\/\/api.w.org\/{rel}","templated":true}]}}