{"id":17531,"date":"2025-03-11T09:25:31","date_gmt":"2025-03-11T08:25:31","guid":{"rendered":"https:\/\/www.iamslip.com\/?post_type=product&#038;p=17531"},"modified":"2025-03-21T08:42:33","modified_gmt":"2025-03-21T07:42:33","slug":"pousser-meme-dans-les-orties","status":"publish","type":"product","link":"https:\/\/www.iamslip.com\/?product=pousser-meme-dans-les-orties","title":{"rendered":"Pousser M\u00e9m\u00e9 dans les Orties"},"content":{"rendered":"<p data-start=\"120\" data-end=\"192\"><strong data-start=\"120\" data-end=\"190\">Pousser M\u00e9m\u00e9 dans les Orties \u2013 Tirage Unique sur Dibond (50&#215;50 cm)<\/strong><\/p>\n<h4 data-start=\"194\" data-end=\"229\"><strong data-start=\"199\" data-end=\"227\">\ud83d\udcd6 Description Produit :<\/strong><\/h4>\n<p data-start=\"230\" data-end=\"494\">Issu de la s\u00e9rie <strong data-start=\"247\" data-end=\"262\">Performance<\/strong>, cr\u00e9\u00e9e pour une <strong data-start=\"279\" data-end=\"307\">exposition en entreprise<\/strong>, ce tirage unique <strong data-start=\"326\" data-end=\"360\">\u00ab\u00a0Pousser M\u00e9m\u00e9 dans les Orties\u00a0\u00bb<\/strong> incarne toute l\u2019ironie et la force du collage selon <strong data-start=\"413\" data-end=\"421\">SLip<\/strong>. Un \u00e9quilibre subtil entre humour, d\u00e9tournement et puissance visuelle.<\/p>\n<p data-start=\"496\" data-end=\"678\">\ud83d\udc40 <strong data-start=\"499\" data-end=\"522\">D\u00e9tails du tirage :<\/strong><br data-start=\"522\" data-end=\"525\" \/>\ud83d\udccc <strong data-start=\"528\" data-end=\"540\">Format :<\/strong> 50&#215;50 cm<br data-start=\"549\" data-end=\"552\" \/>\ud83d\udccc <strong data-start=\"555\" data-end=\"568\">Support :<\/strong> Impression directe sur <strong data-start=\"592\" data-end=\"602\" data-is-only-node=\"\">Dibond<\/strong>, un mat\u00e9riau haut de gamme garantissant une finition \u00e9l\u00e9gante et durable.<\/p>\n<p data-start=\"680\" data-end=\"752\" data-is-last-node=\"\" data-is-only-node=\"\">\ud83d\uded2 <strong data-start=\"683\" data-end=\"749\">Un seul exemplaire disponible\u2026 premier arriv\u00e9, premier servi !<\/strong> \ud83d\ude80<\/p>\n","protected":false},"excerpt":{"rendered":"<p>Pousser M\u00e9m\u00e9 dans les Orties \u2013 Tirage Unique sur Dibond (50&#215;50 cm) \ud83d\udcd6 Description Produit : Issu de la s\u00e9rie Performance, cr\u00e9\u00e9e pour une exposition en entreprise, ce tirage unique \u00ab\u00a0Pousser M\u00e9m\u00e9 dans les Orties\u00a0\u00bb incarne toute l\u2019ironie et la force du collage selon SLip. Un \u00e9quilibre subtil entre humour, d\u00e9tournement et puissance visuelle. \ud83d\udc40 [&hellip;]<\/p>\n","protected":false},"featured_media":17535,"template":"","meta":{"_crdt_document":"","_uag_custom_page_level_css":"","_swt_meta_header_display":false,"_swt_meta_footer_display":false,"_swt_meta_site_title_display":false,"_swt_meta_sticky_header":false,"_swt_meta_transparent_header":false},"product_brand":[],"product_cat":[5134],"product_tag":[],"class_list":{"0":"post-17531","1":"product","2":"type-product","3":"status-publish","4":"has-post-thumbnail","6":"product_cat-tirages-dexpo","7":"product_shipping_class-tirages-expo","9":"first","10":"instock","11":"sale","12":"purchasable","13":"product-type-simple"},"uagb_featured_image_src":{"full":["https:\/\/www.iamslip.com\/wp-content\/uploads\/2025\/03\/pousser_meme_front.jpg",800,800,false],"thumbnail":["https:\/\/www.iamslip.com\/wp-content\/uploads\/2025\/03\/pousser_meme_front-150x150.jpg",150,150,true],"medium":["https:\/\/www.iamslip.com\/wp-content\/uploads\/2025\/03\/pousser_meme_front-300x300.jpg",300,300,true],"medium_large":["https:\/\/www.iamslip.com\/wp-content\/uploads\/2025\/03\/pousser_meme_front-768x768.jpg",768,768,true],"large":["https:\/\/www.iamslip.com\/wp-content\/uploads\/2025\/03\/pousser_meme_front.jpg",800,800,false],"1536x1536":["https:\/\/www.iamslip.com\/wp-content\/uploads\/2025\/03\/pousser_meme_front.jpg",800,800,false],"2048x2048":["https:\/\/www.iamslip.com\/wp-content\/uploads\/2025\/03\/pousser_meme_front.jpg",800,800,false],"woocommerce_thumbnail":["https:\/\/www.iamslip.com\/wp-content\/uploads\/2025\/03\/pousser_meme_front-300x300.jpg",300,300,true],"woocommerce_single":["https:\/\/www.iamslip.com\/wp-content\/uploads\/2025\/03\/pousser_meme_front-600x600.jpg",600,600,true],"woocommerce_gallery_thumbnail":["https:\/\/www.iamslip.com\/wp-content\/uploads\/2025\/03\/pousser_meme_front-100x100.jpg",100,100,true]},"uagb_author_info":{"display_name":"slip","author_link":"https:\/\/www.iamslip.com\/?author=0"},"uagb_comment_info":0,"uagb_excerpt":"Pousser M\u00e9m\u00e9 dans les Orties \u2013 Tirage Unique sur Dibond (50&#215;50 cm) \ud83d\udcd6 Description Produit : Issu de la s\u00e9rie Performance, cr\u00e9\u00e9e pour une exposition en entreprise, ce tirage unique \u00ab\u00a0Pousser M\u00e9m\u00e9 dans les Orties\u00a0\u00bb incarne toute l\u2019ironie et la force du collage selon SLip. Un \u00e9quilibre subtil entre humour, d\u00e9tournement et puissance visuelle. \ud83d\udc40\u2026","_links":{"self":[{"href":"https:\/\/www.iamslip.com\/index.php?rest_route=\/wp\/v2\/product\/17531","targetHints":{"allow":["GET"]}}],"collection":[{"href":"https:\/\/www.iamslip.com\/index.php?rest_route=\/wp\/v2\/product"}],"about":[{"href":"https:\/\/www.iamslip.com\/index.php?rest_route=\/wp\/v2\/types\/product"}],"wp:featuredmedia":[{"embeddable":true,"href":"https:\/\/www.iamslip.com\/index.php?rest_route=\/wp\/v2\/media\/17535"}],"wp:attachment":[{"href":"https:\/\/www.iamslip.com\/index.php?rest_route=%2Fwp%2Fv2%2Fmedia&parent=17531"}],"wp:term":[{"taxonomy":"product_brand","embeddable":true,"href":"https:\/\/www.iamslip.com\/index.php?rest_route=%2Fwp%2Fv2%2Fproduct_brand&post=17531"},{"taxonomy":"product_cat","embeddable":true,"href":"https:\/\/www.iamslip.com\/index.php?rest_route=%2Fwp%2Fv2%2Fproduct_cat&post=17531"},{"taxonomy":"product_tag","embeddable":true,"href":"https:\/\/www.iamslip.com\/index.php?rest_route=%2Fwp%2Fv2%2Fproduct_tag&post=17531"}],"curies":[{"name":"wp","href":"https:\/\/api.w.org\/{rel}","templated":true}]}}